{"id":649,"date":"2016-02-19T13:17:41","date_gmt":"2016-02-19T13:17:41","guid":{"rendered":"http:\/\/discussion.mikado-themes.com\/?page_id=649"},"modified":"2016-02-19T13:17:41","modified_gmt":"2016-02-19T13:17:41","slug":"main-home","status":"publish","type":"page","link":"https:\/\/radiobanda1.com.br\/portal\/?page_id=649","title":{"rendered":"Main Home"},"content":{"rendered":"<p>[vc_row content_width=&#8221;grid&#8221; css=&#8221;.vc_custom_1457624064270{padding-top: 17px !important;padding-bottom: 40px !important;}&#8221;][vc_column]<div class=\"mkd-bnl-holder mkd-pb-seven-holder  \"  data-base=\"mkd_block_seven\"      data-post_in=\"375, 386, 73\"  data-sort=\"featured_first\"         data-display_pagination=\"no\"   data-number_of_posts=\"3\"   data-paged=\"1\" ><div class=\"mkd-bnl-outer\"><div class=\"mkd-pb-seven-message\"><p>No posts were found.<\/p><\/div><\/div><\/div>[\/vc_column][\/vc_row][vc_row content_width=&#8221;grid&#8221;][vc_column]<div class=\"mkd-bnl-holder mkd-pl-six-holder  mkd-post-columns-4 mkd-post-pag-np-horizontal\"  data-base=\"mkd_post_layout_six\"  data-number_of_posts=\"4\" data-column_number=\"4\"     data-post_in=\"247, 614, 471, 283, 167, 170, 161, 178, 61, 89, 78, 76\"   data-title=\"Lifestyle\" data-pattern_style=\"light\" data-thumb_image_size=\"custom_size\" data-thumb_image_width=\"374\" data-thumb_image_height=\"197\" data-title_tag=\"h4\"          data-display_pagination=\"yes\" data-pagination_type=\"np-horizontal\"   data-paged=\"1\"   data-next_page=\"2\"><div class=\"mkd-layout-title-holder\"><span class=\"mkd-section-title-holder clearfix mkd-pattern-light\">\n            <span class=\"mkd-st-title\">\n        Lifestyle        <\/span>\n    <\/span><\/div><div class=\"mkd-bnl-outer\"><div class=\"mkd-bnl-inner\"><div class=\"mkd-pl-six-message\"><p>No posts were found.<\/p><\/div><\/div><\/div><\/div>[\/vc_column][\/vc_row][vc_row content_width=&#8221;grid&#8221;][vc_column offset=&#8221;vc_col-lg-9 vc_col-md-12&#8243;][vc_empty_space height=&#8221;20px&#8221;]<div class=\"mkd-tabs clearfix mkd-tabs-with-title\">\n    <div class=\"mkd-tabs-nav\">\n                    <div class=\"mkd-tabs-title-holder\">\n\t\t\t\t<span class=\"mkd-section-title-holder clearfix \">\n            <span class=\"mkd-st-title\">\n        Popular        <\/span>\n    <\/span>            <\/div>\n                <ul>\n                            <li>\n                    <a href=\"#tab-music\">Music<\/a>\n                <\/li>\n                            <li>\n                    <a href=\"#tab-health\">Health<\/a>\n                <\/li>\n                            <li>\n                    <a href=\"#tab-gaming\">Gaming<\/a>\n                <\/li>\n                            <li>\n                    <a href=\"#tab-fashion\">Fashion<\/a>\n                <\/li>\n                    <\/ul>\n    <\/div>\n    <div class=\"mkd-tab-container\" id=\"tab-music-829\">\n<div class=\"mkd-bnl-holder mkd-pb-one-holder  two_third_one_third\"  data-base=\"mkd_block_one\"  data-number_of_posts=\"6\" data-block_proportion=\"two_third_one_third\" data-category_id=\"4\"    data-post_in=\"237, 244, 247, 382, 229, 215\"  data-sort=\"featured_first\"   data-featured_thumb_image_size=\"custom_size\" data-featured_thumb_image_width=\"767\" data-featured_thumb_image_height=\"337\"          data-featured_display_excerpt=\"yes\" data-featured_excerpt_length=\"23\"  data-custom_thumb_image_width=\"117\" data-custom_thumb_image_height=\"84\"  data-title_length=\"25\"     data-display_pagination=\"no\"    data-paged=\"1\" ><div class=\"mkd-bnl-outer\"><div class=\"mkd-pb-one-message\"><p>No posts were found.<\/p><\/div><\/div><\/div><\/div><div class=\"mkd-tab-container\" id=\"tab-health-666\">\n<div class=\"mkd-bnl-holder mkd-pb-one-holder  two_third_one_third\"  data-base=\"mkd_block_one\"  data-number_of_posts=\"6\" data-block_proportion=\"two_third_one_third\"  data-category_slug=\"health, food\"     data-sort=\"featured_first\"   data-featured_thumb_image_size=\"custom_size\" data-featured_thumb_image_width=\"645\" data-featured_thumb_image_height=\"284\"          data-featured_display_excerpt=\"yes\" data-featured_excerpt_length=\"23\"  data-custom_thumb_image_width=\"117\" data-custom_thumb_image_height=\"84\"  data-title_length=\"25\"     data-display_pagination=\"no\"    data-paged=\"1\" ><div class=\"mkd-bnl-outer\"><div class=\"mkd-pb-one-message\"><p>No posts were found.<\/p><\/div><\/div><\/div><\/div><div class=\"mkd-tab-container\" id=\"tab-gaming-953\">\n<div class=\"mkd-bnl-holder mkd-pb-one-holder  two_third_one_third\"  data-base=\"mkd_block_one\"  data-number_of_posts=\"6\" data-block_proportion=\"two_third_one_third\" data-category_id=\"8\"      data-sort=\"featured_first\"   data-featured_thumb_image_size=\"custom_size\" data-featured_thumb_image_width=\"645\" data-featured_thumb_image_height=\"284\"          data-featured_display_excerpt=\"yes\" data-featured_excerpt_length=\"23\"  data-custom_thumb_image_width=\"117\" data-custom_thumb_image_height=\"84\"  data-title_length=\"25\"     data-display_pagination=\"no\"    data-paged=\"1\" data-max_pages=\"1\"><div class=\"mkd-bnl-outer\"><div class=\"mkd-bnl-inner\"><div class=\"mkd-post-block-part mkd-pb-one-featured\"><div class=\"mkd-pt-one-item mkd-post-item\">\n            <div class=\"mkd-pt-one-image-holder\">\n                        <div class=\"mkd-pt-one-image-inner-holder\">\n                <a itemprop=\"url\" class=\"mkd-pt-one-slide-link mkd-image-link\" href=\"https:\/\/radiobanda1.com.br\/portal\/?p=16713\" target=\"_self\">\n                <img src=\"https:\/\/radiobanda1.com.br\/portal\/wp-content\/uploads\/2025\/08\/00157-645x284.jpg\" alt=\"\" width=\"645\" height=\"284\" \/>                <\/a>\n            <\/div>\n        <\/div>\n        <div class=\"mkd-pt-one-content-holder-outer\">\n\t    <div class=\"mkd-pt-one-content-holder\">\n\t        <div class=\"mkd-pt-one-title-holder\">\n\t            <h3 class=\"mkd-pt-one-title\">\n\t            <a itemprop=\"url\" class=\"mkd-pt-link\" href=\"https:\/\/radiobanda1.com.br\/portal\/?p=16713\" target=\"_self\">Pre\u00e7o da cesta b\u00e1sica cai em 15 das 27 capitais em julho<\/a>\n\t        <\/h3>\n\t        <\/div>\n\t\t\t<div itemprop=\"dateCreated\" class=\"mkd-post-info-date entry-date updated\">\n\t\t\t<a itemprop=\"url\" href=\"https:\/\/radiobanda1.com.br\/portal\/?m=202508\">\n\t\t21 de agosto de 2025\t\t\t<\/a>\n\t\t<meta itemprop=\"interactionCount\" content=\"UserComments: 0\"\/>\n<\/div>\t        \t            <div class=\"mkd-pt-one-excerpt\">\n\t                <p class=\"mkd-post-excerpt\">O pre\u00e7o do conjunto dos alimentos b\u00e1sicos diminuiu, em julho, em 15 capitais e aumentou em 12, de acordo com a Pesquisa Nacional<\/p>\t            <\/div>\n\t        \t        \t    <\/div>\n\t\t\t\t\t<div class=\"mkd-pt-info-section clearfix\">\n\t\t\t\t<div class=\"mkd-pt-info-section-left\">\n\t\t\t\t\t<div class=\"mkd-post-info-comments-holder\"><a class=\"mkd-post-info-comments\" href=\"https:\/\/radiobanda1.com.br\/portal\/?p=16713#respond\" target=\"_self\">0 Comments<\/a><\/div><div class=\"mkd-post-info-count\"><span class=\"mkd-post-count-number\">296<\/span> <span class=\"mkd-post-count-text\">Views<\/span><\/div>\t\t\t\t<\/div>\n\t\t\t\t<div class=\"mkd-pt-info-section-right\">\n\t\t\t\t\t<a href=\"https:\/\/radiobanda1.com.br\/portal\/?p=16713\" target=\"_self\"  class=\"mkd-btn mkd-btn-medium mkd-btn-transparent mkd-btn-icon\"  >    <span class=\"mkd-btn-text\">Read More<\/span>    <i class=\"mkd-icon-ion-icon ion-log-in mkd-btn-icon-element\" ><\/i><\/a>\t\t\t\t<\/div>\n\t\t\t<\/div>\n\t\t\t<\/div>\n<\/div><\/div><div class=\"mkd-post-block-part mkd-pb-one-non-featured\"><div class=\"mkd-pt-seven-item mkd-post-item\">\n\t<div class=\"mkd-pt-seven-item-inner clearfix\">\n\t\t\t\t\t<div class=\"mkd-pt-seven-image-holder\" style=\"width: 117px\">\n\t\t\t\t<a itemprop=\"url\" class=\"mkd-pt-seven-link mkd-image-link\" href=\"https:\/\/radiobanda1.com.br\/portal\/?p=17373\" target=\"_self\">\n\t\t\t\t\t<img src=\"https:\/\/radiobanda1.com.br\/portal\/wp-content\/uploads\/2025\/11\/alunos-indep-117x84.jpeg\" alt=\"\" width=\"117\" height=\"84\" \/>\t\t\t\t<\/a>\n\t\t\t<\/div>\n\t\t\t\t<div class=\"mkd-pt-seven-content-holder\">\n\t\t\t<div class=\"mkd-pt-seven-title-holder\">\n\t\t\t\t<h6 class=\"mkd-pt-seven-title\">\n\t\t\t\t\t<a itemprop=\"url\" class=\"mkd-pt-link\" href=\"https:\/\/radiobanda1.com.br\/portal\/?p=17373\" target=\"_self\">Alunos Col\u00e9gio Estadual J...<\/a>\n\t\t\t\t<\/h6>\n\t\t\t<\/div>\n\t\t\t<div itemprop=\"dateCreated\" class=\"mkd-post-info-date entry-date updated\">\n\t\t\t<a itemprop=\"url\" href=\"https:\/\/radiobanda1.com.br\/portal\/?m=202511\">\n\t\t5 de novembro de 2025\t\t\t<\/a>\n\t\t<meta itemprop=\"interactionCount\" content=\"UserComments: 0\"\/>\n<\/div>\t\t\t\t\t<\/div>\n\t<\/div>\n<\/div><\/div><\/div><\/div><\/div><\/div><div class=\"mkd-tab-container\" id=\"tab-fashion-617\">\n<div class=\"mkd-bnl-holder mkd-pb-one-holder  two_third_one_third\"  data-base=\"mkd_block_one\"  data-number_of_posts=\"6\" data-block_proportion=\"two_third_one_third\" data-category_id=\"5\"      data-sort=\"featured_first\"   data-featured_thumb_image_size=\"custom_size\" data-featured_thumb_image_width=\"645\" data-featured_thumb_image_height=\"284\"          data-featured_display_excerpt=\"yes\" data-featured_excerpt_length=\"23\"  data-custom_thumb_image_width=\"117\" data-custom_thumb_image_height=\"84\"  data-title_length=\"25\"     data-display_pagination=\"no\"    data-paged=\"1\" data-max_pages=\"103\"><div class=\"mkd-bnl-outer\"><div class=\"mkd-bnl-inner\"><div class=\"mkd-post-block-part mkd-pb-one-featured\"><div class=\"mkd-pt-one-item mkd-post-item\">\n            <div class=\"mkd-pt-one-image-holder\">\n                        <div class=\"mkd-pt-one-image-inner-holder\">\n                <a itemprop=\"url\" class=\"mkd-pt-one-slide-link mkd-image-link\" href=\"https:\/\/radiobanda1.com.br\/portal\/?p=16952\" target=\"_self\">\n                <img src=\"https:\/\/radiobanda1.com.br\/portal\/wp-content\/uploads\/2025\/09\/0231-645x284.jpg\" alt=\"\" width=\"645\" height=\"284\" \/>                <\/a>\n            <\/div>\n        <\/div>\n        <div class=\"mkd-pt-one-content-holder-outer\">\n\t    <div class=\"mkd-pt-one-content-holder\">\n\t        <div class=\"mkd-pt-one-title-holder\">\n\t            <h3 class=\"mkd-pt-one-title\">\n\t            <a itemprop=\"url\" class=\"mkd-pt-link\" href=\"https:\/\/radiobanda1.com.br\/portal\/?p=16952\" target=\"_self\">\u00c1reas de instabilidade trazem chuva nesta segunda, que se espalha pelo Paran\u00e1 na ter\u00e7a<\/a>\n\t        <\/h3>\n\t        <\/div>\n\t\t\t<div itemprop=\"dateCreated\" class=\"mkd-post-info-date entry-date updated\">\n\t\t\t<a itemprop=\"url\" href=\"https:\/\/radiobanda1.com.br\/portal\/?m=202509\">\n\t\t15 de setembro de 2025\t\t\t<\/a>\n\t\t<meta itemprop=\"interactionCount\" content=\"UserComments: 0\"\/>\n<\/div>\t        \t            <div class=\"mkd-pt-one-excerpt\">\n\t                <p class=\"mkd-post-excerpt\">\u00c1reas de instabilidade trazem chuva ao Paran\u00e1 nesta segunda-feira (15). De acordo com o Simepar (Sistema de Tecnologia e Monitoramento Ambiental do Paran\u00e1),<\/p>\t            <\/div>\n\t        \t        \t    <\/div>\n\t\t\t\t\t<div class=\"mkd-pt-info-section clearfix\">\n\t\t\t\t<div class=\"mkd-pt-info-section-left\">\n\t\t\t\t\t<div class=\"mkd-post-info-comments-holder\"><a class=\"mkd-post-info-comments\" href=\"https:\/\/radiobanda1.com.br\/portal\/?p=16952#respond\" target=\"_self\">0 Comments<\/a><\/div><div class=\"mkd-post-info-count\"><span class=\"mkd-post-count-number\">263<\/span> <span class=\"mkd-post-count-text\">Views<\/span><\/div>\t\t\t\t<\/div>\n\t\t\t\t<div class=\"mkd-pt-info-section-right\">\n\t\t\t\t\t<a href=\"https:\/\/radiobanda1.com.br\/portal\/?p=16952\" target=\"_self\"  class=\"mkd-btn mkd-btn-medium mkd-btn-transparent mkd-btn-icon\"  >    <span class=\"mkd-btn-text\">Read More<\/span>    <i class=\"mkd-icon-ion-icon ion-log-in mkd-btn-icon-element\" ><\/i><\/a>\t\t\t\t<\/div>\n\t\t\t<\/div>\n\t\t\t<\/div>\n<\/div><\/div><div class=\"mkd-post-block-part mkd-pb-one-non-featured\"><div class=\"mkd-pt-seven-item mkd-post-item\">\n\t<div class=\"mkd-pt-seven-item-inner clearfix\">\n\t\t\t\t\t<div class=\"mkd-pt-seven-image-holder\" style=\"width: 117px\">\n\t\t\t\t<a itemprop=\"url\" class=\"mkd-pt-seven-link mkd-image-link\" href=\"https:\/\/radiobanda1.com.br\/portal\/?p=16956\" target=\"_self\">\n\t\t\t\t\t<img src=\"https:\/\/radiobanda1.com.br\/portal\/wp-content\/uploads\/2025\/09\/0232-117x84.jpg\" alt=\"\" width=\"117\" height=\"84\" \/>\t\t\t\t<\/a>\n\t\t\t<\/div>\n\t\t\t\t<div class=\"mkd-pt-seven-content-holder\">\n\t\t\t<div class=\"mkd-pt-seven-title-holder\">\n\t\t\t\t<h6 class=\"mkd-pt-seven-title\">\n\t\t\t\t\t<a itemprop=\"url\" class=\"mkd-pt-link\" href=\"https:\/\/radiobanda1.com.br\/portal\/?p=16956\" target=\"_self\">Mais de 80 mil empregador...<\/a>\n\t\t\t\t<\/h6>\n\t\t\t<\/div>\n\t\t\t<div itemprop=\"dateCreated\" class=\"mkd-post-info-date entry-date updated\">\n\t\t\t<a itemprop=\"url\" href=\"https:\/\/radiobanda1.com.br\/portal\/?m=202509\">\n\t\t16 de setembro de 2025\t\t\t<\/a>\n\t\t<meta itemprop=\"interactionCount\" content=\"UserComments: 0\"\/>\n<\/div>\t\t\t\t\t<\/div>\n\t<\/div>\n<\/div><div class=\"mkd-pt-seven-item mkd-post-item\">\n\t<div class=\"mkd-pt-seven-item-inner clearfix\">\n\t\t\t\t\t<div class=\"mkd-pt-seven-image-holder\" style=\"width: 117px\">\n\t\t\t\t<a itemprop=\"url\" class=\"mkd-pt-seven-link mkd-image-link\" href=\"https:\/\/radiobanda1.com.br\/portal\/?p=16959\" target=\"_self\">\n\t\t\t\t\t<img src=\"https:\/\/radiobanda1.com.br\/portal\/wp-content\/uploads\/2025\/09\/0233-117x84.jpg\" alt=\"\" width=\"117\" height=\"84\" \/>\t\t\t\t<\/a>\n\t\t\t<\/div>\n\t\t\t\t<div class=\"mkd-pt-seven-content-holder\">\n\t\t\t<div class=\"mkd-pt-seven-title-holder\">\n\t\t\t\t<h6 class=\"mkd-pt-seven-title\">\n\t\t\t\t\t<a itemprop=\"url\" class=\"mkd-pt-link\" href=\"https:\/\/radiobanda1.com.br\/portal\/?p=16959\" target=\"_self\">Dia Nacional do Caminhone...<\/a>\n\t\t\t\t<\/h6>\n\t\t\t<\/div>\n\t\t\t<div itemprop=\"dateCreated\" class=\"mkd-post-info-date entry-date updated\">\n\t\t\t<a itemprop=\"url\" href=\"https:\/\/radiobanda1.com.br\/portal\/?m=202509\">\n\t\t16 de setembro de 2025\t\t\t<\/a>\n\t\t<meta itemprop=\"interactionCount\" content=\"UserComments: 0\"\/>\n<\/div>\t\t\t\t\t<\/div>\n\t<\/div>\n<\/div><div class=\"mkd-pt-seven-item mkd-post-item\">\n\t<div class=\"mkd-pt-seven-item-inner clearfix\">\n\t\t\t\t\t<div class=\"mkd-pt-seven-image-holder\" style=\"width: 117px\">\n\t\t\t\t<a itemprop=\"url\" class=\"mkd-pt-seven-link mkd-image-link\" href=\"https:\/\/radiobanda1.com.br\/portal\/?p=16962\" target=\"_self\">\n\t\t\t\t\t<img src=\"https:\/\/radiobanda1.com.br\/portal\/wp-content\/uploads\/2025\/09\/0234-117x84.jpg\" alt=\"\" width=\"117\" height=\"84\" \/>\t\t\t\t<\/a>\n\t\t\t<\/div>\n\t\t\t\t<div class=\"mkd-pt-seven-content-holder\">\n\t\t\t<div class=\"mkd-pt-seven-title-holder\">\n\t\t\t\t<h6 class=\"mkd-pt-seven-title\">\n\t\t\t\t\t<a itemprop=\"url\" class=\"mkd-pt-link\" href=\"https:\/\/radiobanda1.com.br\/portal\/?p=16962\" target=\"_self\">Cart\u00e3o do SUS ser\u00e1 unific...<\/a>\n\t\t\t\t<\/h6>\n\t\t\t<\/div>\n\t\t\t<div itemprop=\"dateCreated\" class=\"mkd-post-info-date entry-date updated\">\n\t\t\t<a itemprop=\"url\" href=\"https:\/\/radiobanda1.com.br\/portal\/?m=202509\">\n\t\t16 de setembro de 2025\t\t\t<\/a>\n\t\t<meta itemprop=\"interactionCount\" content=\"UserComments: 0\"\/>\n<\/div>\t\t\t\t\t<\/div>\n\t<\/div>\n<\/div><div class=\"mkd-pt-seven-item mkd-post-item\">\n\t<div class=\"mkd-pt-seven-item-inner clearfix\">\n\t\t\t\t\t<div class=\"mkd-pt-seven-image-holder\" style=\"width: 117px\">\n\t\t\t\t<a itemprop=\"url\" class=\"mkd-pt-seven-link mkd-image-link\" href=\"https:\/\/radiobanda1.com.br\/portal\/?p=16965\" target=\"_self\">\n\t\t\t\t\t<img src=\"https:\/\/radiobanda1.com.br\/portal\/wp-content\/uploads\/2025\/09\/0235-117x84.jpg\" alt=\"\" width=\"117\" height=\"84\" \/>\t\t\t\t<\/a>\n\t\t\t<\/div>\n\t\t\t\t<div class=\"mkd-pt-seven-content-holder\">\n\t\t\t<div class=\"mkd-pt-seven-title-holder\">\n\t\t\t\t<h6 class=\"mkd-pt-seven-title\">\n\t\t\t\t\t<a itemprop=\"url\" class=\"mkd-pt-link\" href=\"https:\/\/radiobanda1.com.br\/portal\/?p=16965\" target=\"_self\">Desemprego recua para 5,6...<\/a>\n\t\t\t\t<\/h6>\n\t\t\t<\/div>\n\t\t\t<div itemprop=\"dateCreated\" class=\"mkd-post-info-date entry-date updated\">\n\t\t\t<a itemprop=\"url\" href=\"https:\/\/radiobanda1.com.br\/portal\/?m=202509\">\n\t\t16 de setembro de 2025\t\t\t<\/a>\n\t\t<meta itemprop=\"interactionCount\" content=\"UserComments: 0\"\/>\n<\/div>\t\t\t\t\t<\/div>\n\t<\/div>\n<\/div><div class=\"mkd-pt-seven-item mkd-post-item\">\n\t<div class=\"mkd-pt-seven-item-inner clearfix\">\n\t\t\t\t\t<div class=\"mkd-pt-seven-image-holder\" style=\"width: 117px\">\n\t\t\t\t<a itemprop=\"url\" class=\"mkd-pt-seven-link mkd-image-link\" href=\"https:\/\/radiobanda1.com.br\/portal\/?p=16969\" target=\"_self\">\n\t\t\t\t\t<img src=\"https:\/\/radiobanda1.com.br\/portal\/wp-content\/uploads\/2025\/09\/0236-117x84.jpg\" alt=\"\" width=\"117\" height=\"84\" \/>\t\t\t\t<\/a>\n\t\t\t<\/div>\n\t\t\t\t<div class=\"mkd-pt-seven-content-holder\">\n\t\t\t<div class=\"mkd-pt-seven-title-holder\">\n\t\t\t\t<h6 class=\"mkd-pt-seven-title\">\n\t\t\t\t\t<a itemprop=\"url\" class=\"mkd-pt-link\" href=\"https:\/\/radiobanda1.com.br\/portal\/?p=16969\" target=\"_self\">Governo notifica patr\u00f5es...<\/a>\n\t\t\t\t<\/h6>\n\t\t\t<\/div>\n\t\t\t<div itemprop=\"dateCreated\" class=\"mkd-post-info-date entry-date updated\">\n\t\t\t<a itemprop=\"url\" href=\"https:\/\/radiobanda1.com.br\/portal\/?m=202509\">\n\t\t17 de setembro de 2025\t\t\t<\/a>\n\t\t<meta itemprop=\"interactionCount\" content=\"UserComments: 0\"\/>\n<\/div>\t\t\t\t\t<\/div>\n\t<\/div>\n<\/div><\/div><\/div><\/div><\/div><\/div><\/div>[vc_empty_space height=&#8221;20px&#8221;]<div class=\"mkd-bnl-holder mkd-pl-six-holder  mkd-post-columns-3 mkd-post-pag-np-horizontal\"  data-base=\"mkd_post_layout_six\"  data-number_of_posts=\"6\" data-column_number=\"3\"     data-post_in=\"80, 82, 86, 479, 459, 441\"   data-title=\"Don&#039;t Miss\" data-pattern_style=\"light\" data-thumb_image_size=\"custom_size\" data-thumb_image_width=\"374\" data-thumb_image_height=\"228\" data-title_tag=\"h4\"          data-display_pagination=\"yes\" data-pagination_type=\"np-horizontal\"   data-paged=\"1\"   data-next_page=\"2\"><div class=\"mkd-layout-title-holder\"><span class=\"mkd-section-title-holder clearfix mkd-pattern-light\">\n            <span class=\"mkd-st-title\">\n        Don&#039;t Miss        <\/span>\n    <\/span><\/div><div class=\"mkd-bnl-outer\"><div class=\"mkd-bnl-inner\"><div class=\"mkd-pl-six-message\"><p>No posts were found.<\/p><\/div><\/div><\/div><\/div>[vc_empty_space height=&#8221;20px&#8221;]<div class=\"mkd-bnl-holder mkd-pl-eight-holder  mkd-post-columns-3\"  data-base=\"mkd_post_layout_eight\"  data-number_of_posts=\"3\" data-column_number=\"3\"     data-post_in=\"434, 247, 167\"   data-title=\"Featured News\" data-pattern_style=\"light\" data-thumb_image_size=\"custom_size\" data-thumb_image_width=\"374\" data-thumb_image_height=\"322\"     data-display_excerpt=\"yes\" data-excerpt_length=\"8\"  data-display_pagination=\"no\"    data-paged=\"1\" ><div class=\"mkd-layout-title-holder\"><span class=\"mkd-section-title-holder clearfix mkd-pattern-light\">\n            <span class=\"mkd-st-title\">\n        Featured News        <\/span>\n    <\/span><\/div><div class=\"mkd-bnl-outer\"><div class=\"mkd-bnl-inner\"><div class=\"mkd-pl-eight-message\"><p>No posts were found.<\/p><\/div><\/div><\/div><\/div>[vc_empty_space height=&#8221;20px&#8221;][vc_single_image image=&#8221;2987&#8243; img_size=&#8221;full&#8221; onclick=&#8221;custom_link&#8221; link=&#8221;#&#8221;][vc_empty_space height=&#8221;40px&#8221;]<div class=\"mkd-bnl-holder mkd-pl-two-holder  mkd-post-columns-1 mkd-post-pag-np-horizontal\"  data-base=\"mkd_post_layout_two\"  data-number_of_posts=\"3\" data-column_number=\"1\"     data-post_in=\"550, 533, 527, 525, 518, 495\"   data-title=\"Last Week Posts\" data-pattern_style=\"light\"  data-custom_thumb_image_height=\"223\"  data-title_length=\"31\"       data-display_excerpt=\"yes\" data-excerpt_length=\"25\" data-display_pagination=\"yes\" data-pagination_type=\"np-horizontal\"    data-paged=\"1\"   data-next_page=\"2\"><div class=\"mkd-layout-title-holder\"><span class=\"mkd-section-title-holder clearfix mkd-pattern-light\">\n            <span class=\"mkd-st-title\">\n        Last Week Posts        <\/span>\n    <\/span><\/div><div class=\"mkd-bnl-outer\"><div class=\"mkd-bnl-inner\"><div class=\"mkd-pl-two-message\"><p>No posts were found.<\/p><\/div><\/div><\/div><\/div>[vc_empty_space height=&#8221;40px&#8221;][\/vc_column][vc_column width=&#8221;2\/3&#8243; offset=&#8221;vc_col-lg-3 vc_col-md-8&#8243;][vc_empty_space height=&#8221;20px&#8221;][vc_widget_sidebar margin_bottom=&#8221;40&#8243; sidebar_id=&#8221;home-sidebar-top&#8221;][\/vc_column][\/vc_row][vc_row content_width=&#8221;grid&#8221; css=&#8221;.vc_custom_1457697153824{padding-top: 40px !important;padding-bottom: 25px !important;background-color: #191919 !important;}&#8221;][vc_column]<div class=\"mkd-bnl-holder mkd-pl-five-holder  mkd-post-columns-4\"  data-base=\"mkd_post_layout_five\"  data-number_of_posts=\"4\" data-column_number=\"4\"     data-post_in=\"353, 336, 434, 431\"   data-title=\"Recipes\" data-pattern_style=\"dark\" data-thumb_image_size=\"custom_size\" data-thumb_image_width=\"600\" data-thumb_image_height=\"517\" data-title_tag=\"h4\" data-title_length=\"33\"    data-display_comments=\"no\" data-display_share=\"no\" data-display_count=\"no\" data-display_excerpt=\"yes\" data-excerpt_length=\"9\" data-display_read_more=\"no\" data-display_pagination=\"no\"    data-paged=\"1\" ><div class=\"mkd-layout-title-holder\"><span class=\"mkd-section-title-holder clearfix mkd-pattern-dark\">\n            <span class=\"mkd-st-title\">\n        Recipes        <\/span>\n    <\/span><\/div><div class=\"mkd-bnl-outer\"><div class=\"mkd-bnl-inner\"><div class=\"mkd-pl-five-message\"><p>No posts were found.<\/p><\/div><\/div><\/div><\/div>[\/vc_column][\/vc_row][vc_row content_width=&#8221;grid&#8221;][vc_column][vc_single_image image=&#8221;2988&#8243; img_size=&#8221;full&#8221; onclick=&#8221;custom_link&#8221; link=&#8221;#&#8221; css=&#8221;.vc_custom_1457702800266{padding-top: 40px !important;padding-bottom: 40px !important;}&#8221;][\/vc_column][\/vc_row][vc_row content_width=&#8221;grid&#8221;][vc_column offset=&#8221;vc_col-lg-9 vc_col-md-12&#8243;]<div class=\"mkd-bnl-holder mkd-pl-one-holder  mkd-post-columns-1\"  data-base=\"mkd_post_layout_one\"  data-number_of_posts=\"1\" data-column_number=\"1\" data-category_id=\"7\"    data-post_in=\"471\"   data-title=\"Popular\" data-pattern_style=\"light\" data-thumb_image_size=\"full\"            data-display_excerpt=\"yes\" data-excerpt_length=\"50\"  data-display_pagination=\"no\"    data-paged=\"1\" ><div class=\"mkd-layout-title-holder\"><span class=\"mkd-section-title-holder clearfix mkd-pattern-light\">\n            <span class=\"mkd-st-title\">\n        Popular        <\/span>\n    <\/span><\/div><div class=\"mkd-bnl-outer\"><div class=\"mkd-bnl-inner\"><div class=\"mkd-pl-one-message\"><p>No posts were found.<\/p><\/div><\/div><\/div><\/div>[vc_empty_space height=&#8221;20px&#8221;]<div class=\"mkd-bnl-holder mkd-pl-six-holder  mkd-post-columns-3 mkd-post-pag-infinite\"  data-base=\"mkd_post_layout_six\"  data-number_of_posts=\"6\" data-column_number=\"3\"     data-post_in=\"600, 550, 631, 438, 471, 477, 487, 490, 493, 431, 427, 400\"   data-title=\"Extreme Sport\" data-pattern_style=\"light\" data-thumb_image_size=\"custom_size\" data-thumb_image_width=\"374\" data-thumb_image_height=\"228\" data-title_tag=\"h4\" data-title_length=\"27\"      data-display_excerpt=\"no\"   data-display_pagination=\"yes\" data-pagination_type=\"infinite\"   data-paged=\"1\"   data-next_page=\"2\"><div class=\"mkd-layout-title-holder\"><span class=\"mkd-section-title-holder clearfix mkd-pattern-light\">\n            <span class=\"mkd-st-title\">\n        Extreme Sport        <\/span>\n    <\/span><\/div><div class=\"mkd-bnl-outer\"><div class=\"mkd-bnl-inner\"><div class=\"mkd-pl-six-message\"><p>No posts were found.<\/p><\/div><\/div><\/div><\/div>[\/vc_column][vc_column width=&#8221;1\/2&#8243; offset=&#8221;vc_col-lg-3 vc_col-md-6&#8243;][vc_widget_sidebar sidebar_id=&#8221;home-sidebar-bottom&#8221;][\/vc_column][\/vc_row]<\/p>\n","protected":false},"excerpt":{"rendered":"<p>[vc_row content_width=&#8221;grid&#8221; css=&#8221;.vc_custom_1457624064270{padding-top: 17px !important;padding-bottom: 40px !important;}&#8221;][vc_column][\/vc_column][\/vc_row][vc_row content_width=&#8221;grid&#8221;][vc_column][\/vc_column][\/vc_row][vc_row content_width=&#8221;grid&#8221;][vc_column offset=&#8221;vc_col-lg-9 vc_col-md-12&#8243;][vc_empty_space height=&#8221;20px&#8221;][vc_empty_space height=&#8221;20px&#8221;][vc_empty_space height=&#8221;20px&#8221;][vc_empty_space height=&#8221;20px&#8221;][vc_single_image image=&#8221;2987&#8243; img_size=&#8221;full&#8221; onclick=&#8221;custom_link&#8221; link=&#8221;#&#8221;][vc_empty_space height=&#8221;40px&#8221;][vc_empty_space height=&#8221;40px&#8221;][\/vc_column][vc_column width=&#8221;2\/3&#8243; offset=&#8221;vc_col-lg-3 vc_col-md-8&#8243;][vc_empty_space height=&#8221;20px&#8221;][vc_widget_sidebar margin_bottom=&#8221;40&#8243; sidebar_id=&#8221;home-sidebar-top&#8221;][\/vc_column][\/vc_row][vc_row content_width=&#8221;grid&#8221; css=&#8221;.vc_custom_1457697153824{padding-top: 40px !important;padding-bottom: 25px !important;background-color: #191919 !important;}&#8221;][vc_column][\/vc_column][\/vc_row][vc_row content_width=&#8221;grid&#8221;][vc_column][vc_single_image image=&#8221;2988&#8243; img_size=&#8221;full&#8221; onclick=&#8221;custom_link&#8221; link=&#8221;#&#8221; css=&#8221;.vc_custom_1457702800266{padding-top: 40px !important;padding-bottom: 40px !important;}&#8221;][\/vc_column][\/vc_row][vc_row [&hellip;]<\/p>\n","protected":false},"author":1,"featured_media":0,"parent":0,"menu_order":0,"comment_status":"closed","ping_status":"closed","template":"full-width.php","meta":[],"_links":{"self":[{"href":"https:\/\/radiobanda1.com.br\/portal\/index.php?rest_route=\/wp\/v2\/pages\/649"}],"collection":[{"href":"https:\/\/radiobanda1.com.br\/portal\/index.php?rest_route=\/wp\/v2\/pages"}],"about":[{"href":"https:\/\/radiobanda1.com.br\/portal\/index.php?rest_route=\/wp\/v2\/types\/page"}],"author":[{"embeddable":true,"href":"https:\/\/radiobanda1.com.br\/portal\/index.php?rest_route=\/wp\/v2\/users\/1"}],"replies":[{"embeddable":true,"href":"https:\/\/radiobanda1.com.br\/portal\/index.php?rest_route=%2Fwp%2Fv2%2Fcomments&post=649"}],"version-history":[{"count":0,"href":"https:\/\/radiobanda1.com.br\/portal\/index.php?rest_route=\/wp\/v2\/pages\/649\/revisions"}],"wp:attachment":[{"href":"https:\/\/radiobanda1.com.br\/portal\/index.php?rest_route=%2Fwp%2Fv2%2Fmedia&parent=649"}],"curies":[{"name":"wp","href":"https:\/\/api.w.org\/{rel}","templated":true}]}}