{"id":2139,"date":"2016-03-08T09:30:57","date_gmt":"2016-03-08T09:30:57","guid":{"rendered":"http:\/\/discussion.mikado-themes.com\/?page_id=2139"},"modified":"2016-03-08T09:30:57","modified_gmt":"2016-03-08T09:30:57","slug":"masonry-block-slider","status":"publish","type":"page","link":"https:\/\/radiobanda1.com.br\/portal\/?page_id=2139","title":{"rendered":"Masonry Block"},"content":{"rendered":"<p>[vc_row content_width=&#8221;grid&#8221; css=&#8221;.vc_custom_1457342264597{padding-top: 8px !important;}&#8221;][vc_column]<div class=\"mkd-bnl-holder mkd-pb-five-holder  \"  data-base=\"mkd_block_five\"  data-category_id=\"6\"     data-post_not_in=\"356, 351\"        data-display_pagination=\"no\"   data-number_of_posts=\"4\"   data-paged=\"1\" data-max_pages=\"153\"><div class=\"mkd-bnl-outer\"><div class=\"mkd-bnl-inner\"><div class=\"mkd-post-block-part clearfix\"><div class=\"mkd-pt-five-item mkd-post-item mkd-post-number-1\" style=\"background-image: url(https:\/\/radiobanda1.com.br\/portal\/wp-content\/uploads\/2026\/04\/324.jpg)\">\n    <a itemprop=\"url\" class=\"mkd-post-item-link\" href=\"https:\/\/radiobanda1.com.br\/portal\/?p=18413\" target=\"_self\">\n    <\/a>\n\t<div class=\"mkd-pt-five-item-inner\">\n\t\t<div class=\"mkd-pt-five-top-content\">\n\t\t\t\t\t\t<div class=\"mkd-pt-five-content\">\n\t\t\t\t<div class=\"mkd-pt-five-content-inner\">\n\t\t\t\t\t<h3 class=\"mkd-pt-five-title\">\n\t\t\t\t\t\t<a itemprop=\"url\" class=\"mkd-pt-link\" href=\"https:\/\/radiobanda1.com.br\/portal\/?p=18413\" target=\"_self\">S\u00edndrome Respirat\u00f3ria Aguda Grave aumenta em beb\u00eas at\u00e9 2 anos<\/a>\n\t\t\t\t\t<\/h3>\n\t\t\t\t\t\t\t\t\t<\/div>\n\t\t\t\t\t\t\t\t\t<div class=\"mkd-pt-info-section clearfix\">\n\t\t\t\t\t\t<div>\n\t\t\t\t\t\t\t<div class=\"mkd-post-info-comments-holder\"><a class=\"mkd-post-info-comments\" href=\"https:\/\/radiobanda1.com.br\/portal\/?p=18413#respond\" target=\"_self\">0 Comments<\/a><\/div><div class=\"mkd-post-info-count\"><span class=\"mkd-post-count-number\">27<\/span> <span class=\"mkd-post-count-text\">Views<\/span><\/div>\t\t\t\t\t\t<\/div>\n\t\t\t\t\t<\/div>\n\t\t\t\t\t\t\t<\/div>\n\t\t<\/div>\n\t<\/div>\n<\/div><div class=\"mkd-pt-five-item mkd-post-item mkd-post-number-2\" style=\"background-image: url(https:\/\/radiobanda1.com.br\/portal\/wp-content\/uploads\/2026\/04\/323.jpg)\">\n    <a itemprop=\"url\" class=\"mkd-post-item-link\" href=\"https:\/\/radiobanda1.com.br\/portal\/?p=18410\" target=\"_self\">\n    <\/a>\n\t<div class=\"mkd-pt-five-item-inner\">\n\t\t<div class=\"mkd-pt-five-top-content\">\n\t\t\t\t\t\t<div class=\"mkd-pt-five-content\">\n\t\t\t\t<div class=\"mkd-pt-five-content-inner\">\n\t\t\t\t\t<h4 class=\"mkd-pt-five-title\">\n\t\t\t\t\t\t<a itemprop=\"url\" class=\"mkd-pt-link\" href=\"https:\/\/radiobanda1.com.br\/portal\/?p=18410\" target=\"_self\">Anvisa pro\u00edbe canetas emagrecedoras irregulares no Brasil<\/a>\n\t\t\t\t\t<\/h4>\n\t\t\t\t\t\t\t\t\t<\/div>\n\t\t\t\t\t\t\t\t\t<div class=\"mkd-pt-info-section clearfix\">\n\t\t\t\t\t\t<div>\n\t\t\t\t\t\t\t<div class=\"mkd-post-info-comments-holder\"><a class=\"mkd-post-info-comments\" href=\"https:\/\/radiobanda1.com.br\/portal\/?p=18410#respond\" target=\"_self\">0 Comments<\/a><\/div><div class=\"mkd-post-info-count\"><span class=\"mkd-post-count-number\">28<\/span> <span class=\"mkd-post-count-text\">Views<\/span><\/div>\t\t\t\t\t\t<\/div>\n\t\t\t\t\t<\/div>\n\t\t\t\t\t\t\t<\/div>\n\t\t<\/div>\n\t<\/div>\n<\/div><div class=\"mkd-pt-five-item mkd-post-item mkd-post-number-3\" style=\"background-image: url(https:\/\/radiobanda1.com.br\/portal\/wp-content\/uploads\/2026\/04\/322.jpg)\">\n    <a itemprop=\"url\" class=\"mkd-post-item-link\" href=\"https:\/\/radiobanda1.com.br\/portal\/?p=18407\" target=\"_self\">\n    <\/a>\n\t<div class=\"mkd-pt-five-item-inner\">\n\t\t<div class=\"mkd-pt-five-top-content\">\n\t\t\t\t\t\t<div class=\"mkd-pt-five-content\">\n\t\t\t\t<div class=\"mkd-pt-five-content-inner\">\n\t\t\t\t\t<h4 class=\"mkd-pt-five-title\">\n\t\t\t\t\t\t<a itemprop=\"url\" class=\"mkd-pt-link\" href=\"https:\/\/radiobanda1.com.br\/portal\/?p=18407\" target=\"_self\">Aposentados e pensionistas do INSS podem consultar antecipa\u00e7\u00e3o do 13\u00ba<\/a>\n\t\t\t\t\t<\/h4>\n\t\t\t\t\t\t\t\t\t<\/div>\n\t\t\t\t\t\t\t\t\t<div class=\"mkd-pt-info-section clearfix\">\n\t\t\t\t\t\t<div>\n\t\t\t\t\t\t\t<div class=\"mkd-post-info-comments-holder\"><a class=\"mkd-post-info-comments\" href=\"https:\/\/radiobanda1.com.br\/portal\/?p=18407#respond\" target=\"_self\">0 Comments<\/a><\/div><div class=\"mkd-post-info-count\"><span class=\"mkd-post-count-number\">24<\/span> <span class=\"mkd-post-count-text\">Views<\/span><\/div>\t\t\t\t\t\t<\/div>\n\t\t\t\t\t<\/div>\n\t\t\t\t\t\t\t<\/div>\n\t\t<\/div>\n\t<\/div>\n<\/div><div class=\"mkd-pt-five-item mkd-post-item mkd-post-number-4\" style=\"background-image: url(https:\/\/radiobanda1.com.br\/portal\/wp-content\/uploads\/2026\/04\/321.jpg)\">\n    <a itemprop=\"url\" class=\"mkd-post-item-link\" href=\"https:\/\/radiobanda1.com.br\/portal\/?p=18404\" target=\"_self\">\n    <\/a>\n\t<div class=\"mkd-pt-five-item-inner\">\n\t\t<div class=\"mkd-pt-five-top-content\">\n\t\t\t\t\t\t<div class=\"mkd-pt-five-content\">\n\t\t\t\t<div class=\"mkd-pt-five-content-inner\">\n\t\t\t\t\t<h4 class=\"mkd-pt-five-title\">\n\t\t\t\t\t\t<a itemprop=\"url\" class=\"mkd-pt-link\" href=\"https:\/\/radiobanda1.com.br\/portal\/?p=18404\" target=\"_self\">Governo prop\u00f5e sal\u00e1rio m\u00ednimo de R$ 1.717 em 2027<\/a>\n\t\t\t\t\t<\/h4>\n\t\t\t\t\t\t\t\t\t<\/div>\n\t\t\t\t\t\t\t\t\t<div class=\"mkd-pt-info-section clearfix\">\n\t\t\t\t\t\t<div>\n\t\t\t\t\t\t\t<div class=\"mkd-post-info-comments-holder\"><a class=\"mkd-post-info-comments\" href=\"https:\/\/radiobanda1.com.br\/portal\/?p=18404#respond\" target=\"_self\">0 Comments<\/a><\/div><div class=\"mkd-post-info-count\"><span class=\"mkd-post-count-number\">24<\/span> <span class=\"mkd-post-count-text\">Views<\/span><\/div>\t\t\t\t\t\t<\/div>\n\t\t\t\t\t<\/div>\n\t\t\t\t\t\t\t<\/div>\n\t\t<\/div>\n\t<\/div>\n<\/div><\/div><\/div><\/div><\/div>[\/vc_column][\/vc_row][vc_row content_width=&#8221;grid&#8221;][vc_column offset=&#8221;vc_col-lg-9 vc_col-md-12&#8243;][vc_empty_space height=&#8221;40px&#8221;]<div class=\"mkd-bnl-holder mkd-pl-six-holder  mkd-post-columns-2 mkd-post-pag-infinite\"  data-base=\"mkd_post_layout_six\"  data-number_of_posts=\"6\" data-column_number=\"2\"  data-category_slug=\"food, health\"      data-title=\"Latest News\" data-pattern_style=\"light\" data-thumb_image_size=\"custom_size\" data-thumb_image_width=\"478\" data-thumb_image_height=\"300\" data-title_tag=\"h4\" data-title_length=\"30\"    data-display_comments=\"yes\" data-display_share=\"yes\" data-display_excerpt=\"yes\" data-excerpt_length=\"15\"  data-display_pagination=\"yes\" data-pagination_type=\"infinite\"   data-paged=\"1\"   data-next_page=\"2\"><div class=\"mkd-layout-title-holder\"><span class=\"mkd-section-title-holder clearfix mkd-pattern-light\">\n            <span class=\"mkd-st-title\">\n        Latest News        <\/span>\n    <\/span><\/div><div class=\"mkd-bnl-outer\"><div class=\"mkd-bnl-inner\"><div class=\"mkd-pl-six-message\"><p>No posts were found.<\/p><\/div><\/div><\/div><\/div>[\/vc_column][vc_column width=&#8221;2\/3&#8243; offset=&#8221;vc_col-lg-3 vc_col-md-8&#8243;][vc_empty_space height=&#8221;40px&#8221;][vc_widget_sidebar sidebar_id=&#8221;pages-sidebar-short&#8221;][\/vc_column][\/vc_row]<\/p>\n","protected":false},"excerpt":{"rendered":"<p>[vc_row content_width=&#8221;grid&#8221; css=&#8221;.vc_custom_1457342264597{padding-top: 8px !important;}&#8221;][vc_column][\/vc_column][\/vc_row][vc_row content_width=&#8221;grid&#8221;][vc_column offset=&#8221;vc_col-lg-9 vc_col-md-12&#8243;][vc_empty_space height=&#8221;40px&#8221;][\/vc_column][vc_column width=&#8221;2\/3&#8243; offset=&#8221;vc_col-lg-3 vc_col-md-8&#8243;][vc_empty_space height=&#8221;40px&#8221;][vc_widget_sidebar sidebar_id=&#8221;pages-sidebar-short&#8221;][\/vc_column][\/vc_row]<\/p>\n","protected":false},"author":1,"featured_media":0,"parent":0,"menu_order":0,"comment_status":"closed","ping_status":"closed","template":"full-width.php","meta":[],"_links":{"self":[{"href":"https:\/\/radiobanda1.com.br\/portal\/index.php?rest_route=\/wp\/v2\/pages\/2139"}],"collection":[{"href":"https:\/\/radiobanda1.com.br\/portal\/index.php?rest_route=\/wp\/v2\/pages"}],"about":[{"href":"https:\/\/radiobanda1.com.br\/portal\/index.php?rest_route=\/wp\/v2\/types\/page"}],"author":[{"embeddable":true,"href":"https:\/\/radiobanda1.com.br\/portal\/index.php?rest_route=\/wp\/v2\/users\/1"}],"replies":[{"embeddable":true,"href":"https:\/\/radiobanda1.com.br\/portal\/index.php?rest_route=%2Fwp%2Fv2%2Fcomments&post=2139"}],"version-history":[{"count":0,"href":"https:\/\/radiobanda1.com.br\/portal\/index.php?rest_route=\/wp\/v2\/pages\/2139\/revisions"}],"wp:attachment":[{"href":"https:\/\/radiobanda1.com.br\/portal\/index.php?rest_route=%2Fwp%2Fv2%2Fmedia&parent=2139"}],"curies":[{"name":"wp","href":"https:\/\/api.w.org\/{rel}","templated":true}]}}