{"id":2113,"date":"2016-03-08T08:59:42","date_gmt":"2016-03-08T08:59:42","guid":{"rendered":"http:\/\/discussion.mikado-themes.com\/?page_id=2113"},"modified":"2016-03-08T08:59:42","modified_gmt":"2016-03-08T08:59:42","slug":"wide-carousel-slider","status":"publish","type":"page","link":"https:\/\/radiobanda1.com.br\/portal\/?page_id=2113","title":{"rendered":"Wide Carousel"},"content":{"rendered":"<p>[vc_row][vc_column]<div class=\"mkd-bnl-holder mkd-ps-holder  four-posts\"  data-base=\"mkd_post_slider\"  data-carousel_layout=\"four-posts\" data-number_of_posts=\"8\" data-category_id=\"7\"       data-custom_thumb_image_width=\"768\" data-custom_thumb_image_height=\"742\"  data-title_length=\"27\"    data-display_navigation=\"yes\" data-display_paging=\"no\"    data-paged=\"1\" data-max_pages=\"1\"><div class=\"mkd-bnl-outer\"><ul class=\"mkd-slider-holder\"><li class=\"mkd-slider-item\"><div class=\"mkd-ps-item mkd-post-item\">\n\t<div class=\"mkd-ps-item-inner\">\n\t\t<div class=\"mkd-ps-top-content\">\n\t\t\t\t\t\t\t<div class=\"mkd-ps-image\">\n\t\t\t\t\t<a itemprop=\"url\" class=\"mkd-ps-link mkd-image-link\" href=\"https:\/\/radiobanda1.com.br\/portal\/?p=18183\" target=\"_self\">\n\t\t\t\t\t\t<img src=\"https:\/\/radiobanda1.com.br\/portal\/wp-content\/uploads\/2026\/03\/CopaDoBrasil-02-1-768x742.png\" alt=\"\" width=\"768\" height=\"742\" \/>\t\t\t\t\t<\/a>\n\t\t\t\t<\/div>\n\t\t\t\t\t\t<div class=\"mkd-ps-content\">\n\t\t\t\t<div class=\"mkd-ps-content-inner\">\n\t\t\t\t\t\t\t\t\t\t<h3 class=\"mkd-ps-title\">\n\t\t\t\t\t\t<a itemprop=\"url\" class=\"mkd-pt-link\" href=\"https:\/\/radiobanda1.com.br\/portal\/?p=18183\" target=\"_self\">Copa do Brasil 2026: Sortei...<\/a>\n\t\t\t\t\t<\/h3>\n\t\t\t\t\t<div itemprop=\"dateCreated\" class=\"mkd-post-info-date entry-date updated\">\n\t\t\t<a itemprop=\"url\" href=\"https:\/\/radiobanda1.com.br\/portal\/?m=202603\">\n\t\t23 de mar\u00e7o de 2026\t\t\t<\/a>\n\t\t<meta itemprop=\"interactionCount\" content=\"UserComments: 0\"\/>\n<\/div>\t\t\t\t<\/div>\n\t\t\t<\/div>\n\t\t<\/div>\n\t<\/div>\n<\/div><\/li><li class=\"mkd-slider-item\"><div class=\"mkd-ps-item mkd-post-item\">\n\t<div class=\"mkd-ps-item-inner\">\n\t\t<div class=\"mkd-ps-top-content\">\n\t\t\t\t\t\t\t<div class=\"mkd-ps-image\">\n\t\t\t\t\t<a itemprop=\"url\" class=\"mkd-ps-link mkd-image-link\" href=\"https:\/\/radiobanda1.com.br\/portal\/?p=18052\" target=\"_self\">\n\t\t\t\t\t\t<img src=\"https:\/\/radiobanda1.com.br\/portal\/wp-content\/uploads\/2026\/03\/216-768x742.jpg\" alt=\"\" width=\"768\" height=\"742\" \/>\t\t\t\t\t<\/a>\n\t\t\t\t<\/div>\n\t\t\t\t\t\t<div class=\"mkd-ps-content\">\n\t\t\t\t<div class=\"mkd-ps-content-inner\">\n\t\t\t\t\t\t\t\t\t\t<h3 class=\"mkd-ps-title\">\n\t\t\t\t\t\t<a itemprop=\"url\" class=\"mkd-pt-link\" href=\"https:\/\/radiobanda1.com.br\/portal\/?p=18052\" target=\"_self\">Ancelotti prev\u00ea que Brasil...<\/a>\n\t\t\t\t\t<\/h3>\n\t\t\t\t\t<div itemprop=\"dateCreated\" class=\"mkd-post-info-date entry-date updated\">\n\t\t\t<a itemprop=\"url\" href=\"https:\/\/radiobanda1.com.br\/portal\/?m=202603\">\n\t\t4 de mar\u00e7o de 2026\t\t\t<\/a>\n\t\t<meta itemprop=\"interactionCount\" content=\"UserComments: 0\"\/>\n<\/div>\t\t\t\t<\/div>\n\t\t\t<\/div>\n\t\t<\/div>\n\t<\/div>\n<\/div><\/li><\/ul><\/div><\/div>[\/vc_column][\/vc_row][vc_row content_width=&#8221;grid&#8221;][vc_column offset=&#8221;vc_col-lg-9 vc_col-md-12&#8243;][vc_empty_space height=&#8221;40px&#8221;]<div class=\"mkd-bnl-holder mkd-pl-six-holder  mkd-post-columns-2 mkd-post-pag-infinite\"  data-base=\"mkd_post_layout_six\"  data-number_of_posts=\"6\" data-column_number=\"2\" data-category_id=\"7\"     data-post_not_in=\"474, 477, 479, 482, 484, 487, 490, 493\"  data-title=\"Latest News\" data-pattern_style=\"light\" data-thumb_image_size=\"custom_size\" data-thumb_image_width=\"478\" data-thumb_image_height=\"300\" data-title_tag=\"h4\" data-title_length=\"30\"    data-display_comments=\"yes\" data-display_share=\"yes\" data-display_excerpt=\"yes\" data-excerpt_length=\"15\"  data-display_pagination=\"yes\" data-pagination_type=\"infinite\"   data-paged=\"1\" data-max_pages=\"1\"  data-next_page=\"2\"><div class=\"mkd-layout-title-holder\"><span class=\"mkd-section-title-holder clearfix mkd-pattern-light\">\n            <span class=\"mkd-st-title\">\n        Latest News        <\/span>\n    <\/span><\/div><div class=\"mkd-bnl-outer\"><div class=\"mkd-bnl-inner\"><div class=\"mkd-pt-six-item mkd-post-item\">\n            <div class=\"mkd-pt-six-image-holder\">\n                        <a itemprop=\"url\" class=\"mkd-pt-six-slide-link mkd-image-link\" href=\"https:\/\/radiobanda1.com.br\/portal\/?p=18183\" target=\"_self\">\n                <img src=\"https:\/\/radiobanda1.com.br\/portal\/wp-content\/uploads\/2026\/03\/CopaDoBrasil-02-1-478x300.png\" alt=\"\" width=\"478\" height=\"300\" \/>\t\t\t\t            <\/a>\n        <\/div>\n        <div class=\"mkd-pt-six-content-holder\">\n        <div class=\"mkd-pt-six-title-holder\">\n            <h4 class=\"mkd-pt-six-title\">\n                <a itemprop=\"url\" class=\"mkd-pt-link\" href=\"https:\/\/radiobanda1.com.br\/portal\/?p=18183\" target=\"_self\">Copa do Brasil 2026: Sorteio d...<\/a>\n            <\/h4>\n        <\/div>\n\t\t<div itemprop=\"dateCreated\" class=\"mkd-post-info-date entry-date updated\">\n\t\t\t<a itemprop=\"url\" href=\"https:\/\/radiobanda1.com.br\/portal\/?m=202603\">\n\t\t23 de mar\u00e7o de 2026\t\t\t<\/a>\n\t\t<meta itemprop=\"interactionCount\" content=\"UserComments: 0\"\/>\n<\/div>                    <div class=\"mkd-pt-one-excerpt\">\n                <p class=\"mkd-post-excerpt\">Atl\u00e9tico-MG x Cear\u00e1.\r\nCruzeiro x Goi\u00e1s.\r\nAthletico Pr  x Atl\u00e9tico-GO.\r\nFlamengo x Vit\u00f3ria.\r\nGr\u00eamio x Confian\u00e7a-SE.\r\nVasco x Paysandu.\r\nFortaleza<\/p>            <\/div>\n            <\/div>\n\t\t\t<div class=\"mkd-pt-info-section clearfix\">\n\t\t\t<div>\n\t\t\t\t<div class=\"mkd-post-info-comments-holder\"><a class=\"mkd-post-info-comments\" href=\"https:\/\/radiobanda1.com.br\/portal\/?p=18183#respond\" target=\"_self\">0 Comments<\/a><\/div>\t\t\t<\/div>\n            <div class=\"mkd-pt-info-section-background\"><\/div>\n\t\t<\/div>\n\t<\/div><div class=\"mkd-pt-six-item mkd-post-item\">\n            <div class=\"mkd-pt-six-image-holder\">\n                        <a itemprop=\"url\" class=\"mkd-pt-six-slide-link mkd-image-link\" href=\"https:\/\/radiobanda1.com.br\/portal\/?p=18052\" target=\"_self\">\n                <img src=\"https:\/\/radiobanda1.com.br\/portal\/wp-content\/uploads\/2026\/03\/216-478x300.jpg\" alt=\"\" width=\"478\" height=\"300\" \/>\t\t\t\t            <\/a>\n        <\/div>\n        <div class=\"mkd-pt-six-content-holder\">\n        <div class=\"mkd-pt-six-title-holder\">\n            <h4 class=\"mkd-pt-six-title\">\n                <a itemprop=\"url\" class=\"mkd-pt-link\" href=\"https:\/\/radiobanda1.com.br\/portal\/?p=18052\" target=\"_self\">Ancelotti prev\u00ea que Brasil far...<\/a>\n            <\/h4>\n        <\/div>\n\t\t<div itemprop=\"dateCreated\" class=\"mkd-post-info-date entry-date updated\">\n\t\t\t<a itemprop=\"url\" href=\"https:\/\/radiobanda1.com.br\/portal\/?m=202603\">\n\t\t4 de mar\u00e7o de 2026\t\t\t<\/a>\n\t\t<meta itemprop=\"interactionCount\" content=\"UserComments: 0\"\/>\n<\/div>                    <div class=\"mkd-pt-one-excerpt\">\n                <p class=\"mkd-post-excerpt\">O t\u00e9cnico da sele\u00e7\u00e3o brasileira, o italiano Carlo Ancelotti, afirmou que o Brasil far\u00e1 uma<\/p>            <\/div>\n            <\/div>\n\t\t\t<div class=\"mkd-pt-info-section clearfix\">\n\t\t\t<div>\n\t\t\t\t<div class=\"mkd-post-info-comments-holder\"><a class=\"mkd-post-info-comments\" href=\"https:\/\/radiobanda1.com.br\/portal\/?p=18052#respond\" target=\"_self\">0 Comments<\/a><\/div>\t\t\t<\/div>\n            <div class=\"mkd-pt-info-section-background\"><\/div>\n\t\t<\/div>\n\t<\/div><\/div><\/div><\/div>[\/vc_column][vc_column width=&#8221;2\/3&#8243; offset=&#8221;vc_col-lg-3 vc_col-md-8&#8243;][vc_empty_space height=&#8221;40px&#8221;][vc_widget_sidebar sidebar_id=&#8221;pages-sidebar-short&#8221;][\/vc_column][\/vc_row]<\/p>\n","protected":false},"excerpt":{"rendered":"<p>[vc_row][vc_column][\/vc_column][\/vc_row][vc_row content_width=&#8221;grid&#8221;][vc_column offset=&#8221;vc_col-lg-9 vc_col-md-12&#8243;][vc_empty_space height=&#8221;40px&#8221;][\/vc_column][vc_column width=&#8221;2\/3&#8243; offset=&#8221;vc_col-lg-3 vc_col-md-8&#8243;][vc_empty_space height=&#8221;40px&#8221;][vc_widget_sidebar sidebar_id=&#8221;pages-sidebar-short&#8221;][\/vc_column][\/vc_row]<\/p>\n","protected":false},"author":1,"featured_media":0,"parent":0,"menu_order":0,"comment_status":"closed","ping_status":"closed","template":"full-width.php","meta":[],"_links":{"self":[{"href":"https:\/\/radiobanda1.com.br\/portal\/index.php?rest_route=\/wp\/v2\/pages\/2113"}],"collection":[{"href":"https:\/\/radiobanda1.com.br\/portal\/index.php?rest_route=\/wp\/v2\/pages"}],"about":[{"href":"https:\/\/radiobanda1.com.br\/portal\/index.php?rest_route=\/wp\/v2\/types\/page"}],"author":[{"embeddable":true,"href":"https:\/\/radiobanda1.com.br\/portal\/index.php?rest_route=\/wp\/v2\/users\/1"}],"replies":[{"embeddable":true,"href":"https:\/\/radiobanda1.com.br\/portal\/index.php?rest_route=%2Fwp%2Fv2%2Fcomments&post=2113"}],"version-history":[{"count":0,"href":"https:\/\/radiobanda1.com.br\/portal\/index.php?rest_route=\/wp\/v2\/pages\/2113\/revisions"}],"wp:attachment":[{"href":"https:\/\/radiobanda1.com.br\/portal\/index.php?rest_route=%2Fwp%2Fv2%2Fmedia&parent=2113"}],"curies":[{"name":"wp","href":"https:\/\/api.w.org\/{rel}","templated":true}]}}