{"id":2093,"date":"2016-03-08T08:32:56","date_gmt":"2016-03-08T08:32:56","guid":{"rendered":"http:\/\/discussion.mikado-themes.com\/?page_id=2093"},"modified":"2016-03-08T08:32:56","modified_gmt":"2016-03-08T08:32:56","slug":"split-block","status":"publish","type":"page","link":"https:\/\/radiobanda1.com.br\/portal\/?page_id=2093","title":{"rendered":"Split Block"},"content":{"rendered":"<p>[vc_row css=&#8221;.vc_custom_1457342359492{padding-top: 5px !important;}&#8221;][vc_column]<div class=\"mkd-bnl-holder mkd-pb-seven-holder  \"  data-base=\"mkd_block_seven\"  data-category_id=\"2\"    data-post_in=\"161, 167, 178\"           data-display_pagination=\"no\"   data-number_of_posts=\"3\"   data-paged=\"1\" ><div class=\"mkd-bnl-outer\"><div class=\"mkd-pb-seven-message\"><p>No posts were found.<\/p><\/div><\/div><\/div>[\/vc_column][\/vc_row][vc_row][vc_column offset=&#8221;vc_col-lg-9 vc_col-md-12&#8243;][vc_empty_space height=&#8221;40px&#8221;]<div class=\"mkd-bnl-holder mkd-pl-six-holder  mkd-post-columns-2 mkd-post-pag-infinite\"  data-base=\"mkd_post_layout_six\"  data-number_of_posts=\"6\" data-column_number=\"2\" data-category_id=\"2\"     data-post_not_in=\"161, 167, 178\"  data-title=\"Latest News\" data-pattern_style=\"light\" data-thumb_image_size=\"custom_size\" data-thumb_image_width=\"478\" data-thumb_image_height=\"300\" data-title_tag=\"h4\" data-title_length=\"30\"    data-display_comments=\"yes\" data-display_share=\"yes\" data-display_excerpt=\"yes\" data-excerpt_length=\"15\"  data-display_pagination=\"yes\" data-pagination_type=\"infinite\"   data-paged=\"1\" data-max_pages=\"103\"  data-next_page=\"2\"><div class=\"mkd-layout-title-holder\"><span class=\"mkd-section-title-holder clearfix mkd-pattern-light\">\n            <span class=\"mkd-st-title\">\n        Latest News        <\/span>\n    <\/span><\/div><div class=\"mkd-bnl-outer\"><div class=\"mkd-bnl-inner\"><div class=\"mkd-pt-six-item mkd-post-item\">\n            <div class=\"mkd-pt-six-image-holder\">\n                        <a itemprop=\"url\" class=\"mkd-pt-six-slide-link mkd-image-link\" href=\"https:\/\/radiobanda1.com.br\/portal\/?p=18426\" target=\"_self\">\n                <img src=\"https:\/\/radiobanda1.com.br\/portal\/wp-content\/uploads\/2026\/04\/328-478x300.jpg\" alt=\"\" width=\"478\" height=\"300\" \/>\t\t\t\t            <\/a>\n        <\/div>\n        <div class=\"mkd-pt-six-content-holder\">\n        <div class=\"mkd-pt-six-title-holder\">\n            <h4 class=\"mkd-pt-six-title\">\n                <a itemprop=\"url\" class=\"mkd-pt-link\" href=\"https:\/\/radiobanda1.com.br\/portal\/?p=18426\" target=\"_self\">Moraes vota para condenar Edua...<\/a>\n            <\/h4>\n        <\/div>\n\t\t<div itemprop=\"dateCreated\" class=\"mkd-post-info-date entry-date updated\">\n\t\t\t<a itemprop=\"url\" href=\"https:\/\/radiobanda1.com.br\/portal\/?m=202604\">\n\t\t17 de abril de 2026\t\t\t<\/a>\n\t\t<meta itemprop=\"interactionCount\" content=\"UserComments: 0\"\/>\n<\/div>                    <div class=\"mkd-pt-one-excerpt\">\n                <p class=\"mkd-post-excerpt\">O ministro Alexandre de Moraes, do Supremo Tribunal Federal (STF), votou nesta sexta-feira (17) para<\/p>            <\/div>\n            <\/div>\n\t\t\t<div class=\"mkd-pt-info-section clearfix\">\n\t\t\t<div>\n\t\t\t\t<div class=\"mkd-post-info-comments-holder\"><a class=\"mkd-post-info-comments\" href=\"https:\/\/radiobanda1.com.br\/portal\/?p=18426#respond\" target=\"_self\">0 Comments<\/a><\/div>\t\t\t<\/div>\n            <div class=\"mkd-pt-info-section-background\"><\/div>\n\t\t<\/div>\n\t<\/div><div class=\"mkd-pt-six-item mkd-post-item\">\n            <div class=\"mkd-pt-six-image-holder\">\n                        <a itemprop=\"url\" class=\"mkd-pt-six-slide-link mkd-image-link\" href=\"https:\/\/radiobanda1.com.br\/portal\/?p=18423\" target=\"_self\">\n                <img src=\"https:\/\/radiobanda1.com.br\/portal\/wp-content\/uploads\/2026\/04\/327-478x300.jpg\" alt=\"\" width=\"478\" height=\"300\" \/>\t\t\t\t            <\/a>\n        <\/div>\n        <div class=\"mkd-pt-six-content-holder\">\n        <div class=\"mkd-pt-six-title-holder\">\n            <h4 class=\"mkd-pt-six-title\">\n                <a itemprop=\"url\" class=\"mkd-pt-link\" href=\"https:\/\/radiobanda1.com.br\/portal\/?p=18423\" target=\"_self\">STF decide que piso nacional d...<\/a>\n            <\/h4>\n        <\/div>\n\t\t<div itemprop=\"dateCreated\" class=\"mkd-post-info-date entry-date updated\">\n\t\t\t<a itemprop=\"url\" href=\"https:\/\/radiobanda1.com.br\/portal\/?m=202604\">\n\t\t17 de abril de 2026\t\t\t<\/a>\n\t\t<meta itemprop=\"interactionCount\" content=\"UserComments: 0\"\/>\n<\/div>                    <div class=\"mkd-pt-one-excerpt\">\n                <p class=\"mkd-post-excerpt\">Por unanimidade, o Supremo Tribunal Federal (STF) decidiu nesta quinta-feira (16) que professores tempor\u00e1rios da<\/p>            <\/div>\n            <\/div>\n\t\t\t<div class=\"mkd-pt-info-section clearfix\">\n\t\t\t<div>\n\t\t\t\t<div class=\"mkd-post-info-comments-holder\"><a class=\"mkd-post-info-comments\" href=\"https:\/\/radiobanda1.com.br\/portal\/?p=18423#respond\" target=\"_self\">0 Comments<\/a><\/div>\t\t\t<\/div>\n            <div class=\"mkd-pt-info-section-background\"><\/div>\n\t\t<\/div>\n\t<\/div><div class=\"mkd-pt-six-item mkd-post-item\">\n            <div class=\"mkd-pt-six-image-holder\">\n                        <a itemprop=\"url\" class=\"mkd-pt-six-slide-link mkd-image-link\" href=\"https:\/\/radiobanda1.com.br\/portal\/?p=18420\" target=\"_self\">\n                <img src=\"https:\/\/radiobanda1.com.br\/portal\/wp-content\/uploads\/2026\/04\/326-478x300.jpg\" alt=\"\" width=\"478\" height=\"300\" \/>\t\t\t\t            <\/a>\n        <\/div>\n        <div class=\"mkd-pt-six-content-holder\">\n        <div class=\"mkd-pt-six-title-holder\">\n            <h4 class=\"mkd-pt-six-title\">\n                <a itemprop=\"url\" class=\"mkd-pt-link\" href=\"https:\/\/radiobanda1.com.br\/portal\/?p=18420\" target=\"_self\">Fim de semana antes do feriado...<\/a>\n            <\/h4>\n        <\/div>\n\t\t<div itemprop=\"dateCreated\" class=\"mkd-post-info-date entry-date updated\">\n\t\t\t<a itemprop=\"url\" href=\"https:\/\/radiobanda1.com.br\/portal\/?m=202604\">\n\t\t17 de abril de 2026\t\t\t<\/a>\n\t\t<meta itemprop=\"interactionCount\" content=\"UserComments: 0\"\/>\n<\/div>                    <div class=\"mkd-pt-one-excerpt\">\n                <p class=\"mkd-post-excerpt\">Nesta sexta-feira (17) h\u00e1 previs\u00e3o de pancadas de chuva isoladas a partir da tarde no<\/p>            <\/div>\n            <\/div>\n\t\t\t<div class=\"mkd-pt-info-section clearfix\">\n\t\t\t<div>\n\t\t\t\t<div class=\"mkd-post-info-comments-holder\"><a class=\"mkd-post-info-comments\" href=\"https:\/\/radiobanda1.com.br\/portal\/?p=18420#respond\" target=\"_self\">0 Comments<\/a><\/div>\t\t\t<\/div>\n            <div class=\"mkd-pt-info-section-background\"><\/div>\n\t\t<\/div>\n\t<\/div><div class=\"mkd-pt-six-item mkd-post-item\">\n            <div class=\"mkd-pt-six-image-holder\">\n                        <a itemprop=\"url\" class=\"mkd-pt-six-slide-link mkd-image-link\" href=\"https:\/\/radiobanda1.com.br\/portal\/?p=18417\" target=\"_self\">\n                <img src=\"https:\/\/radiobanda1.com.br\/portal\/wp-content\/uploads\/2026\/04\/325-478x300.jpg\" alt=\"\" width=\"478\" height=\"300\" \/>\t\t\t\t            <\/a>\n        <\/div>\n        <div class=\"mkd-pt-six-content-holder\">\n        <div class=\"mkd-pt-six-title-holder\">\n            <h4 class=\"mkd-pt-six-title\">\n                <a itemprop=\"url\" class=\"mkd-pt-link\" href=\"https:\/\/radiobanda1.com.br\/portal\/?p=18417\" target=\"_self\">Popula\u00e7\u00e3o no Brasil cresce em...<\/a>\n            <\/h4>\n        <\/div>\n\t\t<div itemprop=\"dateCreated\" class=\"mkd-post-info-date entry-date updated\">\n\t\t\t<a itemprop=\"url\" href=\"https:\/\/radiobanda1.com.br\/portal\/?m=202604\">\n\t\t17 de abril de 2026\t\t\t<\/a>\n\t\t<meta itemprop=\"interactionCount\" content=\"UserComments: 0\"\/>\n<\/div>                    <div class=\"mkd-pt-one-excerpt\">\n                <p class=\"mkd-post-excerpt\">A popula\u00e7\u00e3o brasileira est\u00e1 envelhecendo e cresce em ritmo cada vez menor. \u00c9 o que<\/p>            <\/div>\n            <\/div>\n\t\t\t<div class=\"mkd-pt-info-section clearfix\">\n\t\t\t<div>\n\t\t\t\t<div class=\"mkd-post-info-comments-holder\"><a class=\"mkd-post-info-comments\" href=\"https:\/\/radiobanda1.com.br\/portal\/?p=18417#respond\" target=\"_self\">0 Comments<\/a><\/div>\t\t\t<\/div>\n            <div class=\"mkd-pt-info-section-background\"><\/div>\n\t\t<\/div>\n\t<\/div><div class=\"mkd-pt-six-item mkd-post-item\">\n            <div class=\"mkd-pt-six-image-holder\">\n                        <a itemprop=\"url\" class=\"mkd-pt-six-slide-link mkd-image-link\" href=\"https:\/\/radiobanda1.com.br\/portal\/?p=18413\" target=\"_self\">\n                <img src=\"https:\/\/radiobanda1.com.br\/portal\/wp-content\/uploads\/2026\/04\/324-478x300.jpg\" alt=\"\" width=\"478\" height=\"300\" \/>\t\t\t\t            <\/a>\n        <\/div>\n        <div class=\"mkd-pt-six-content-holder\">\n        <div class=\"mkd-pt-six-title-holder\">\n            <h4 class=\"mkd-pt-six-title\">\n                <a itemprop=\"url\" class=\"mkd-pt-link\" href=\"https:\/\/radiobanda1.com.br\/portal\/?p=18413\" target=\"_self\">S\u00edndrome Respirat\u00f3ria Aguda Gr...<\/a>\n            <\/h4>\n        <\/div>\n\t\t<div itemprop=\"dateCreated\" class=\"mkd-post-info-date entry-date updated\">\n\t\t\t<a itemprop=\"url\" href=\"https:\/\/radiobanda1.com.br\/portal\/?m=202604\">\n\t\t16 de abril de 2026\t\t\t<\/a>\n\t\t<meta itemprop=\"interactionCount\" content=\"UserComments: 0\"\/>\n<\/div>                    <div class=\"mkd-pt-one-excerpt\">\n                <p class=\"mkd-post-excerpt\">Os casos de S\u00edndrome Respirat\u00f3ria Aguda Grave (SRAG) cresceram em crian\u00e7as menores de 2 anos<\/p>            <\/div>\n            <\/div>\n\t\t\t<div class=\"mkd-pt-info-section clearfix\">\n\t\t\t<div>\n\t\t\t\t<div class=\"mkd-post-info-comments-holder\"><a class=\"mkd-post-info-comments\" href=\"https:\/\/radiobanda1.com.br\/portal\/?p=18413#respond\" target=\"_self\">0 Comments<\/a><\/div>\t\t\t<\/div>\n            <div class=\"mkd-pt-info-section-background\"><\/div>\n\t\t<\/div>\n\t<\/div><div class=\"mkd-pt-six-item mkd-post-item\">\n            <div class=\"mkd-pt-six-image-holder\">\n                        <a itemprop=\"url\" class=\"mkd-pt-six-slide-link mkd-image-link\" href=\"https:\/\/radiobanda1.com.br\/portal\/?p=18410\" target=\"_self\">\n                <img src=\"https:\/\/radiobanda1.com.br\/portal\/wp-content\/uploads\/2026\/04\/323-478x300.jpg\" alt=\"\" width=\"478\" height=\"300\" \/>\t\t\t\t            <\/a>\n        <\/div>\n        <div class=\"mkd-pt-six-content-holder\">\n        <div class=\"mkd-pt-six-title-holder\">\n            <h4 class=\"mkd-pt-six-title\">\n                <a itemprop=\"url\" class=\"mkd-pt-link\" href=\"https:\/\/radiobanda1.com.br\/portal\/?p=18410\" target=\"_self\">Anvisa pro\u00edbe canetas emagrece...<\/a>\n            <\/h4>\n        <\/div>\n\t\t<div itemprop=\"dateCreated\" class=\"mkd-post-info-date entry-date updated\">\n\t\t\t<a itemprop=\"url\" href=\"https:\/\/radiobanda1.com.br\/portal\/?m=202604\">\n\t\t16 de abril de 2026\t\t\t<\/a>\n\t\t<meta itemprop=\"interactionCount\" content=\"UserComments: 0\"\/>\n<\/div>                    <div class=\"mkd-pt-one-excerpt\">\n                <p class=\"mkd-post-excerpt\">A Ag\u00eancia Nacional de Vigil\u00e2ncia Sanit\u00e1ria (Anvisa) determinou a apreens\u00e3o dos medicamentos Gluconex e Tirzedral,<\/p>            <\/div>\n            <\/div>\n\t\t\t<div class=\"mkd-pt-info-section clearfix\">\n\t\t\t<div>\n\t\t\t\t<div class=\"mkd-post-info-comments-holder\"><a class=\"mkd-post-info-comments\" href=\"https:\/\/radiobanda1.com.br\/portal\/?p=18410#respond\" target=\"_self\">0 Comments<\/a><\/div>\t\t\t<\/div>\n            <div class=\"mkd-pt-info-section-background\"><\/div>\n\t\t<\/div>\n\t<\/div><\/div><\/div><\/div>[\/vc_column][vc_column width=&#8221;2\/3&#8243; offset=&#8221;vc_col-lg-3 vc_col-md-8&#8243;][vc_empty_space height=&#8221;40px&#8221;][vc_widget_sidebar sidebar_id=&#8221;pages-sidebar-short&#8221;][\/vc_column][\/vc_row]<\/p>\n","protected":false},"excerpt":{"rendered":"<p>[vc_row css=&#8221;.vc_custom_1457342359492{padding-top: 5px !important;}&#8221;][vc_column][\/vc_column][\/vc_row][vc_row][vc_column offset=&#8221;vc_col-lg-9 vc_col-md-12&#8243;][vc_empty_space height=&#8221;40px&#8221;][\/vc_column][vc_column width=&#8221;2\/3&#8243; offset=&#8221;vc_col-lg-3 vc_col-md-8&#8243;][vc_empty_space height=&#8221;40px&#8221;][vc_widget_sidebar sidebar_id=&#8221;pages-sidebar-short&#8221;][\/vc_column][\/vc_row]<\/p>\n","protected":false},"author":1,"featured_media":0,"parent":0,"menu_order":0,"comment_status":"closed","ping_status":"closed","template":"","meta":[],"_links":{"self":[{"href":"https:\/\/radiobanda1.com.br\/portal\/index.php?rest_route=\/wp\/v2\/pages\/2093"}],"collection":[{"href":"https:\/\/radiobanda1.com.br\/portal\/index.php?rest_route=\/wp\/v2\/pages"}],"about":[{"href":"https:\/\/radiobanda1.com.br\/portal\/index.php?rest_route=\/wp\/v2\/types\/page"}],"author":[{"embeddable":true,"href":"https:\/\/radiobanda1.com.br\/portal\/index.php?rest_route=\/wp\/v2\/users\/1"}],"replies":[{"embeddable":true,"href":"https:\/\/radiobanda1.com.br\/portal\/index.php?rest_route=%2Fwp%2Fv2%2Fcomments&post=2093"}],"version-history":[{"count":0,"href":"https:\/\/radiobanda1.com.br\/portal\/index.php?rest_route=\/wp\/v2\/pages\/2093\/revisions"}],"wp:attachment":[{"href":"https:\/\/radiobanda1.com.br\/portal\/index.php?rest_route=%2Fwp%2Fv2%2Fmedia&parent=2093"}],"curies":[{"name":"wp","href":"https:\/\/api.w.org\/{rel}","templated":true}]}}