{"id":1983,"date":"2016-03-07T17:08:54","date_gmt":"2016-03-07T17:08:54","guid":{"rendered":"http:\/\/discussion.mikado-themes.com\/?page_id=1983"},"modified":"2016-03-07T17:08:54","modified_gmt":"2016-03-07T17:08:54","slug":"layout-8","status":"publish","type":"page","link":"https:\/\/radiobanda1.com.br\/portal\/?page_id=1983","title":{"rendered":"Layout 8"},"content":{"rendered":"<p>[vc_row][vc_column]<div class=\"mkd-bnl-holder mkd-pl-eight-holder  mkd-post-columns-2\"  data-base=\"mkd_post_layout_eight\"  data-number_of_posts=\"2\" data-column_number=\"2\" data-category_id=\"2\"       data-title=\"Two Columns\" data-pattern_style=\"light\" data-thumb_image_size=\"full\"    data-title_length=\"23\"   data-display_excerpt=\"yes\" data-excerpt_length=\"14\"  data-display_pagination=\"no\"    data-paged=\"1\" data-max_pages=\"305\"><div class=\"mkd-layout-title-holder\"><span class=\"mkd-section-title-holder clearfix mkd-pattern-light\">\n            <span class=\"mkd-st-title\">\n        Two Columns        <\/span>\n    <\/span><\/div><div class=\"mkd-bnl-outer\"><div class=\"mkd-bnl-inner\"><div class=\"mkd-pt-eight-item mkd-post-item\">\n\t<div class=\"mkd-pt-eight-item-inner\">\n\t\t\t\t\t<div class=\"mkd-pt-eight-image-holder\">\n\t\t\t\t<div class=\"mkd-pt-eight-image-inner-holder\">\n\t\t\t\t\t<img width=\"700\" height=\"400\" src=\"https:\/\/radiobanda1.com.br\/portal\/wp-content\/uploads\/2026\/04\/324.jpg\" class=\"attachment-full size-full wp-post-image\" alt=\"\" loading=\"lazy\" srcset=\"https:\/\/radiobanda1.com.br\/portal\/wp-content\/uploads\/2026\/04\/324.jpg 700w, https:\/\/radiobanda1.com.br\/portal\/wp-content\/uploads\/2026\/04\/324-300x171.jpg 300w\" sizes=\"(max-width: 700px) 100vw, 700px\" \/>\t\t\t\t<\/div>\n\t\t\t<\/div>\n\t\t\t\t<div class=\"mkd-pt-eight-content-holder\">\n\t\t\t<div class=\"mkd-pt-eight-content-holder-inner\">\n\t\t\t\t<div class=\"mkd-pt-eight-content\">\n\t\t\t\t\t<div class=\"mkd-pt-eight-title-holder\">\n\t\t\t\t\t\t<h4 class=\"mkd-pt-eight-title\">\n\t\t\t\t\t\t<a itemprop=\"url\" class=\"mkd-pt-link\" href=\"https:\/\/radiobanda1.com.br\/portal\/?p=18413\" target=\"_self\">S\u00edndrome Respirat\u00f3ria A...<\/a>\n\t\t\t\t\t<\/h4>\n\t\t\t\t\t<\/div>\n\t\t\t\t\t<div itemprop=\"dateCreated\" class=\"mkd-post-info-date entry-date updated\">\n\t\t\t<a itemprop=\"url\" href=\"https:\/\/radiobanda1.com.br\/portal\/?m=202604\">\n\t\t16 de abril de 2026\t\t\t<\/a>\n\t\t<meta itemprop=\"interactionCount\" content=\"UserComments: 0\"\/>\n<\/div>\t\t\t\t\t\t\t\t\t\t\t<div class=\"mkd-pt-eight-excerpt\">\n\t\t\t\t\t\t\t<p class=\"mkd-post-excerpt\">Os casos de S\u00edndrome Respirat\u00f3ria Aguda Grave (SRAG) cresceram em crian\u00e7as menores de 2<\/p>\t\t\t\t\t\t<\/div>\n\t\t\t\t\t\t\t\t\t\t<a href=\"https:\/\/radiobanda1.com.br\/portal\/?p=18413\" target=\"_self\"  class=\"mkd-btn mkd-btn-medium mkd-btn-transparent mkd-btn-icon\"  >    <span class=\"mkd-btn-text\">Read More<\/span>    <i class=\"mkd-icon-ion-icon ion-log-in mkd-btn-icon-element\" ><\/i><\/a>\t\t\t\t<\/div>\n\t\t\t<\/div>\n\t\t<\/div>\n\t\t<a itemprop=\"url\" class=\"mkd-pt-eight-slide-link mkd-pt-link\" href=\"https:\/\/radiobanda1.com.br\/portal\/?p=18413\" target=\"_self\"><\/a>\n\t<\/div>\n<\/div><div class=\"mkd-pt-eight-item mkd-post-item\">\n\t<div class=\"mkd-pt-eight-item-inner\">\n\t\t\t\t\t<div class=\"mkd-pt-eight-image-holder\">\n\t\t\t\t<div class=\"mkd-pt-eight-image-inner-holder\">\n\t\t\t\t\t<img width=\"700\" height=\"400\" src=\"https:\/\/radiobanda1.com.br\/portal\/wp-content\/uploads\/2026\/04\/323.jpg\" class=\"attachment-full size-full wp-post-image\" alt=\"\" loading=\"lazy\" srcset=\"https:\/\/radiobanda1.com.br\/portal\/wp-content\/uploads\/2026\/04\/323.jpg 700w, https:\/\/radiobanda1.com.br\/portal\/wp-content\/uploads\/2026\/04\/323-300x171.jpg 300w\" sizes=\"(max-width: 700px) 100vw, 700px\" \/>\t\t\t\t<\/div>\n\t\t\t<\/div>\n\t\t\t\t<div class=\"mkd-pt-eight-content-holder\">\n\t\t\t<div class=\"mkd-pt-eight-content-holder-inner\">\n\t\t\t\t<div class=\"mkd-pt-eight-content\">\n\t\t\t\t\t<div class=\"mkd-pt-eight-title-holder\">\n\t\t\t\t\t\t<h4 class=\"mkd-pt-eight-title\">\n\t\t\t\t\t\t<a itemprop=\"url\" class=\"mkd-pt-link\" href=\"https:\/\/radiobanda1.com.br\/portal\/?p=18410\" target=\"_self\">Anvisa pro\u00edbe canetas e...<\/a>\n\t\t\t\t\t<\/h4>\n\t\t\t\t\t<\/div>\n\t\t\t\t\t<div itemprop=\"dateCreated\" class=\"mkd-post-info-date entry-date updated\">\n\t\t\t<a itemprop=\"url\" href=\"https:\/\/radiobanda1.com.br\/portal\/?m=202604\">\n\t\t16 de abril de 2026\t\t\t<\/a>\n\t\t<meta itemprop=\"interactionCount\" content=\"UserComments: 0\"\/>\n<\/div>\t\t\t\t\t\t\t\t\t\t\t<div class=\"mkd-pt-eight-excerpt\">\n\t\t\t\t\t\t\t<p class=\"mkd-post-excerpt\">A Ag\u00eancia Nacional de Vigil\u00e2ncia Sanit\u00e1ria (Anvisa) determinou a apreens\u00e3o dos medicamentos Gluconex e<\/p>\t\t\t\t\t\t<\/div>\n\t\t\t\t\t\t\t\t\t\t<a href=\"https:\/\/radiobanda1.com.br\/portal\/?p=18410\" target=\"_self\"  class=\"mkd-btn mkd-btn-medium mkd-btn-transparent mkd-btn-icon\"  >    <span class=\"mkd-btn-text\">Read More<\/span>    <i class=\"mkd-icon-ion-icon ion-log-in mkd-btn-icon-element\" ><\/i><\/a>\t\t\t\t<\/div>\n\t\t\t<\/div>\n\t\t<\/div>\n\t\t<a itemprop=\"url\" class=\"mkd-pt-eight-slide-link mkd-pt-link\" href=\"https:\/\/radiobanda1.com.br\/portal\/?p=18410\" target=\"_self\"><\/a>\n\t<\/div>\n<\/div><\/div><\/div><\/div>[\/vc_column][\/vc_row][vc_row css=&#8221;.vc_custom_1457370854540{padding-top: 20px !important;}&#8221;][vc_column]<div class=\"mkd-bnl-holder mkd-pl-eight-holder  mkd-post-columns-3\"  data-base=\"mkd_post_layout_eight\"  data-number_of_posts=\"3\" data-column_number=\"3\"     data-post_in=\"434, 247, 167\"   data-title=\"Three Columns\" data-pattern_style=\"light\" data-thumb_image_size=\"custom_size\" data-thumb_image_width=\"374\" data-thumb_image_height=\"322\"  data-title_length=\"14\"   data-display_excerpt=\"yes\" data-excerpt_length=\"8\"  data-display_pagination=\"no\"    data-paged=\"1\" ><div class=\"mkd-layout-title-holder\"><span class=\"mkd-section-title-holder clearfix mkd-pattern-light\">\n            <span class=\"mkd-st-title\">\n        Three Columns        <\/span>\n    <\/span><\/div><div class=\"mkd-bnl-outer\"><div class=\"mkd-bnl-inner\"><div class=\"mkd-pl-eight-message\"><p>No posts were found.<\/p><\/div><\/div><\/div><\/div>[\/vc_column][\/vc_row][vc_row css=&#8221;.vc_custom_1457370861035{padding-top: 20px !important;}&#8221;][vc_column]<div class=\"mkd-bnl-holder mkd-pl-eight-holder  mkd-post-columns-3 mkd-post-pag-np-horizontal\"  data-base=\"mkd_post_layout_eight\"  data-number_of_posts=\"6\" data-column_number=\"3\" data-category_id=\"3\"       data-title=\"Three Columns\" data-pattern_style=\"light\" data-thumb_image_size=\"custom_size\" data-thumb_image_width=\"374\" data-thumb_image_height=\"322\"  data-title_length=\"14\"   data-display_excerpt=\"yes\" data-excerpt_length=\"8\"  data-display_pagination=\"yes\" data-pagination_type=\"np-horizontal\"   data-paged=\"1\" data-max_pages=\"102\"  data-next_page=\"2\"><div class=\"mkd-layout-title-holder\"><span class=\"mkd-section-title-holder clearfix mkd-pattern-light\">\n            <span class=\"mkd-st-title\">\n        Three Columns        <\/span>\n    <\/span><\/div><div class=\"mkd-bnl-outer\"><div class=\"mkd-bnl-inner\"><div class=\"mkd-pt-eight-item mkd-post-item\">\n\t<div class=\"mkd-pt-eight-item-inner\">\n\t\t\t\t\t<div class=\"mkd-pt-eight-image-holder\">\n\t\t\t\t<div class=\"mkd-pt-eight-image-inner-holder\">\n\t\t\t\t\t<img src=\"https:\/\/radiobanda1.com.br\/portal\/wp-content\/uploads\/2026\/04\/324-374x322.jpg\" alt=\"\" width=\"374\" height=\"322\" \/>\t\t\t\t<\/div>\n\t\t\t<\/div>\n\t\t\t\t<div class=\"mkd-pt-eight-content-holder\">\n\t\t\t<div class=\"mkd-pt-eight-content-holder-inner\">\n\t\t\t\t<div class=\"mkd-pt-eight-content\">\n\t\t\t\t\t<div class=\"mkd-pt-eight-title-holder\">\n\t\t\t\t\t\t<h4 class=\"mkd-pt-eight-title\">\n\t\t\t\t\t\t<a itemprop=\"url\" class=\"mkd-pt-link\" href=\"https:\/\/radiobanda1.com.br\/portal\/?p=18413\" target=\"_self\">S\u00edndrome Respi...<\/a>\n\t\t\t\t\t<\/h4>\n\t\t\t\t\t<\/div>\n\t\t\t\t\t<div itemprop=\"dateCreated\" class=\"mkd-post-info-date entry-date updated\">\n\t\t\t<a itemprop=\"url\" href=\"https:\/\/radiobanda1.com.br\/portal\/?m=202604\">\n\t\t16 de abril de 2026\t\t\t<\/a>\n\t\t<meta itemprop=\"interactionCount\" content=\"UserComments: 0\"\/>\n<\/div>\t\t\t\t\t\t\t\t\t\t\t<div class=\"mkd-pt-eight-excerpt\">\n\t\t\t\t\t\t\t<p class=\"mkd-post-excerpt\">Os casos de S\u00edndrome Respirat\u00f3ria Aguda Grave (SRAG)<\/p>\t\t\t\t\t\t<\/div>\n\t\t\t\t\t\t\t\t\t\t<a href=\"https:\/\/radiobanda1.com.br\/portal\/?p=18413\" target=\"_self\"  class=\"mkd-btn mkd-btn-medium mkd-btn-transparent mkd-btn-icon\"  >    <span class=\"mkd-btn-text\">Read More<\/span>    <i class=\"mkd-icon-ion-icon ion-log-in mkd-btn-icon-element\" ><\/i><\/a>\t\t\t\t<\/div>\n\t\t\t<\/div>\n\t\t<\/div>\n\t\t<a itemprop=\"url\" class=\"mkd-pt-eight-slide-link mkd-pt-link\" href=\"https:\/\/radiobanda1.com.br\/portal\/?p=18413\" target=\"_self\"><\/a>\n\t<\/div>\n<\/div><div class=\"mkd-pt-eight-item mkd-post-item\">\n\t<div class=\"mkd-pt-eight-item-inner\">\n\t\t\t\t\t<div class=\"mkd-pt-eight-image-holder\">\n\t\t\t\t<div class=\"mkd-pt-eight-image-inner-holder\">\n\t\t\t\t\t<img src=\"https:\/\/radiobanda1.com.br\/portal\/wp-content\/uploads\/2026\/04\/323-374x322.jpg\" alt=\"\" width=\"374\" height=\"322\" \/>\t\t\t\t<\/div>\n\t\t\t<\/div>\n\t\t\t\t<div class=\"mkd-pt-eight-content-holder\">\n\t\t\t<div class=\"mkd-pt-eight-content-holder-inner\">\n\t\t\t\t<div class=\"mkd-pt-eight-content\">\n\t\t\t\t\t<div class=\"mkd-pt-eight-title-holder\">\n\t\t\t\t\t\t<h4 class=\"mkd-pt-eight-title\">\n\t\t\t\t\t\t<a itemprop=\"url\" class=\"mkd-pt-link\" href=\"https:\/\/radiobanda1.com.br\/portal\/?p=18410\" target=\"_self\">Anvisa pro\u00edbe...<\/a>\n\t\t\t\t\t<\/h4>\n\t\t\t\t\t<\/div>\n\t\t\t\t\t<div itemprop=\"dateCreated\" class=\"mkd-post-info-date entry-date updated\">\n\t\t\t<a itemprop=\"url\" href=\"https:\/\/radiobanda1.com.br\/portal\/?m=202604\">\n\t\t16 de abril de 2026\t\t\t<\/a>\n\t\t<meta itemprop=\"interactionCount\" content=\"UserComments: 0\"\/>\n<\/div>\t\t\t\t\t\t\t\t\t\t\t<div class=\"mkd-pt-eight-excerpt\">\n\t\t\t\t\t\t\t<p class=\"mkd-post-excerpt\">A Ag\u00eancia Nacional de Vigil\u00e2ncia Sanit\u00e1ria (Anvisa) determinou<\/p>\t\t\t\t\t\t<\/div>\n\t\t\t\t\t\t\t\t\t\t<a href=\"https:\/\/radiobanda1.com.br\/portal\/?p=18410\" target=\"_self\"  class=\"mkd-btn mkd-btn-medium mkd-btn-transparent mkd-btn-icon\"  >    <span class=\"mkd-btn-text\">Read More<\/span>    <i class=\"mkd-icon-ion-icon ion-log-in mkd-btn-icon-element\" ><\/i><\/a>\t\t\t\t<\/div>\n\t\t\t<\/div>\n\t\t<\/div>\n\t\t<a itemprop=\"url\" class=\"mkd-pt-eight-slide-link mkd-pt-link\" href=\"https:\/\/radiobanda1.com.br\/portal\/?p=18410\" target=\"_self\"><\/a>\n\t<\/div>\n<\/div><div class=\"mkd-pt-eight-item mkd-post-item\">\n\t<div class=\"mkd-pt-eight-item-inner\">\n\t\t\t\t\t<div class=\"mkd-pt-eight-image-holder\">\n\t\t\t\t<div class=\"mkd-pt-eight-image-inner-holder\">\n\t\t\t\t\t<img src=\"https:\/\/radiobanda1.com.br\/portal\/wp-content\/uploads\/2026\/04\/322-374x322.jpg\" alt=\"\" width=\"374\" height=\"322\" \/>\t\t\t\t<\/div>\n\t\t\t<\/div>\n\t\t\t\t<div class=\"mkd-pt-eight-content-holder\">\n\t\t\t<div class=\"mkd-pt-eight-content-holder-inner\">\n\t\t\t\t<div class=\"mkd-pt-eight-content\">\n\t\t\t\t\t<div class=\"mkd-pt-eight-title-holder\">\n\t\t\t\t\t\t<h4 class=\"mkd-pt-eight-title\">\n\t\t\t\t\t\t<a itemprop=\"url\" class=\"mkd-pt-link\" href=\"https:\/\/radiobanda1.com.br\/portal\/?p=18407\" target=\"_self\">Aposentados e...<\/a>\n\t\t\t\t\t<\/h4>\n\t\t\t\t\t<\/div>\n\t\t\t\t\t<div itemprop=\"dateCreated\" class=\"mkd-post-info-date entry-date updated\">\n\t\t\t<a itemprop=\"url\" href=\"https:\/\/radiobanda1.com.br\/portal\/?m=202604\">\n\t\t16 de abril de 2026\t\t\t<\/a>\n\t\t<meta itemprop=\"interactionCount\" content=\"UserComments: 0\"\/>\n<\/div>\t\t\t\t\t\t\t\t\t\t\t<div class=\"mkd-pt-eight-excerpt\">\n\t\t\t\t\t\t\t<p class=\"mkd-post-excerpt\">Cerca de 35,2 milh\u00f5es de aposentados, pensionistas e<\/p>\t\t\t\t\t\t<\/div>\n\t\t\t\t\t\t\t\t\t\t<a href=\"https:\/\/radiobanda1.com.br\/portal\/?p=18407\" target=\"_self\"  class=\"mkd-btn mkd-btn-medium mkd-btn-transparent mkd-btn-icon\"  >    <span class=\"mkd-btn-text\">Read More<\/span>    <i class=\"mkd-icon-ion-icon ion-log-in mkd-btn-icon-element\" ><\/i><\/a>\t\t\t\t<\/div>\n\t\t\t<\/div>\n\t\t<\/div>\n\t\t<a itemprop=\"url\" class=\"mkd-pt-eight-slide-link mkd-pt-link\" href=\"https:\/\/radiobanda1.com.br\/portal\/?p=18407\" target=\"_self\"><\/a>\n\t<\/div>\n<\/div><div class=\"mkd-pt-eight-item mkd-post-item\">\n\t<div class=\"mkd-pt-eight-item-inner\">\n\t\t\t\t\t<div class=\"mkd-pt-eight-image-holder\">\n\t\t\t\t<div class=\"mkd-pt-eight-image-inner-holder\">\n\t\t\t\t\t<img src=\"https:\/\/radiobanda1.com.br\/portal\/wp-content\/uploads\/2026\/04\/321-374x322.jpg\" alt=\"\" width=\"374\" height=\"322\" \/>\t\t\t\t<\/div>\n\t\t\t<\/div>\n\t\t\t\t<div class=\"mkd-pt-eight-content-holder\">\n\t\t\t<div class=\"mkd-pt-eight-content-holder-inner\">\n\t\t\t\t<div class=\"mkd-pt-eight-content\">\n\t\t\t\t\t<div class=\"mkd-pt-eight-title-holder\">\n\t\t\t\t\t\t<h4 class=\"mkd-pt-eight-title\">\n\t\t\t\t\t\t<a itemprop=\"url\" class=\"mkd-pt-link\" href=\"https:\/\/radiobanda1.com.br\/portal\/?p=18404\" target=\"_self\">Governo prop\u00f5e...<\/a>\n\t\t\t\t\t<\/h4>\n\t\t\t\t\t<\/div>\n\t\t\t\t\t<div itemprop=\"dateCreated\" class=\"mkd-post-info-date entry-date updated\">\n\t\t\t<a itemprop=\"url\" href=\"https:\/\/radiobanda1.com.br\/portal\/?m=202604\">\n\t\t16 de abril de 2026\t\t\t<\/a>\n\t\t<meta itemprop=\"interactionCount\" content=\"UserComments: 0\"\/>\n<\/div>\t\t\t\t\t\t\t\t\t\t\t<div class=\"mkd-pt-eight-excerpt\">\n\t\t\t\t\t\t\t<p class=\"mkd-post-excerpt\">O governo federal prop\u00f4s um sal\u00e1rio m\u00ednimo de<\/p>\t\t\t\t\t\t<\/div>\n\t\t\t\t\t\t\t\t\t\t<a href=\"https:\/\/radiobanda1.com.br\/portal\/?p=18404\" target=\"_self\"  class=\"mkd-btn mkd-btn-medium mkd-btn-transparent mkd-btn-icon\"  >    <span class=\"mkd-btn-text\">Read More<\/span>    <i class=\"mkd-icon-ion-icon ion-log-in mkd-btn-icon-element\" ><\/i><\/a>\t\t\t\t<\/div>\n\t\t\t<\/div>\n\t\t<\/div>\n\t\t<a itemprop=\"url\" class=\"mkd-pt-eight-slide-link mkd-pt-link\" href=\"https:\/\/radiobanda1.com.br\/portal\/?p=18404\" target=\"_self\"><\/a>\n\t<\/div>\n<\/div><div class=\"mkd-pt-eight-item mkd-post-item\">\n\t<div class=\"mkd-pt-eight-item-inner\">\n\t\t\t\t\t<div class=\"mkd-pt-eight-image-holder\">\n\t\t\t\t<div class=\"mkd-pt-eight-image-inner-holder\">\n\t\t\t\t\t<img src=\"https:\/\/radiobanda1.com.br\/portal\/wp-content\/uploads\/2026\/04\/320-374x322.jpg\" alt=\"\" width=\"374\" height=\"322\" \/>\t\t\t\t<\/div>\n\t\t\t<\/div>\n\t\t\t\t<div class=\"mkd-pt-eight-content-holder\">\n\t\t\t<div class=\"mkd-pt-eight-content-holder-inner\">\n\t\t\t\t<div class=\"mkd-pt-eight-content\">\n\t\t\t\t\t<div class=\"mkd-pt-eight-title-holder\">\n\t\t\t\t\t\t<h4 class=\"mkd-pt-eight-title\">\n\t\t\t\t\t\t<a itemprop=\"url\" class=\"mkd-pt-link\" href=\"https:\/\/radiobanda1.com.br\/portal\/?p=18401\" target=\"_self\">Receita recebe...<\/a>\n\t\t\t\t\t<\/h4>\n\t\t\t\t\t<\/div>\n\t\t\t\t\t<div itemprop=\"dateCreated\" class=\"mkd-post-info-date entry-date updated\">\n\t\t\t<a itemprop=\"url\" href=\"https:\/\/radiobanda1.com.br\/portal\/?m=202604\">\n\t\t16 de abril de 2026\t\t\t<\/a>\n\t\t<meta itemprop=\"interactionCount\" content=\"UserComments: 0\"\/>\n<\/div>\t\t\t\t\t\t\t\t\t\t\t<div class=\"mkd-pt-eight-excerpt\">\n\t\t\t\t\t\t\t<p class=\"mkd-post-excerpt\">A Receita Federal informou nesta quarta-feira (15) que<\/p>\t\t\t\t\t\t<\/div>\n\t\t\t\t\t\t\t\t\t\t<a href=\"https:\/\/radiobanda1.com.br\/portal\/?p=18401\" target=\"_self\"  class=\"mkd-btn mkd-btn-medium mkd-btn-transparent mkd-btn-icon\"  >    <span class=\"mkd-btn-text\">Read More<\/span>    <i class=\"mkd-icon-ion-icon ion-log-in mkd-btn-icon-element\" ><\/i><\/a>\t\t\t\t<\/div>\n\t\t\t<\/div>\n\t\t<\/div>\n\t\t<a itemprop=\"url\" class=\"mkd-pt-eight-slide-link mkd-pt-link\" href=\"https:\/\/radiobanda1.com.br\/portal\/?p=18401\" target=\"_self\"><\/a>\n\t<\/div>\n<\/div><div class=\"mkd-pt-eight-item mkd-post-item\">\n\t<div class=\"mkd-pt-eight-item-inner\">\n\t\t\t\t\t<div class=\"mkd-pt-eight-image-holder\">\n\t\t\t\t<div class=\"mkd-pt-eight-image-inner-holder\">\n\t\t\t\t\t<img src=\"https:\/\/radiobanda1.com.br\/portal\/wp-content\/uploads\/2026\/04\/319-374x322.jpg\" alt=\"\" width=\"374\" height=\"322\" \/>\t\t\t\t<\/div>\n\t\t\t<\/div>\n\t\t\t\t<div class=\"mkd-pt-eight-content-holder\">\n\t\t\t<div class=\"mkd-pt-eight-content-holder-inner\">\n\t\t\t\t<div class=\"mkd-pt-eight-content\">\n\t\t\t\t\t<div class=\"mkd-pt-eight-title-holder\">\n\t\t\t\t\t\t<h4 class=\"mkd-pt-eight-title\">\n\t\t\t\t\t\t<a itemprop=\"url\" class=\"mkd-pt-link\" href=\"https:\/\/radiobanda1.com.br\/portal\/?p=18397\" target=\"_self\">Com\u00e9rcio do Pa...<\/a>\n\t\t\t\t\t<\/h4>\n\t\t\t\t\t<\/div>\n\t\t\t\t\t<div itemprop=\"dateCreated\" class=\"mkd-post-info-date entry-date updated\">\n\t\t\t<a itemprop=\"url\" href=\"https:\/\/radiobanda1.com.br\/portal\/?m=202604\">\n\t\t15 de abril de 2026\t\t\t<\/a>\n\t\t<meta itemprop=\"interactionCount\" content=\"UserComments: 0\"\/>\n<\/div>\t\t\t\t\t\t\t\t\t\t\t<div class=\"mkd-pt-eight-excerpt\">\n\t\t\t\t\t\t\t<p class=\"mkd-post-excerpt\">O Instituto Brasileiro de Geografia e Estat\u00edstica (IBGE)<\/p>\t\t\t\t\t\t<\/div>\n\t\t\t\t\t\t\t\t\t\t<a href=\"https:\/\/radiobanda1.com.br\/portal\/?p=18397\" target=\"_self\"  class=\"mkd-btn mkd-btn-medium mkd-btn-transparent mkd-btn-icon\"  >    <span class=\"mkd-btn-text\">Read More<\/span>    <i class=\"mkd-icon-ion-icon ion-log-in mkd-btn-icon-element\" ><\/i><\/a>\t\t\t\t<\/div>\n\t\t\t<\/div>\n\t\t<\/div>\n\t\t<a itemprop=\"url\" class=\"mkd-pt-eight-slide-link mkd-pt-link\" href=\"https:\/\/radiobanda1.com.br\/portal\/?p=18397\" target=\"_self\"><\/a>\n\t<\/div>\n<\/div><\/div><\/div><div class=\"mkd-bnl-navigation-holder\">\n    <div class=\"mkd-bnl-navigation\">\n        <a class=\"mkd-bnl-nav-icon mkd-bnl-nav-prev\"><span class=\"ion-ios-arrow-left\"><\/span><\/a>\n        <a class=\"mkd-bnl-nav-icon mkd-bnl-nav-next\"><span class=\"ion-ios-arrow-right\"><\/span><\/a>\n    <\/div>\n<\/div><div class=\"mkd-post-ajax-preloader\" style=\"display: none;\">\n\t<div class=\"mkd-post-ajax-preloader-inner\">\n\t    <div class=\"mkd-pulse\"><\/div>\n\t    <div class=\"mkd-pulse\"><\/div>\n\t    <div class=\"mkd-pulse\"><\/div>\n\t<\/div>\n<\/div><\/div>[\/vc_column][\/vc_row]<\/p>\n","protected":false},"excerpt":{"rendered":"<p>[vc_row][vc_column][\/vc_column][\/vc_row][vc_row css=&#8221;.vc_custom_1457370854540{padding-top: 20px !important;}&#8221;][vc_column][\/vc_column][\/vc_row][vc_row css=&#8221;.vc_custom_1457370861035{padding-top: 20px !important;}&#8221;][vc_column][\/vc_column][\/vc_row]<\/p>\n","protected":false},"author":1,"featured_media":0,"parent":0,"menu_order":0,"comment_status":"closed","ping_status":"closed","template":"","meta":[],"_links":{"self":[{"href":"https:\/\/radiobanda1.com.br\/portal\/index.php?rest_route=\/wp\/v2\/pages\/1983"}],"collection":[{"href":"https:\/\/radiobanda1.com.br\/portal\/index.php?rest_route=\/wp\/v2\/pages"}],"about":[{"href":"https:\/\/radiobanda1.com.br\/portal\/index.php?rest_route=\/wp\/v2\/types\/page"}],"author":[{"embeddable":true,"href":"https:\/\/radiobanda1.com.br\/portal\/index.php?rest_route=\/wp\/v2\/users\/1"}],"replies":[{"embeddable":true,"href":"https:\/\/radiobanda1.com.br\/portal\/index.php?rest_route=%2Fwp%2Fv2%2Fcomments&post=1983"}],"version-history":[{"count":0,"href":"https:\/\/radiobanda1.com.br\/portal\/index.php?rest_route=\/wp\/v2\/pages\/1983\/revisions"}],"wp:attachment":[{"href":"https:\/\/radiobanda1.com.br\/portal\/index.php?rest_route=%2Fwp%2Fv2%2Fmedia&parent=1983"}],"curies":[{"name":"wp","href":"https:\/\/api.w.org\/{rel}","templated":true}]}}