{"id":1955,"date":"2016-03-07T16:37:05","date_gmt":"2016-03-07T16:37:05","guid":{"rendered":"http:\/\/discussion.mikado-themes.com\/?page_id=1955"},"modified":"2016-03-07T16:37:05","modified_gmt":"2016-03-07T16:37:05","slug":"layout-4","status":"publish","type":"page","link":"https:\/\/radiobanda1.com.br\/portal\/?page_id=1955","title":{"rendered":"Layout 4"},"content":{"rendered":"<p>[vc_row][vc_column]<div class=\"mkd-bnl-holder mkd-pl-four-holder  mkd-post-columns-2\"  data-base=\"mkd_post_layout_four\"  data-number_of_posts=\"8\" data-column_number=\"2\" data-category_id=\"4\"       data-title=\"No Pagination\" data-pattern_style=\"light\"  data-title_length=\"34\"   data-display_category=\"yes\" data-display_pagination=\"no\"     data-paged=\"1\" data-max_pages=\"77\"><div class=\"mkd-layout-title-holder\"><span class=\"mkd-section-title-holder clearfix mkd-pattern-light\">\n            <span class=\"mkd-st-title\">\n        No Pagination        <\/span>\n    <\/span><\/div><div class=\"mkd-bnl-outer\"><div class=\"mkd-bnl-inner\"><div class=\"mkd-pt-four-item mkd-post-item mkd-pt-four-has-cat \">\n    <div class=\"mkd-pt-four-item-inner\">\n        <div class=\"mkd-pt-four-content-holder\">\n\t\t\t            <h5 class=\"mkd-pt-four-title\">\n            <a itemprop=\"url\" class=\"mkd-pt-link\" href=\"https:\/\/radiobanda1.com.br\/portal\/?p=18413\" target=\"_self\">S\u00edndrome Respirat\u00f3ria Aguda Grave...<\/a>\n            <\/h5>\n\t\t\t<div itemprop=\"dateCreated\" class=\"mkd-post-info-date entry-date updated\">\n\t\t\t<a itemprop=\"url\" href=\"https:\/\/radiobanda1.com.br\/portal\/?m=202604\">\n\t\t16 de abril de 2026\t\t\t<\/a>\n\t\t<meta itemprop=\"interactionCount\" content=\"UserComments: 0\"\/>\n<\/div>        <\/div>\n    <\/div>\n<\/div><div class=\"mkd-pt-four-item mkd-post-item mkd-pt-four-has-cat \">\n    <div class=\"mkd-pt-four-item-inner\">\n        <div class=\"mkd-pt-four-content-holder\">\n\t\t\t            <h5 class=\"mkd-pt-four-title\">\n            <a itemprop=\"url\" class=\"mkd-pt-link\" href=\"https:\/\/radiobanda1.com.br\/portal\/?p=18410\" target=\"_self\">Anvisa pro\u00edbe canetas emagrecedora...<\/a>\n            <\/h5>\n\t\t\t<div itemprop=\"dateCreated\" class=\"mkd-post-info-date entry-date updated\">\n\t\t\t<a itemprop=\"url\" href=\"https:\/\/radiobanda1.com.br\/portal\/?m=202604\">\n\t\t16 de abril de 2026\t\t\t<\/a>\n\t\t<meta itemprop=\"interactionCount\" content=\"UserComments: 0\"\/>\n<\/div>        <\/div>\n    <\/div>\n<\/div><div class=\"mkd-pt-four-item mkd-post-item mkd-pt-four-has-cat \">\n    <div class=\"mkd-pt-four-item-inner\">\n        <div class=\"mkd-pt-four-content-holder\">\n\t\t\t            <h5 class=\"mkd-pt-four-title\">\n            <a itemprop=\"url\" class=\"mkd-pt-link\" href=\"https:\/\/radiobanda1.com.br\/portal\/?p=18407\" target=\"_self\">Aposentados e pensionistas do INSS...<\/a>\n            <\/h5>\n\t\t\t<div itemprop=\"dateCreated\" class=\"mkd-post-info-date entry-date updated\">\n\t\t\t<a itemprop=\"url\" href=\"https:\/\/radiobanda1.com.br\/portal\/?m=202604\">\n\t\t16 de abril de 2026\t\t\t<\/a>\n\t\t<meta itemprop=\"interactionCount\" content=\"UserComments: 0\"\/>\n<\/div>        <\/div>\n    <\/div>\n<\/div><div class=\"mkd-pt-four-item mkd-post-item mkd-pt-four-has-cat \">\n    <div class=\"mkd-pt-four-item-inner\">\n        <div class=\"mkd-pt-four-content-holder\">\n\t\t\t            <h5 class=\"mkd-pt-four-title\">\n            <a itemprop=\"url\" class=\"mkd-pt-link\" href=\"https:\/\/radiobanda1.com.br\/portal\/?p=18404\" target=\"_self\">Governo prop\u00f5e sal\u00e1rio m\u00ednimo de R...<\/a>\n            <\/h5>\n\t\t\t<div itemprop=\"dateCreated\" class=\"mkd-post-info-date entry-date updated\">\n\t\t\t<a itemprop=\"url\" href=\"https:\/\/radiobanda1.com.br\/portal\/?m=202604\">\n\t\t16 de abril de 2026\t\t\t<\/a>\n\t\t<meta itemprop=\"interactionCount\" content=\"UserComments: 0\"\/>\n<\/div>        <\/div>\n    <\/div>\n<\/div><div class=\"mkd-pt-four-item mkd-post-item mkd-pt-four-has-cat \">\n    <div class=\"mkd-pt-four-item-inner\">\n        <div class=\"mkd-pt-four-content-holder\">\n\t\t\t            <h5 class=\"mkd-pt-four-title\">\n            <a itemprop=\"url\" class=\"mkd-pt-link\" href=\"https:\/\/radiobanda1.com.br\/portal\/?p=18401\" target=\"_self\">Receita recebeu mais de 11 milh\u00f5es...<\/a>\n            <\/h5>\n\t\t\t<div itemprop=\"dateCreated\" class=\"mkd-post-info-date entry-date updated\">\n\t\t\t<a itemprop=\"url\" href=\"https:\/\/radiobanda1.com.br\/portal\/?m=202604\">\n\t\t16 de abril de 2026\t\t\t<\/a>\n\t\t<meta itemprop=\"interactionCount\" content=\"UserComments: 0\"\/>\n<\/div>        <\/div>\n    <\/div>\n<\/div><div class=\"mkd-pt-four-item mkd-post-item mkd-pt-four-has-cat \">\n    <div class=\"mkd-pt-four-item-inner\">\n        <div class=\"mkd-pt-four-content-holder\">\n\t\t\t            <h5 class=\"mkd-pt-four-title\">\n            <a itemprop=\"url\" class=\"mkd-pt-link\" href=\"https:\/\/radiobanda1.com.br\/portal\/?p=18397\" target=\"_self\">Com\u00e9rcio do Paran\u00e1 teve maior cres...<\/a>\n            <\/h5>\n\t\t\t<div itemprop=\"dateCreated\" class=\"mkd-post-info-date entry-date updated\">\n\t\t\t<a itemprop=\"url\" href=\"https:\/\/radiobanda1.com.br\/portal\/?m=202604\">\n\t\t15 de abril de 2026\t\t\t<\/a>\n\t\t<meta itemprop=\"interactionCount\" content=\"UserComments: 0\"\/>\n<\/div>        <\/div>\n    <\/div>\n<\/div><div class=\"mkd-pt-four-item mkd-post-item mkd-pt-four-has-cat \">\n    <div class=\"mkd-pt-four-item-inner\">\n        <div class=\"mkd-pt-four-content-holder\">\n\t\t\t            <h5 class=\"mkd-pt-four-title\">\n            <a itemprop=\"url\" class=\"mkd-pt-link\" href=\"https:\/\/radiobanda1.com.br\/portal\/?p=18394\" target=\"_self\">Lula envia ao Congresso projeto de...<\/a>\n            <\/h5>\n\t\t\t<div itemprop=\"dateCreated\" class=\"mkd-post-info-date entry-date updated\">\n\t\t\t<a itemprop=\"url\" href=\"https:\/\/radiobanda1.com.br\/portal\/?m=202604\">\n\t\t15 de abril de 2026\t\t\t<\/a>\n\t\t<meta itemprop=\"interactionCount\" content=\"UserComments: 0\"\/>\n<\/div>        <\/div>\n    <\/div>\n<\/div><div class=\"mkd-pt-four-item mkd-post-item mkd-pt-four-has-cat \">\n    <div class=\"mkd-pt-four-item-inner\">\n        <div class=\"mkd-pt-four-content-holder\">\n\t\t\t            <h5 class=\"mkd-pt-four-title\">\n            <a itemprop=\"url\" class=\"mkd-pt-link\" href=\"https:\/\/radiobanda1.com.br\/portal\/?p=18391\" target=\"_self\">N\u00famero de eleitores com mais de 60...<\/a>\n            <\/h5>\n\t\t\t<div itemprop=\"dateCreated\" class=\"mkd-post-info-date entry-date updated\">\n\t\t\t<a itemprop=\"url\" href=\"https:\/\/radiobanda1.com.br\/portal\/?m=202604\">\n\t\t15 de abril de 2026\t\t\t<\/a>\n\t\t<meta itemprop=\"interactionCount\" content=\"UserComments: 0\"\/>\n<\/div>        <\/div>\n    <\/div>\n<\/div><\/div><\/div><\/div>[\/vc_column][\/vc_row][vc_row css=&#8221;.vc_custom_1457368681782{padding-top: 30px !important;}&#8221;][vc_column]<div class=\"mkd-bnl-holder mkd-pl-four-holder  mkd-post-columns-2 mkd-post-pag-np-horizontal\"  data-base=\"mkd_post_layout_four\"  data-number_of_posts=\"8\" data-column_number=\"2\"        data-title=\"With Pagination\" data-pattern_style=\"light\"  data-title_length=\"34\"   data-display_category=\"no\" data-display_pagination=\"yes\" data-pagination_type=\"np-horizontal\"    data-paged=\"1\" data-max_pages=\"77\"  data-next_page=\"2\"><div class=\"mkd-layout-title-holder\"><span class=\"mkd-section-title-holder clearfix mkd-pattern-light\">\n            <span class=\"mkd-st-title\">\n        With Pagination        <\/span>\n    <\/span><\/div><div class=\"mkd-bnl-outer\"><div class=\"mkd-bnl-inner\"><div class=\"mkd-pt-four-item mkd-post-item \">\n    <div class=\"mkd-pt-four-item-inner\">\n        <div class=\"mkd-pt-four-content-holder\">\n\t\t\t            <h5 class=\"mkd-pt-four-title\">\n            <a itemprop=\"url\" class=\"mkd-pt-link\" href=\"https:\/\/radiobanda1.com.br\/portal\/?p=18413\" target=\"_self\">S\u00edndrome Respirat\u00f3ria Aguda Grave...<\/a>\n            <\/h5>\n\t\t\t<div itemprop=\"dateCreated\" class=\"mkd-post-info-date entry-date updated\">\n\t\t\t<a itemprop=\"url\" href=\"https:\/\/radiobanda1.com.br\/portal\/?m=202604\">\n\t\t16 de abril de 2026\t\t\t<\/a>\n\t\t<meta itemprop=\"interactionCount\" content=\"UserComments: 0\"\/>\n<\/div>        <\/div>\n    <\/div>\n<\/div><div class=\"mkd-pt-four-item mkd-post-item \">\n    <div class=\"mkd-pt-four-item-inner\">\n        <div class=\"mkd-pt-four-content-holder\">\n\t\t\t            <h5 class=\"mkd-pt-four-title\">\n            <a itemprop=\"url\" class=\"mkd-pt-link\" href=\"https:\/\/radiobanda1.com.br\/portal\/?p=18410\" target=\"_self\">Anvisa pro\u00edbe canetas emagrecedora...<\/a>\n            <\/h5>\n\t\t\t<div itemprop=\"dateCreated\" class=\"mkd-post-info-date entry-date updated\">\n\t\t\t<a itemprop=\"url\" href=\"https:\/\/radiobanda1.com.br\/portal\/?m=202604\">\n\t\t16 de abril de 2026\t\t\t<\/a>\n\t\t<meta itemprop=\"interactionCount\" content=\"UserComments: 0\"\/>\n<\/div>        <\/div>\n    <\/div>\n<\/div><div class=\"mkd-pt-four-item mkd-post-item \">\n    <div class=\"mkd-pt-four-item-inner\">\n        <div class=\"mkd-pt-four-content-holder\">\n\t\t\t            <h5 class=\"mkd-pt-four-title\">\n            <a itemprop=\"url\" class=\"mkd-pt-link\" href=\"https:\/\/radiobanda1.com.br\/portal\/?p=18407\" target=\"_self\">Aposentados e pensionistas do INSS...<\/a>\n            <\/h5>\n\t\t\t<div itemprop=\"dateCreated\" class=\"mkd-post-info-date entry-date updated\">\n\t\t\t<a itemprop=\"url\" href=\"https:\/\/radiobanda1.com.br\/portal\/?m=202604\">\n\t\t16 de abril de 2026\t\t\t<\/a>\n\t\t<meta itemprop=\"interactionCount\" content=\"UserComments: 0\"\/>\n<\/div>        <\/div>\n    <\/div>\n<\/div><div class=\"mkd-pt-four-item mkd-post-item \">\n    <div class=\"mkd-pt-four-item-inner\">\n        <div class=\"mkd-pt-four-content-holder\">\n\t\t\t            <h5 class=\"mkd-pt-four-title\">\n            <a itemprop=\"url\" class=\"mkd-pt-link\" href=\"https:\/\/radiobanda1.com.br\/portal\/?p=18404\" target=\"_self\">Governo prop\u00f5e sal\u00e1rio m\u00ednimo de R...<\/a>\n            <\/h5>\n\t\t\t<div itemprop=\"dateCreated\" class=\"mkd-post-info-date entry-date updated\">\n\t\t\t<a itemprop=\"url\" href=\"https:\/\/radiobanda1.com.br\/portal\/?m=202604\">\n\t\t16 de abril de 2026\t\t\t<\/a>\n\t\t<meta itemprop=\"interactionCount\" content=\"UserComments: 0\"\/>\n<\/div>        <\/div>\n    <\/div>\n<\/div><div class=\"mkd-pt-four-item mkd-post-item \">\n    <div class=\"mkd-pt-four-item-inner\">\n        <div class=\"mkd-pt-four-content-holder\">\n\t\t\t            <h5 class=\"mkd-pt-four-title\">\n            <a itemprop=\"url\" class=\"mkd-pt-link\" href=\"https:\/\/radiobanda1.com.br\/portal\/?p=18401\" target=\"_self\">Receita recebeu mais de 11 milh\u00f5es...<\/a>\n            <\/h5>\n\t\t\t<div itemprop=\"dateCreated\" class=\"mkd-post-info-date entry-date updated\">\n\t\t\t<a itemprop=\"url\" href=\"https:\/\/radiobanda1.com.br\/portal\/?m=202604\">\n\t\t16 de abril de 2026\t\t\t<\/a>\n\t\t<meta itemprop=\"interactionCount\" content=\"UserComments: 0\"\/>\n<\/div>        <\/div>\n    <\/div>\n<\/div><div class=\"mkd-pt-four-item mkd-post-item \">\n    <div class=\"mkd-pt-four-item-inner\">\n        <div class=\"mkd-pt-four-content-holder\">\n\t\t\t            <h5 class=\"mkd-pt-four-title\">\n            <a itemprop=\"url\" class=\"mkd-pt-link\" href=\"https:\/\/radiobanda1.com.br\/portal\/?p=18397\" target=\"_self\">Com\u00e9rcio do Paran\u00e1 teve maior cres...<\/a>\n            <\/h5>\n\t\t\t<div itemprop=\"dateCreated\" class=\"mkd-post-info-date entry-date updated\">\n\t\t\t<a itemprop=\"url\" href=\"https:\/\/radiobanda1.com.br\/portal\/?m=202604\">\n\t\t15 de abril de 2026\t\t\t<\/a>\n\t\t<meta itemprop=\"interactionCount\" content=\"UserComments: 0\"\/>\n<\/div>        <\/div>\n    <\/div>\n<\/div><div class=\"mkd-pt-four-item mkd-post-item \">\n    <div class=\"mkd-pt-four-item-inner\">\n        <div class=\"mkd-pt-four-content-holder\">\n\t\t\t            <h5 class=\"mkd-pt-four-title\">\n            <a itemprop=\"url\" class=\"mkd-pt-link\" href=\"https:\/\/radiobanda1.com.br\/portal\/?p=18394\" target=\"_self\">Lula envia ao Congresso projeto de...<\/a>\n            <\/h5>\n\t\t\t<div itemprop=\"dateCreated\" class=\"mkd-post-info-date entry-date updated\">\n\t\t\t<a itemprop=\"url\" href=\"https:\/\/radiobanda1.com.br\/portal\/?m=202604\">\n\t\t15 de abril de 2026\t\t\t<\/a>\n\t\t<meta itemprop=\"interactionCount\" content=\"UserComments: 0\"\/>\n<\/div>        <\/div>\n    <\/div>\n<\/div><div class=\"mkd-pt-four-item mkd-post-item \">\n    <div class=\"mkd-pt-four-item-inner\">\n        <div class=\"mkd-pt-four-content-holder\">\n\t\t\t            <h5 class=\"mkd-pt-four-title\">\n            <a itemprop=\"url\" class=\"mkd-pt-link\" href=\"https:\/\/radiobanda1.com.br\/portal\/?p=18391\" target=\"_self\">N\u00famero de eleitores com mais de 60...<\/a>\n            <\/h5>\n\t\t\t<div itemprop=\"dateCreated\" class=\"mkd-post-info-date entry-date updated\">\n\t\t\t<a itemprop=\"url\" href=\"https:\/\/radiobanda1.com.br\/portal\/?m=202604\">\n\t\t15 de abril de 2026\t\t\t<\/a>\n\t\t<meta itemprop=\"interactionCount\" content=\"UserComments: 0\"\/>\n<\/div>        <\/div>\n    <\/div>\n<\/div><\/div><\/div><div class=\"mkd-bnl-navigation-holder\">\n    <div class=\"mkd-bnl-navigation\">\n        <a class=\"mkd-bnl-nav-icon mkd-bnl-nav-prev\"><span class=\"ion-ios-arrow-left\"><\/span><\/a>\n        <a class=\"mkd-bnl-nav-icon mkd-bnl-nav-next\"><span class=\"ion-ios-arrow-right\"><\/span><\/a>\n    <\/div>\n<\/div><div class=\"mkd-post-ajax-preloader\" style=\"display: none;\">\n\t<div class=\"mkd-post-ajax-preloader-inner\">\n\t    <div class=\"mkd-pulse\"><\/div>\n\t    <div class=\"mkd-pulse\"><\/div>\n\t    <div class=\"mkd-pulse\"><\/div>\n\t<\/div>\n<\/div><\/div>[\/vc_column][\/vc_row]<\/p>\n","protected":false},"excerpt":{"rendered":"<p>[vc_row][vc_column][\/vc_column][\/vc_row][vc_row css=&#8221;.vc_custom_1457368681782{padding-top: 30px !important;}&#8221;][vc_column][\/vc_column][\/vc_row]<\/p>\n","protected":false},"author":1,"featured_media":0,"parent":0,"menu_order":0,"comment_status":"closed","ping_status":"closed","template":"","meta":[],"_links":{"self":[{"href":"https:\/\/radiobanda1.com.br\/portal\/index.php?rest_route=\/wp\/v2\/pages\/1955"}],"collection":[{"href":"https:\/\/radiobanda1.com.br\/portal\/index.php?rest_route=\/wp\/v2\/pages"}],"about":[{"href":"https:\/\/radiobanda1.com.br\/portal\/index.php?rest_route=\/wp\/v2\/types\/page"}],"author":[{"embeddable":true,"href":"https:\/\/radiobanda1.com.br\/portal\/index.php?rest_route=\/wp\/v2\/users\/1"}],"replies":[{"embeddable":true,"href":"https:\/\/radiobanda1.com.br\/portal\/index.php?rest_route=%2Fwp%2Fv2%2Fcomments&post=1955"}],"version-history":[{"count":0,"href":"https:\/\/radiobanda1.com.br\/portal\/index.php?rest_route=\/wp\/v2\/pages\/1955\/revisions"}],"wp:attachment":[{"href":"https:\/\/radiobanda1.com.br\/portal\/index.php?rest_route=%2Fwp%2Fv2%2Fmedia&parent=1955"}],"curies":[{"name":"wp","href":"https:\/\/api.w.org\/{rel}","templated":true}]}}