{"id":1935,"date":"2016-03-07T16:19:07","date_gmt":"2016-03-07T16:19:07","guid":{"rendered":"http:\/\/discussion.mikado-themes.com\/?page_id=1935"},"modified":"2016-03-07T16:19:07","modified_gmt":"2016-03-07T16:19:07","slug":"layout-2","status":"publish","type":"page","link":"https:\/\/radiobanda1.com.br\/portal\/?page_id=1935","title":{"rendered":"Layout 2"},"content":{"rendered":"<p>[vc_row][vc_column]<div class=\"mkd-bnl-holder mkd-pl-two-holder  mkd-post-columns-1\"  data-base=\"mkd_post_layout_two\"  data-number_of_posts=\"3\" data-column_number=\"1\" data-category_id=\"4\"       data-title=\"No Pagination\" data-pattern_style=\"light\"  data-custom_thumb_image_height=\"223\"  data-title_length=\"29\"       data-display_excerpt=\"yes\" data-excerpt_length=\"25\" data-display_pagination=\"no\"     data-paged=\"1\" data-max_pages=\"205\"><div class=\"mkd-layout-title-holder\"><span class=\"mkd-section-title-holder clearfix mkd-pattern-light\">\n            <span class=\"mkd-st-title\">\n        No Pagination        <\/span>\n    <\/span><\/div><div class=\"mkd-bnl-outer\"><div class=\"mkd-bnl-inner\"><div class=\"mkd-pt-two-item mkd-post-item\">\n\t<div class=\"mkd-pt-two-item-inner\">\n\t\t\t\t\t<div class=\"mkd-pt-two-image-holder\">\n\t\t\t\t\t\t\t\t<a itemprop=\"url\" class=\"mkd-pt-two-link mkd-image-link\" href=\"https:\/\/radiobanda1.com.br\/portal\/?p=18426\" target=\"_self\" style=\"width: 312px\">\n\t\t\t\t\t<img src=\"https:\/\/radiobanda1.com.br\/portal\/wp-content\/uploads\/2026\/04\/328-312x223.jpg\" alt=\"\" width=\"312\" height=\"223\" \/>\t\t\t\t<\/a>\n\t\t\t<\/div>\n\t\t\t\t<div class=\"mkd-pt-two-content-holder\">\n\t\t\t<div class=\"mkd-pt-two-content-holder-inner\">\n\t\t\t\t<div class=\"mkd-pt-two-content-top-holder\">\n\t\t\t\t\t<div class=\"mkd-pt-two-content-top-holder-cell\">\n\t\t\t\t\t\t<h3 class=\"mkd-pt-two-title\">\n\t\t\t\t\t\t<a itemprop=\"url\" class=\"mkd-pt-link\" href=\"https:\/\/radiobanda1.com.br\/portal\/?p=18426\" target=\"_self\">\n\t\t\t\t\t\t\tMoraes vota para condenar Edu...\t\t\t\t\t\t<\/a>\n\t\t\t\t\t\t<\/h3>\n\t\t\t\t\t\t<div itemprop=\"dateCreated\" class=\"mkd-post-info-date entry-date updated\">\n\t\t\t<a itemprop=\"url\" href=\"https:\/\/radiobanda1.com.br\/portal\/?m=202604\">\n\t\t17 de abril de 2026\t\t\t<\/a>\n\t\t<meta itemprop=\"interactionCount\" content=\"UserComments: 0\"\/>\n<\/div>\t\t\t\t\t\t\t\t\t\t\t\t\t<div class=\"mkd-pt-two-excerpt\">\n\t\t\t\t\t\t\t\t<p class=\"mkd-post-excerpt\">O ministro Alexandre de Moraes, do Supremo Tribunal Federal (STF), votou nesta sexta-feira (17) para condenar o ex-deputado federal Eduardo Bolsonaro (PL-SP) por difama\u00e7\u00e3o contra<\/p>\t\t\t\t\t\t\t<\/div>\n\t\t\t\t\t\t\t\t\t\t\t<\/div>\n\t\t\t\t<\/div>\n\t\t\t\t\t\t\t\t\t<div class=\"mkd-pt-two-content-bottom-holder\">\n\t\t\t\t\t\t<div class=\"mkd-pt-info-section clearfix\">\n\t\t\t\t\t\t\t<div>\n\t\t\t\t\t\t\t\t<div class=\"mkd-post-info-comments-holder\"><a class=\"mkd-post-info-comments\" href=\"https:\/\/radiobanda1.com.br\/portal\/?p=18426#respond\" target=\"_self\">0 Comments<\/a><\/div>\t\t\t\t\t\t\t<\/div>\n\t\t\t\t\t\t<\/div>\n\t\t\t\t\t<\/div>\n\t\t\t\t\t\t\t<\/div>\n\t\t<\/div>\n\t<\/div>\n<\/div><div class=\"mkd-pt-two-item mkd-post-item\">\n\t<div class=\"mkd-pt-two-item-inner\">\n\t\t\t\t\t<div class=\"mkd-pt-two-image-holder\">\n\t\t\t\t\t\t\t\t<a itemprop=\"url\" class=\"mkd-pt-two-link mkd-image-link\" href=\"https:\/\/radiobanda1.com.br\/portal\/?p=18423\" target=\"_self\" style=\"width: 312px\">\n\t\t\t\t\t<img src=\"https:\/\/radiobanda1.com.br\/portal\/wp-content\/uploads\/2026\/04\/327-312x223.jpg\" alt=\"\" width=\"312\" height=\"223\" \/>\t\t\t\t<\/a>\n\t\t\t<\/div>\n\t\t\t\t<div class=\"mkd-pt-two-content-holder\">\n\t\t\t<div class=\"mkd-pt-two-content-holder-inner\">\n\t\t\t\t<div class=\"mkd-pt-two-content-top-holder\">\n\t\t\t\t\t<div class=\"mkd-pt-two-content-top-holder-cell\">\n\t\t\t\t\t\t<h3 class=\"mkd-pt-two-title\">\n\t\t\t\t\t\t<a itemprop=\"url\" class=\"mkd-pt-link\" href=\"https:\/\/radiobanda1.com.br\/portal\/?p=18423\" target=\"_self\">\n\t\t\t\t\t\t\tSTF decide que piso nacional...\t\t\t\t\t\t<\/a>\n\t\t\t\t\t\t<\/h3>\n\t\t\t\t\t\t<div itemprop=\"dateCreated\" class=\"mkd-post-info-date entry-date updated\">\n\t\t\t<a itemprop=\"url\" href=\"https:\/\/radiobanda1.com.br\/portal\/?m=202604\">\n\t\t17 de abril de 2026\t\t\t<\/a>\n\t\t<meta itemprop=\"interactionCount\" content=\"UserComments: 0\"\/>\n<\/div>\t\t\t\t\t\t\t\t\t\t\t\t\t<div class=\"mkd-pt-two-excerpt\">\n\t\t\t\t\t\t\t\t<p class=\"mkd-post-excerpt\">Por unanimidade, o Supremo Tribunal Federal (STF) decidiu nesta quinta-feira (16) que professores tempor\u00e1rios da rede p\u00fablica de estados e munic\u00edpios t\u00eam direito ao pagamento<\/p>\t\t\t\t\t\t\t<\/div>\n\t\t\t\t\t\t\t\t\t\t\t<\/div>\n\t\t\t\t<\/div>\n\t\t\t\t\t\t\t\t\t<div class=\"mkd-pt-two-content-bottom-holder\">\n\t\t\t\t\t\t<div class=\"mkd-pt-info-section clearfix\">\n\t\t\t\t\t\t\t<div>\n\t\t\t\t\t\t\t\t<div class=\"mkd-post-info-comments-holder\"><a class=\"mkd-post-info-comments\" href=\"https:\/\/radiobanda1.com.br\/portal\/?p=18423#respond\" target=\"_self\">0 Comments<\/a><\/div>\t\t\t\t\t\t\t<\/div>\n\t\t\t\t\t\t<\/div>\n\t\t\t\t\t<\/div>\n\t\t\t\t\t\t\t<\/div>\n\t\t<\/div>\n\t<\/div>\n<\/div><div class=\"mkd-pt-two-item mkd-post-item\">\n\t<div class=\"mkd-pt-two-item-inner\">\n\t\t\t\t\t<div class=\"mkd-pt-two-image-holder\">\n\t\t\t\t\t\t\t\t<a itemprop=\"url\" class=\"mkd-pt-two-link mkd-image-link\" href=\"https:\/\/radiobanda1.com.br\/portal\/?p=18420\" target=\"_self\" style=\"width: 312px\">\n\t\t\t\t\t<img src=\"https:\/\/radiobanda1.com.br\/portal\/wp-content\/uploads\/2026\/04\/326-312x223.jpg\" alt=\"\" width=\"312\" height=\"223\" \/>\t\t\t\t<\/a>\n\t\t\t<\/div>\n\t\t\t\t<div class=\"mkd-pt-two-content-holder\">\n\t\t\t<div class=\"mkd-pt-two-content-holder-inner\">\n\t\t\t\t<div class=\"mkd-pt-two-content-top-holder\">\n\t\t\t\t\t<div class=\"mkd-pt-two-content-top-holder-cell\">\n\t\t\t\t\t\t<h3 class=\"mkd-pt-two-title\">\n\t\t\t\t\t\t<a itemprop=\"url\" class=\"mkd-pt-link\" href=\"https:\/\/radiobanda1.com.br\/portal\/?p=18420\" target=\"_self\">\n\t\t\t\t\t\t\tFim de semana antes do feriad...\t\t\t\t\t\t<\/a>\n\t\t\t\t\t\t<\/h3>\n\t\t\t\t\t\t<div itemprop=\"dateCreated\" class=\"mkd-post-info-date entry-date updated\">\n\t\t\t<a itemprop=\"url\" href=\"https:\/\/radiobanda1.com.br\/portal\/?m=202604\">\n\t\t17 de abril de 2026\t\t\t<\/a>\n\t\t<meta itemprop=\"interactionCount\" content=\"UserComments: 0\"\/>\n<\/div>\t\t\t\t\t\t\t\t\t\t\t\t\t<div class=\"mkd-pt-two-excerpt\">\n\t\t\t\t\t\t\t\t<p class=\"mkd-post-excerpt\">Nesta sexta-feira (17) h\u00e1 previs\u00e3o de pancadas de chuva isoladas a partir da tarde no Paran\u00e1. De acordo com o Simepar, o Sistema de Tecnologia<\/p>\t\t\t\t\t\t\t<\/div>\n\t\t\t\t\t\t\t\t\t\t\t<\/div>\n\t\t\t\t<\/div>\n\t\t\t\t\t\t\t\t\t<div class=\"mkd-pt-two-content-bottom-holder\">\n\t\t\t\t\t\t<div class=\"mkd-pt-info-section clearfix\">\n\t\t\t\t\t\t\t<div>\n\t\t\t\t\t\t\t\t<div class=\"mkd-post-info-comments-holder\"><a class=\"mkd-post-info-comments\" href=\"https:\/\/radiobanda1.com.br\/portal\/?p=18420#respond\" target=\"_self\">0 Comments<\/a><\/div>\t\t\t\t\t\t\t<\/div>\n\t\t\t\t\t\t<\/div>\n\t\t\t\t\t<\/div>\n\t\t\t\t\t\t\t<\/div>\n\t\t<\/div>\n\t<\/div>\n<\/div><\/div><\/div><\/div>[\/vc_column][\/vc_row][vc_row css=&#8221;.vc_custom_1457368025102{padding-top: 40px !important;}&#8221;][vc_column]<div class=\"mkd-bnl-holder mkd-pl-two-holder  mkd-post-columns-1 mkd-post-pag-np-horizontal\"  data-base=\"mkd_post_layout_two\"  data-number_of_posts=\"3\" data-column_number=\"1\"  data-category_slug=\"sport, health, food\"      data-title=\"With Pagination\" data-pattern_style=\"light\"  data-custom_thumb_image_height=\"223\"         data-display_excerpt=\"yes\" data-excerpt_length=\"25\" data-display_pagination=\"yes\" data-pagination_type=\"np-horizontal\"    data-paged=\"1\" data-max_pages=\"1\"  data-next_page=\"2\"><div class=\"mkd-layout-title-holder\"><span class=\"mkd-section-title-holder clearfix mkd-pattern-light\">\n            <span class=\"mkd-st-title\">\n        With Pagination        <\/span>\n    <\/span><\/div><div class=\"mkd-bnl-outer\"><div class=\"mkd-bnl-inner\"><div class=\"mkd-pt-two-item mkd-post-item\">\n\t<div class=\"mkd-pt-two-item-inner\">\n\t\t\t\t\t<div class=\"mkd-pt-two-image-holder\">\n\t\t\t\t\t\t\t\t<a itemprop=\"url\" class=\"mkd-pt-two-link mkd-image-link\" href=\"https:\/\/radiobanda1.com.br\/portal\/?p=18183\" target=\"_self\" style=\"width: 312px\">\n\t\t\t\t\t<img src=\"https:\/\/radiobanda1.com.br\/portal\/wp-content\/uploads\/2026\/03\/CopaDoBrasil-02-1-312x223.png\" alt=\"\" width=\"312\" height=\"223\" \/>\t\t\t\t<\/a>\n\t\t\t<\/div>\n\t\t\t\t<div class=\"mkd-pt-two-content-holder\">\n\t\t\t<div class=\"mkd-pt-two-content-holder-inner\">\n\t\t\t\t<div class=\"mkd-pt-two-content-top-holder\">\n\t\t\t\t\t<div class=\"mkd-pt-two-content-top-holder-cell\">\n\t\t\t\t\t\t<h3 class=\"mkd-pt-two-title\">\n\t\t\t\t\t\t<a itemprop=\"url\" class=\"mkd-pt-link\" href=\"https:\/\/radiobanda1.com.br\/portal\/?p=18183\" target=\"_self\">\n\t\t\t\t\t\t\tCopa do Brasil 2026: Sorteio da quinta fase jogos.\t\t\t\t\t\t<\/a>\n\t\t\t\t\t\t<\/h3>\n\t\t\t\t\t\t<div itemprop=\"dateCreated\" class=\"mkd-post-info-date entry-date updated\">\n\t\t\t<a itemprop=\"url\" href=\"https:\/\/radiobanda1.com.br\/portal\/?m=202603\">\n\t\t23 de mar\u00e7o de 2026\t\t\t<\/a>\n\t\t<meta itemprop=\"interactionCount\" content=\"UserComments: 0\"\/>\n<\/div>\t\t\t\t\t\t\t\t\t\t\t\t\t<div class=\"mkd-pt-two-excerpt\">\n\t\t\t\t\t\t\t\t<p class=\"mkd-post-excerpt\">Atl\u00e9tico-MG x Cear\u00e1.\r\nCruzeiro x Goi\u00e1s.\r\nAthletico Pr  x Atl\u00e9tico-GO.\r\nFlamengo x Vit\u00f3ria.\r\nGr\u00eamio x Confian\u00e7a-SE.\r\nVasco x Paysandu.\r\nFortaleza x CRB.\r\nBahia x Remo.\r\nBotafogo x Chapecoense.\r\nBragantino x Mirassol.\r\nCorinthians x Barra-SC.\r\nFluminense<\/p>\t\t\t\t\t\t\t<\/div>\n\t\t\t\t\t\t\t\t\t\t\t<\/div>\n\t\t\t\t<\/div>\n\t\t\t\t\t\t\t\t\t<div class=\"mkd-pt-two-content-bottom-holder\">\n\t\t\t\t\t\t<div class=\"mkd-pt-info-section clearfix\">\n\t\t\t\t\t\t\t<div>\n\t\t\t\t\t\t\t\t<div class=\"mkd-post-info-comments-holder\"><a class=\"mkd-post-info-comments\" href=\"https:\/\/radiobanda1.com.br\/portal\/?p=18183#respond\" target=\"_self\">0 Comments<\/a><\/div>\t\t\t\t\t\t\t<\/div>\n\t\t\t\t\t\t<\/div>\n\t\t\t\t\t<\/div>\n\t\t\t\t\t\t\t<\/div>\n\t\t<\/div>\n\t<\/div>\n<\/div><div class=\"mkd-pt-two-item mkd-post-item\">\n\t<div class=\"mkd-pt-two-item-inner\">\n\t\t\t\t\t<div class=\"mkd-pt-two-image-holder\">\n\t\t\t\t\t\t\t\t<a itemprop=\"url\" class=\"mkd-pt-two-link mkd-image-link\" href=\"https:\/\/radiobanda1.com.br\/portal\/?p=18052\" target=\"_self\" style=\"width: 312px\">\n\t\t\t\t\t<img src=\"https:\/\/radiobanda1.com.br\/portal\/wp-content\/uploads\/2026\/03\/216-312x223.jpg\" alt=\"\" width=\"312\" height=\"223\" \/>\t\t\t\t<\/a>\n\t\t\t<\/div>\n\t\t\t\t<div class=\"mkd-pt-two-content-holder\">\n\t\t\t<div class=\"mkd-pt-two-content-holder-inner\">\n\t\t\t\t<div class=\"mkd-pt-two-content-top-holder\">\n\t\t\t\t\t<div class=\"mkd-pt-two-content-top-holder-cell\">\n\t\t\t\t\t\t<h3 class=\"mkd-pt-two-title\">\n\t\t\t\t\t\t<a itemprop=\"url\" class=\"mkd-pt-link\" href=\"https:\/\/radiobanda1.com.br\/portal\/?p=18052\" target=\"_self\">\n\t\t\t\t\t\t\tAncelotti prev\u00ea que Brasil far\u00e1 Copa do Mundo de alto n\u00edvel\t\t\t\t\t\t<\/a>\n\t\t\t\t\t\t<\/h3>\n\t\t\t\t\t\t<div itemprop=\"dateCreated\" class=\"mkd-post-info-date entry-date updated\">\n\t\t\t<a itemprop=\"url\" href=\"https:\/\/radiobanda1.com.br\/portal\/?m=202603\">\n\t\t4 de mar\u00e7o de 2026\t\t\t<\/a>\n\t\t<meta itemprop=\"interactionCount\" content=\"UserComments: 0\"\/>\n<\/div>\t\t\t\t\t\t\t\t\t\t\t\t\t<div class=\"mkd-pt-two-excerpt\">\n\t\t\t\t\t\t\t\t<p class=\"mkd-post-excerpt\">O t\u00e9cnico da sele\u00e7\u00e3o brasileira, o italiano Carlo Ancelotti, afirmou que o Brasil far\u00e1 uma Copa do Mundo de n\u00edvel muito alto. A declara\u00e7\u00e3o foi<\/p>\t\t\t\t\t\t\t<\/div>\n\t\t\t\t\t\t\t\t\t\t\t<\/div>\n\t\t\t\t<\/div>\n\t\t\t\t\t\t\t\t\t<div class=\"mkd-pt-two-content-bottom-holder\">\n\t\t\t\t\t\t<div class=\"mkd-pt-info-section clearfix\">\n\t\t\t\t\t\t\t<div>\n\t\t\t\t\t\t\t\t<div class=\"mkd-post-info-comments-holder\"><a class=\"mkd-post-info-comments\" href=\"https:\/\/radiobanda1.com.br\/portal\/?p=18052#respond\" target=\"_self\">0 Comments<\/a><\/div>\t\t\t\t\t\t\t<\/div>\n\t\t\t\t\t\t<\/div>\n\t\t\t\t\t<\/div>\n\t\t\t\t\t\t\t<\/div>\n\t\t<\/div>\n\t<\/div>\n<\/div><\/div><\/div><\/div>[\/vc_column][\/vc_row]<\/p>\n","protected":false},"excerpt":{"rendered":"<p>[vc_row][vc_column][\/vc_column][\/vc_row][vc_row css=&#8221;.vc_custom_1457368025102{padding-top: 40px !important;}&#8221;][vc_column][\/vc_column][\/vc_row]<\/p>\n","protected":false},"author":1,"featured_media":0,"parent":0,"menu_order":0,"comment_status":"closed","ping_status":"closed","template":"","meta":[],"_links":{"self":[{"href":"https:\/\/radiobanda1.com.br\/portal\/index.php?rest_route=\/wp\/v2\/pages\/1935"}],"collection":[{"href":"https:\/\/radiobanda1.com.br\/portal\/index.php?rest_route=\/wp\/v2\/pages"}],"about":[{"href":"https:\/\/radiobanda1.com.br\/portal\/index.php?rest_route=\/wp\/v2\/types\/page"}],"author":[{"embeddable":true,"href":"https:\/\/radiobanda1.com.br\/portal\/index.php?rest_route=\/wp\/v2\/users\/1"}],"replies":[{"embeddable":true,"href":"https:\/\/radiobanda1.com.br\/portal\/index.php?rest_route=%2Fwp%2Fv2%2Fcomments&post=1935"}],"version-history":[{"count":0,"href":"https:\/\/radiobanda1.com.br\/portal\/index.php?rest_route=\/wp\/v2\/pages\/1935\/revisions"}],"wp:attachment":[{"href":"https:\/\/radiobanda1.com.br\/portal\/index.php?rest_route=%2Fwp%2Fv2%2Fmedia&parent=1935"}],"curies":[{"name":"wp","href":"https:\/\/api.w.org\/{rel}","templated":true}]}}