{"id":1921,"date":"2016-03-07T15:51:19","date_gmt":"2016-03-07T15:51:19","guid":{"rendered":"http:\/\/discussion.mikado-themes.com\/?page_id=1921"},"modified":"2016-03-07T15:51:19","modified_gmt":"2016-03-07T15:51:19","slug":"layout-1","status":"publish","type":"page","link":"https:\/\/radiobanda1.com.br\/portal\/?page_id=1921","title":{"rendered":"Layout 1"},"content":{"rendered":"<p>[vc_row][vc_column]<div class=\"mkd-bnl-holder mkd-pl-one-holder  mkd-post-columns-3\"  data-base=\"mkd_post_layout_one\"  data-number_of_posts=\"3\" data-column_number=\"3\" data-category_id=\"6\"       data-title=\"Three Columns\" data-pattern_style=\"light\" data-thumb_image_size=\"full\"   data-title_tag=\"h4\" data-title_length=\"18\"    data-display_comments=\"no\"  data-display_count=\"no\"  data-display_excerpt=\"yes\" data-excerpt_length=\"10\"  data-display_pagination=\"no\"    data-paged=\"1\" data-max_pages=\"204\"><div class=\"mkd-layout-title-holder\"><span class=\"mkd-section-title-holder clearfix mkd-pattern-light\">\n            <span class=\"mkd-st-title\">\n        Three Columns        <\/span>\n    <\/span><\/div><div class=\"mkd-bnl-outer\"><div class=\"mkd-bnl-inner\"><div class=\"mkd-pt-one-item mkd-post-item\">\n            <div class=\"mkd-pt-one-image-holder\">\n                        <div class=\"mkd-pt-one-image-inner-holder\">\n                <a itemprop=\"url\" class=\"mkd-pt-one-slide-link mkd-image-link\" href=\"https:\/\/radiobanda1.com.br\/portal\/?p=18413\" target=\"_self\">\n                <img width=\"700\" height=\"400\" src=\"https:\/\/radiobanda1.com.br\/portal\/wp-content\/uploads\/2026\/04\/324.jpg\" class=\"attachment-full size-full wp-post-image\" alt=\"\" loading=\"lazy\" srcset=\"https:\/\/radiobanda1.com.br\/portal\/wp-content\/uploads\/2026\/04\/324.jpg 700w, https:\/\/radiobanda1.com.br\/portal\/wp-content\/uploads\/2026\/04\/324-300x171.jpg 300w\" sizes=\"(max-width: 700px) 100vw, 700px\" \/>                <\/a>\n            <\/div>\n        <\/div>\n        <div class=\"mkd-pt-one-content-holder-outer\">\n\t    <div class=\"mkd-pt-one-content-holder\">\n\t        <div class=\"mkd-pt-one-title-holder\">\n\t            <h4 class=\"mkd-pt-one-title\">\n\t            <a itemprop=\"url\" class=\"mkd-pt-link\" href=\"https:\/\/radiobanda1.com.br\/portal\/?p=18413\" target=\"_self\">S\u00edndrome Respirat\u00f3...<\/a>\n\t        <\/h4>\n\t        <\/div>\n\t\t\t<div itemprop=\"dateCreated\" class=\"mkd-post-info-date entry-date updated\">\n\t\t\t<a itemprop=\"url\" href=\"https:\/\/radiobanda1.com.br\/portal\/?m=202604\">\n\t\t16 de abril de 2026\t\t\t<\/a>\n\t\t<meta itemprop=\"interactionCount\" content=\"UserComments: 0\"\/>\n<\/div>\t        \t            <div class=\"mkd-pt-one-excerpt\">\n\t                <p class=\"mkd-post-excerpt\">Os casos de S\u00edndrome Respirat\u00f3ria Aguda Grave (SRAG) cresceram em<\/p>\t            <\/div>\n\t        \t        \t    <\/div>\n\t\t\t\t\t<div class=\"mkd-pt-info-section clearfix\">\n\t\t\t\t<div class=\"mkd-pt-info-section-left\">\n\t\t\t\t\t\t\t\t\t<\/div>\n\t\t\t\t<div class=\"mkd-pt-info-section-right\">\n\t\t\t\t\t<a href=\"https:\/\/radiobanda1.com.br\/portal\/?p=18413\" target=\"_self\"  class=\"mkd-btn mkd-btn-medium mkd-btn-transparent mkd-btn-icon\"  >    <span class=\"mkd-btn-text\">Read More<\/span>    <i class=\"mkd-icon-ion-icon ion-log-in mkd-btn-icon-element\" ><\/i><\/a>\t\t\t\t<\/div>\n\t\t\t<\/div>\n\t\t\t<\/div>\n<\/div><div class=\"mkd-pt-one-item mkd-post-item\">\n            <div class=\"mkd-pt-one-image-holder\">\n                        <div class=\"mkd-pt-one-image-inner-holder\">\n                <a itemprop=\"url\" class=\"mkd-pt-one-slide-link mkd-image-link\" href=\"https:\/\/radiobanda1.com.br\/portal\/?p=18410\" target=\"_self\">\n                <img width=\"700\" height=\"400\" src=\"https:\/\/radiobanda1.com.br\/portal\/wp-content\/uploads\/2026\/04\/323.jpg\" class=\"attachment-full size-full wp-post-image\" alt=\"\" loading=\"lazy\" srcset=\"https:\/\/radiobanda1.com.br\/portal\/wp-content\/uploads\/2026\/04\/323.jpg 700w, https:\/\/radiobanda1.com.br\/portal\/wp-content\/uploads\/2026\/04\/323-300x171.jpg 300w\" sizes=\"(max-width: 700px) 100vw, 700px\" \/>                <\/a>\n            <\/div>\n        <\/div>\n        <div class=\"mkd-pt-one-content-holder-outer\">\n\t    <div class=\"mkd-pt-one-content-holder\">\n\t        <div class=\"mkd-pt-one-title-holder\">\n\t            <h4 class=\"mkd-pt-one-title\">\n\t            <a itemprop=\"url\" class=\"mkd-pt-link\" href=\"https:\/\/radiobanda1.com.br\/portal\/?p=18410\" target=\"_self\">Anvisa pro\u00edbe cane...<\/a>\n\t        <\/h4>\n\t        <\/div>\n\t\t\t<div itemprop=\"dateCreated\" class=\"mkd-post-info-date entry-date updated\">\n\t\t\t<a itemprop=\"url\" href=\"https:\/\/radiobanda1.com.br\/portal\/?m=202604\">\n\t\t16 de abril de 2026\t\t\t<\/a>\n\t\t<meta itemprop=\"interactionCount\" content=\"UserComments: 0\"\/>\n<\/div>\t        \t            <div class=\"mkd-pt-one-excerpt\">\n\t                <p class=\"mkd-post-excerpt\">A Ag\u00eancia Nacional de Vigil\u00e2ncia Sanit\u00e1ria (Anvisa) determinou a apreens\u00e3o<\/p>\t            <\/div>\n\t        \t        \t    <\/div>\n\t\t\t\t\t<div class=\"mkd-pt-info-section clearfix\">\n\t\t\t\t<div class=\"mkd-pt-info-section-left\">\n\t\t\t\t\t\t\t\t\t<\/div>\n\t\t\t\t<div class=\"mkd-pt-info-section-right\">\n\t\t\t\t\t<a href=\"https:\/\/radiobanda1.com.br\/portal\/?p=18410\" target=\"_self\"  class=\"mkd-btn mkd-btn-medium mkd-btn-transparent mkd-btn-icon\"  >    <span class=\"mkd-btn-text\">Read More<\/span>    <i class=\"mkd-icon-ion-icon ion-log-in mkd-btn-icon-element\" ><\/i><\/a>\t\t\t\t<\/div>\n\t\t\t<\/div>\n\t\t\t<\/div>\n<\/div><div class=\"mkd-pt-one-item mkd-post-item\">\n            <div class=\"mkd-pt-one-image-holder\">\n                        <div class=\"mkd-pt-one-image-inner-holder\">\n                <a itemprop=\"url\" class=\"mkd-pt-one-slide-link mkd-image-link\" href=\"https:\/\/radiobanda1.com.br\/portal\/?p=18407\" target=\"_self\">\n                <img width=\"700\" height=\"400\" src=\"https:\/\/radiobanda1.com.br\/portal\/wp-content\/uploads\/2026\/04\/322.jpg\" class=\"attachment-full size-full wp-post-image\" alt=\"\" loading=\"lazy\" srcset=\"https:\/\/radiobanda1.com.br\/portal\/wp-content\/uploads\/2026\/04\/322.jpg 700w, https:\/\/radiobanda1.com.br\/portal\/wp-content\/uploads\/2026\/04\/322-300x171.jpg 300w\" sizes=\"(max-width: 700px) 100vw, 700px\" \/>                <\/a>\n            <\/div>\n        <\/div>\n        <div class=\"mkd-pt-one-content-holder-outer\">\n\t    <div class=\"mkd-pt-one-content-holder\">\n\t        <div class=\"mkd-pt-one-title-holder\">\n\t            <h4 class=\"mkd-pt-one-title\">\n\t            <a itemprop=\"url\" class=\"mkd-pt-link\" href=\"https:\/\/radiobanda1.com.br\/portal\/?p=18407\" target=\"_self\">Aposentados e pens...<\/a>\n\t        <\/h4>\n\t        <\/div>\n\t\t\t<div itemprop=\"dateCreated\" class=\"mkd-post-info-date entry-date updated\">\n\t\t\t<a itemprop=\"url\" href=\"https:\/\/radiobanda1.com.br\/portal\/?m=202604\">\n\t\t16 de abril de 2026\t\t\t<\/a>\n\t\t<meta itemprop=\"interactionCount\" content=\"UserComments: 0\"\/>\n<\/div>\t        \t            <div class=\"mkd-pt-one-excerpt\">\n\t                <p class=\"mkd-post-excerpt\">Cerca de 35,2 milh\u00f5es de aposentados, pensionistas e benefici\u00e1rios de<\/p>\t            <\/div>\n\t        \t        \t    <\/div>\n\t\t\t\t\t<div class=\"mkd-pt-info-section clearfix\">\n\t\t\t\t<div class=\"mkd-pt-info-section-left\">\n\t\t\t\t\t\t\t\t\t<\/div>\n\t\t\t\t<div class=\"mkd-pt-info-section-right\">\n\t\t\t\t\t<a href=\"https:\/\/radiobanda1.com.br\/portal\/?p=18407\" target=\"_self\"  class=\"mkd-btn mkd-btn-medium mkd-btn-transparent mkd-btn-icon\"  >    <span class=\"mkd-btn-text\">Read More<\/span>    <i class=\"mkd-icon-ion-icon ion-log-in mkd-btn-icon-element\" ><\/i><\/a>\t\t\t\t<\/div>\n\t\t\t<\/div>\n\t\t\t<\/div>\n<\/div><\/div><\/div><\/div>[\/vc_column][\/vc_row][vc_row css=&#8221;.vc_custom_1457366719398{padding-top: 20px !important;}&#8221;][vc_column]<div class=\"mkd-bnl-holder mkd-pl-one-holder  mkd-post-columns-2\"  data-base=\"mkd_post_layout_one\"  data-number_of_posts=\"2\" data-column_number=\"2\" data-category_id=\"3\"       data-title=\"Two Columns\" data-pattern_style=\"light\" data-thumb_image_size=\"full\"    data-title_length=\"23\"        data-display_excerpt=\"yes\" data-excerpt_length=\"15\"  data-display_pagination=\"no\"    data-paged=\"1\" data-max_pages=\"305\"><div class=\"mkd-layout-title-holder\"><span class=\"mkd-section-title-holder clearfix mkd-pattern-light\">\n            <span class=\"mkd-st-title\">\n        Two Columns        <\/span>\n    <\/span><\/div><div class=\"mkd-bnl-outer\"><div class=\"mkd-bnl-inner\"><div class=\"mkd-pt-one-item mkd-post-item\">\n            <div class=\"mkd-pt-one-image-holder\">\n                        <div class=\"mkd-pt-one-image-inner-holder\">\n                <a itemprop=\"url\" class=\"mkd-pt-one-slide-link mkd-image-link\" href=\"https:\/\/radiobanda1.com.br\/portal\/?p=18413\" target=\"_self\">\n                <img width=\"700\" height=\"400\" src=\"https:\/\/radiobanda1.com.br\/portal\/wp-content\/uploads\/2026\/04\/324.jpg\" class=\"attachment-full size-full wp-post-image\" alt=\"\" loading=\"lazy\" srcset=\"https:\/\/radiobanda1.com.br\/portal\/wp-content\/uploads\/2026\/04\/324.jpg 700w, https:\/\/radiobanda1.com.br\/portal\/wp-content\/uploads\/2026\/04\/324-300x171.jpg 300w\" sizes=\"(max-width: 700px) 100vw, 700px\" \/>                <\/a>\n            <\/div>\n        <\/div>\n        <div class=\"mkd-pt-one-content-holder-outer\">\n\t    <div class=\"mkd-pt-one-content-holder\">\n\t        <div class=\"mkd-pt-one-title-holder\">\n\t            <h3 class=\"mkd-pt-one-title\">\n\t            <a itemprop=\"url\" class=\"mkd-pt-link\" href=\"https:\/\/radiobanda1.com.br\/portal\/?p=18413\" target=\"_self\">S\u00edndrome Respirat\u00f3ria A...<\/a>\n\t        <\/h3>\n\t        <\/div>\n\t\t\t<div itemprop=\"dateCreated\" class=\"mkd-post-info-date entry-date updated\">\n\t\t\t<a itemprop=\"url\" href=\"https:\/\/radiobanda1.com.br\/portal\/?m=202604\">\n\t\t16 de abril de 2026\t\t\t<\/a>\n\t\t<meta itemprop=\"interactionCount\" content=\"UserComments: 0\"\/>\n<\/div>\t        \t            <div class=\"mkd-pt-one-excerpt\">\n\t                <p class=\"mkd-post-excerpt\">Os casos de S\u00edndrome Respirat\u00f3ria Aguda Grave (SRAG) cresceram em crian\u00e7as menores de 2 anos<\/p>\t            <\/div>\n\t        \t        \t    <\/div>\n\t\t\t\t\t<div class=\"mkd-pt-info-section clearfix\">\n\t\t\t\t<div class=\"mkd-pt-info-section-left\">\n\t\t\t\t\t<div class=\"mkd-post-info-comments-holder\"><a class=\"mkd-post-info-comments\" href=\"https:\/\/radiobanda1.com.br\/portal\/?p=18413#respond\" target=\"_self\">0 Comments<\/a><\/div><div class=\"mkd-post-info-count\"><span class=\"mkd-post-count-number\">27<\/span> <span class=\"mkd-post-count-text\">Views<\/span><\/div>\t\t\t\t<\/div>\n\t\t\t\t<div class=\"mkd-pt-info-section-right\">\n\t\t\t\t\t<a href=\"https:\/\/radiobanda1.com.br\/portal\/?p=18413\" target=\"_self\"  class=\"mkd-btn mkd-btn-medium mkd-btn-transparent mkd-btn-icon\"  >    <span class=\"mkd-btn-text\">Read More<\/span>    <i class=\"mkd-icon-ion-icon ion-log-in mkd-btn-icon-element\" ><\/i><\/a>\t\t\t\t<\/div>\n\t\t\t<\/div>\n\t\t\t<\/div>\n<\/div><div class=\"mkd-pt-one-item mkd-post-item\">\n            <div class=\"mkd-pt-one-image-holder\">\n                        <div class=\"mkd-pt-one-image-inner-holder\">\n                <a itemprop=\"url\" class=\"mkd-pt-one-slide-link mkd-image-link\" href=\"https:\/\/radiobanda1.com.br\/portal\/?p=18410\" target=\"_self\">\n                <img width=\"700\" height=\"400\" src=\"https:\/\/radiobanda1.com.br\/portal\/wp-content\/uploads\/2026\/04\/323.jpg\" class=\"attachment-full size-full wp-post-image\" alt=\"\" loading=\"lazy\" srcset=\"https:\/\/radiobanda1.com.br\/portal\/wp-content\/uploads\/2026\/04\/323.jpg 700w, https:\/\/radiobanda1.com.br\/portal\/wp-content\/uploads\/2026\/04\/323-300x171.jpg 300w\" sizes=\"(max-width: 700px) 100vw, 700px\" \/>                <\/a>\n            <\/div>\n        <\/div>\n        <div class=\"mkd-pt-one-content-holder-outer\">\n\t    <div class=\"mkd-pt-one-content-holder\">\n\t        <div class=\"mkd-pt-one-title-holder\">\n\t            <h3 class=\"mkd-pt-one-title\">\n\t            <a itemprop=\"url\" class=\"mkd-pt-link\" href=\"https:\/\/radiobanda1.com.br\/portal\/?p=18410\" target=\"_self\">Anvisa pro\u00edbe canetas e...<\/a>\n\t        <\/h3>\n\t        <\/div>\n\t\t\t<div itemprop=\"dateCreated\" class=\"mkd-post-info-date entry-date updated\">\n\t\t\t<a itemprop=\"url\" href=\"https:\/\/radiobanda1.com.br\/portal\/?m=202604\">\n\t\t16 de abril de 2026\t\t\t<\/a>\n\t\t<meta itemprop=\"interactionCount\" content=\"UserComments: 0\"\/>\n<\/div>\t        \t            <div class=\"mkd-pt-one-excerpt\">\n\t                <p class=\"mkd-post-excerpt\">A Ag\u00eancia Nacional de Vigil\u00e2ncia Sanit\u00e1ria (Anvisa) determinou a apreens\u00e3o dos medicamentos Gluconex e Tirzedral,<\/p>\t            <\/div>\n\t        \t        \t    <\/div>\n\t\t\t\t\t<div class=\"mkd-pt-info-section clearfix\">\n\t\t\t\t<div class=\"mkd-pt-info-section-left\">\n\t\t\t\t\t<div class=\"mkd-post-info-comments-holder\"><a class=\"mkd-post-info-comments\" href=\"https:\/\/radiobanda1.com.br\/portal\/?p=18410#respond\" target=\"_self\">0 Comments<\/a><\/div><div class=\"mkd-post-info-count\"><span class=\"mkd-post-count-number\">28<\/span> <span class=\"mkd-post-count-text\">Views<\/span><\/div>\t\t\t\t<\/div>\n\t\t\t\t<div class=\"mkd-pt-info-section-right\">\n\t\t\t\t\t<a href=\"https:\/\/radiobanda1.com.br\/portal\/?p=18410\" target=\"_self\"  class=\"mkd-btn mkd-btn-medium mkd-btn-transparent mkd-btn-icon\"  >    <span class=\"mkd-btn-text\">Read More<\/span>    <i class=\"mkd-icon-ion-icon ion-log-in mkd-btn-icon-element\" ><\/i><\/a>\t\t\t\t<\/div>\n\t\t\t<\/div>\n\t\t\t<\/div>\n<\/div><\/div><\/div><\/div>[\/vc_column][\/vc_row][vc_row css=&#8221;.vc_custom_1457366681007{padding-top: 20px !important;}&#8221;][vc_column]<div class=\"mkd-bnl-holder mkd-pl-one-holder  mkd-post-columns-1 mkd-post-pag-np-horizontal\"  data-base=\"mkd_post_layout_one\"  data-number_of_posts=\"1\" data-column_number=\"1\"     data-post_in=\"382, 342, 338\"   data-title=\"With Pagination\" data-pattern_style=\"light\" data-thumb_image_size=\"full\"               data-display_pagination=\"yes\" data-pagination_type=\"np-horizontal\"   data-paged=\"1\"   data-next_page=\"2\"><div class=\"mkd-layout-title-holder\"><span class=\"mkd-section-title-holder clearfix mkd-pattern-light\">\n            <span class=\"mkd-st-title\">\n        With Pagination        <\/span>\n    <\/span><\/div><div class=\"mkd-bnl-outer\"><div class=\"mkd-bnl-inner\"><div class=\"mkd-pl-one-message\"><p>No posts were found.<\/p><\/div><\/div><\/div><\/div>[\/vc_column][\/vc_row]<\/p>\n","protected":false},"excerpt":{"rendered":"<p>[vc_row][vc_column][\/vc_column][\/vc_row][vc_row css=&#8221;.vc_custom_1457366719398{padding-top: 20px !important;}&#8221;][vc_column][\/vc_column][\/vc_row][vc_row css=&#8221;.vc_custom_1457366681007{padding-top: 20px !important;}&#8221;][vc_column][\/vc_column][\/vc_row]<\/p>\n","protected":false},"author":1,"featured_media":0,"parent":0,"menu_order":0,"comment_status":"closed","ping_status":"closed","template":"","meta":[],"_links":{"self":[{"href":"https:\/\/radiobanda1.com.br\/portal\/index.php?rest_route=\/wp\/v2\/pages\/1921"}],"collection":[{"href":"https:\/\/radiobanda1.com.br\/portal\/index.php?rest_route=\/wp\/v2\/pages"}],"about":[{"href":"https:\/\/radiobanda1.com.br\/portal\/index.php?rest_route=\/wp\/v2\/types\/page"}],"author":[{"embeddable":true,"href":"https:\/\/radiobanda1.com.br\/portal\/index.php?rest_route=\/wp\/v2\/users\/1"}],"replies":[{"embeddable":true,"href":"https:\/\/radiobanda1.com.br\/portal\/index.php?rest_route=%2Fwp%2Fv2%2Fcomments&post=1921"}],"version-history":[{"count":0,"href":"https:\/\/radiobanda1.com.br\/portal\/index.php?rest_route=\/wp\/v2\/pages\/1921\/revisions"}],"wp:attachment":[{"href":"https:\/\/radiobanda1.com.br\/portal\/index.php?rest_route=%2Fwp%2Fv2%2Fmedia&parent=1921"}],"curies":[{"name":"wp","href":"https:\/\/api.w.org\/{rel}","templated":true}]}}