{"id":1916,"date":"2016-03-07T15:42:36","date_gmt":"2016-03-07T15:42:36","guid":{"rendered":"http:\/\/discussion.mikado-themes.com\/?page_id=1916"},"modified":"2016-03-07T15:42:36","modified_gmt":"2016-03-07T15:42:36","slug":"block-3","status":"publish","type":"page","link":"https:\/\/radiobanda1.com.br\/portal\/?page_id=1916","title":{"rendered":"Block 3"},"content":{"rendered":"<p>[vc_row][vc_column]<span class=\"mkd-section-title-holder clearfix mkd-pattern-light\">\n            <span class=\"mkd-st-title\">\n        No Pagination        <\/span>\n    <\/span>[vc_row_inner][vc_column_inner offset=&#8221;vc_col-lg-6 vc_col-md-6&#8243;]<div class=\"mkd-bnl-holder mkd-pb-three-holder  \"  data-base=\"mkd_block_three\"  data-number_of_posts=\"4\" data-category_id=\"10\"     data-post_not_in=\"641, 638, 633\"    data-featured_thumb_image_size=\"custom_size\" data-featured_thumb_image_width=\"600\" data-featured_thumb_image_height=\"384\" data-featured_title_tag=\"h4\"         data-featured_display_excerpt=\"no\"           data-display_pagination=\"no\"    data-paged=\"1\" data-max_pages=\"153\"><div class=\"mkd-bnl-outer\"><div class=\"mkd-bnl-inner\"><div class=\"mkd-post-block-part mkd-pb-three-featured\"><div class=\"mkd-pt-one-item mkd-post-item\">\n            <div class=\"mkd-pt-one-image-holder\">\n                        <div class=\"mkd-pt-one-image-inner-holder\">\n                <a itemprop=\"url\" class=\"mkd-pt-one-slide-link mkd-image-link\" href=\"https:\/\/radiobanda1.com.br\/portal\/?p=18413\" target=\"_self\">\n                <img src=\"https:\/\/radiobanda1.com.br\/portal\/wp-content\/uploads\/2026\/04\/324-600x384.jpg\" alt=\"\" width=\"600\" height=\"384\" \/>                <\/a>\n            <\/div>\n        <\/div>\n        <div class=\"mkd-pt-one-content-holder-outer\">\n\t    <div class=\"mkd-pt-one-content-holder\">\n\t        <div class=\"mkd-pt-one-title-holder\">\n\t            <h4 class=\"mkd-pt-one-title\">\n\t            <a itemprop=\"url\" class=\"mkd-pt-link\" href=\"https:\/\/radiobanda1.com.br\/portal\/?p=18413\" target=\"_self\">S\u00edndrome Respirat\u00f3ria Aguda Grave aumenta em beb\u00eas at\u00e9 2 anos<\/a>\n\t        <\/h4>\n\t        <\/div>\n\t\t\t<div itemprop=\"dateCreated\" class=\"mkd-post-info-date entry-date updated\">\n\t\t\t<a itemprop=\"url\" href=\"https:\/\/radiobanda1.com.br\/portal\/?m=202604\">\n\t\t16 de abril de 2026\t\t\t<\/a>\n\t\t<meta itemprop=\"interactionCount\" content=\"UserComments: 0\"\/>\n<\/div>\t        \t        \t    <\/div>\n\t\t\t\t\t<div class=\"mkd-pt-info-section clearfix\">\n\t\t\t\t<div class=\"mkd-pt-info-section-left\">\n\t\t\t\t\t<div class=\"mkd-post-info-comments-holder\"><a class=\"mkd-post-info-comments\" href=\"https:\/\/radiobanda1.com.br\/portal\/?p=18413#respond\" target=\"_self\">0 Comments<\/a><\/div><div class=\"mkd-post-info-count\"><span class=\"mkd-post-count-number\">27<\/span> <span class=\"mkd-post-count-text\">Views<\/span><\/div>\t\t\t\t<\/div>\n\t\t\t\t<div class=\"mkd-pt-info-section-right\">\n\t\t\t\t\t<a href=\"https:\/\/radiobanda1.com.br\/portal\/?p=18413\" target=\"_self\"  class=\"mkd-btn mkd-btn-medium mkd-btn-transparent mkd-btn-icon\"  >    <span class=\"mkd-btn-text\">Read More<\/span>    <i class=\"mkd-icon-ion-icon ion-log-in mkd-btn-icon-element\" ><\/i><\/a>\t\t\t\t<\/div>\n\t\t\t<\/div>\n\t\t\t<\/div>\n<\/div><\/div><div class=\"mkd-post-block-part mkd-pb-three-non-featured\"><div class=\"mkd-pt-seven-item mkd-post-item\">\n\t<div class=\"mkd-pt-seven-item-inner clearfix\">\n\t\t\t\t\t<div class=\"mkd-pt-seven-image-holder\" style=\"width: 86px\">\n\t\t\t\t<a itemprop=\"url\" class=\"mkd-pt-seven-link mkd-image-link\" href=\"https:\/\/radiobanda1.com.br\/portal\/?p=18410\" target=\"_self\">\n\t\t\t\t\t<img src=\"https:\/\/radiobanda1.com.br\/portal\/wp-content\/uploads\/2026\/04\/323-86x65.jpg\" alt=\"\" width=\"86\" height=\"65\" \/>\t\t\t\t<\/a>\n\t\t\t<\/div>\n\t\t\t\t<div class=\"mkd-pt-seven-content-holder\">\n\t\t\t<div class=\"mkd-pt-seven-title-holder\">\n\t\t\t\t<h6 class=\"mkd-pt-seven-title\">\n\t\t\t\t\t<a itemprop=\"url\" class=\"mkd-pt-link\" href=\"https:\/\/radiobanda1.com.br\/portal\/?p=18410\" target=\"_self\">Anvisa pro\u00edbe canetas emagrecedoras irregulares no Brasil<\/a>\n\t\t\t\t<\/h6>\n\t\t\t<\/div>\n\t\t\t<div itemprop=\"dateCreated\" class=\"mkd-post-info-date entry-date updated\">\n\t\t\t<a itemprop=\"url\" href=\"https:\/\/radiobanda1.com.br\/portal\/?m=202604\">\n\t\t16 de abril de 2026\t\t\t<\/a>\n\t\t<meta itemprop=\"interactionCount\" content=\"UserComments: 0\"\/>\n<\/div>\t\t\t\t\t<\/div>\n\t<\/div>\n<\/div><div class=\"mkd-pt-seven-item mkd-post-item\">\n\t<div class=\"mkd-pt-seven-item-inner clearfix\">\n\t\t\t\t\t<div class=\"mkd-pt-seven-image-holder\" style=\"width: 86px\">\n\t\t\t\t<a itemprop=\"url\" class=\"mkd-pt-seven-link mkd-image-link\" href=\"https:\/\/radiobanda1.com.br\/portal\/?p=18407\" target=\"_self\">\n\t\t\t\t\t<img src=\"https:\/\/radiobanda1.com.br\/portal\/wp-content\/uploads\/2026\/04\/322-86x65.jpg\" alt=\"\" width=\"86\" height=\"65\" \/>\t\t\t\t<\/a>\n\t\t\t<\/div>\n\t\t\t\t<div class=\"mkd-pt-seven-content-holder\">\n\t\t\t<div class=\"mkd-pt-seven-title-holder\">\n\t\t\t\t<h6 class=\"mkd-pt-seven-title\">\n\t\t\t\t\t<a itemprop=\"url\" class=\"mkd-pt-link\" href=\"https:\/\/radiobanda1.com.br\/portal\/?p=18407\" target=\"_self\">Aposentados e pensionistas do INSS podem consultar antecipa\u00e7\u00e3o do 13\u00ba<\/a>\n\t\t\t\t<\/h6>\n\t\t\t<\/div>\n\t\t\t<div itemprop=\"dateCreated\" class=\"mkd-post-info-date entry-date updated\">\n\t\t\t<a itemprop=\"url\" href=\"https:\/\/radiobanda1.com.br\/portal\/?m=202604\">\n\t\t16 de abril de 2026\t\t\t<\/a>\n\t\t<meta itemprop=\"interactionCount\" content=\"UserComments: 0\"\/>\n<\/div>\t\t\t\t\t<\/div>\n\t<\/div>\n<\/div><div class=\"mkd-pt-seven-item mkd-post-item\">\n\t<div class=\"mkd-pt-seven-item-inner clearfix\">\n\t\t\t\t\t<div class=\"mkd-pt-seven-image-holder\" style=\"width: 86px\">\n\t\t\t\t<a itemprop=\"url\" class=\"mkd-pt-seven-link mkd-image-link\" href=\"https:\/\/radiobanda1.com.br\/portal\/?p=18404\" target=\"_self\">\n\t\t\t\t\t<img src=\"https:\/\/radiobanda1.com.br\/portal\/wp-content\/uploads\/2026\/04\/321-86x65.jpg\" alt=\"\" width=\"86\" height=\"65\" \/>\t\t\t\t<\/a>\n\t\t\t<\/div>\n\t\t\t\t<div class=\"mkd-pt-seven-content-holder\">\n\t\t\t<div class=\"mkd-pt-seven-title-holder\">\n\t\t\t\t<h6 class=\"mkd-pt-seven-title\">\n\t\t\t\t\t<a itemprop=\"url\" class=\"mkd-pt-link\" href=\"https:\/\/radiobanda1.com.br\/portal\/?p=18404\" target=\"_self\">Governo prop\u00f5e sal\u00e1rio m\u00ednimo de R$ 1.717 em 2027<\/a>\n\t\t\t\t<\/h6>\n\t\t\t<\/div>\n\t\t\t<div itemprop=\"dateCreated\" class=\"mkd-post-info-date entry-date updated\">\n\t\t\t<a itemprop=\"url\" href=\"https:\/\/radiobanda1.com.br\/portal\/?m=202604\">\n\t\t16 de abril de 2026\t\t\t<\/a>\n\t\t<meta itemprop=\"interactionCount\" content=\"UserComments: 0\"\/>\n<\/div>\t\t\t\t\t<\/div>\n\t<\/div>\n<\/div><\/div><\/div><\/div><\/div>[vc_empty_space height=&#8221;40px&#8221;][\/vc_column_inner][vc_column_inner offset=&#8221;vc_col-lg-6 vc_col-md-6&#8243;]<div class=\"mkd-bnl-holder mkd-pb-three-holder  \"  data-base=\"mkd_block_three\"  data-number_of_posts=\"4\" data-category_id=\"4\"         data-featured_thumb_image_size=\"custom_size\" data-featured_thumb_image_width=\"600\" data-featured_thumb_image_height=\"384\" data-featured_title_tag=\"h4\"         data-featured_display_excerpt=\"no\"           data-display_pagination=\"no\"    data-paged=\"1\" data-max_pages=\"153\"><div class=\"mkd-bnl-outer\"><div class=\"mkd-bnl-inner\"><div class=\"mkd-post-block-part mkd-pb-three-featured\"><div class=\"mkd-pt-one-item mkd-post-item\">\n            <div class=\"mkd-pt-one-image-holder\">\n                        <div class=\"mkd-pt-one-image-inner-holder\">\n                <a itemprop=\"url\" class=\"mkd-pt-one-slide-link mkd-image-link\" href=\"https:\/\/radiobanda1.com.br\/portal\/?p=18413\" target=\"_self\">\n                <img src=\"https:\/\/radiobanda1.com.br\/portal\/wp-content\/uploads\/2026\/04\/324-600x384.jpg\" alt=\"\" width=\"600\" height=\"384\" \/>                <\/a>\n            <\/div>\n        <\/div>\n        <div class=\"mkd-pt-one-content-holder-outer\">\n\t    <div class=\"mkd-pt-one-content-holder\">\n\t        <div class=\"mkd-pt-one-title-holder\">\n\t            <h4 class=\"mkd-pt-one-title\">\n\t            <a itemprop=\"url\" class=\"mkd-pt-link\" href=\"https:\/\/radiobanda1.com.br\/portal\/?p=18413\" target=\"_self\">S\u00edndrome Respirat\u00f3ria Aguda Grave aumenta em beb\u00eas at\u00e9 2 anos<\/a>\n\t        <\/h4>\n\t        <\/div>\n\t\t\t<div itemprop=\"dateCreated\" class=\"mkd-post-info-date entry-date updated\">\n\t\t\t<a itemprop=\"url\" href=\"https:\/\/radiobanda1.com.br\/portal\/?m=202604\">\n\t\t16 de abril de 2026\t\t\t<\/a>\n\t\t<meta itemprop=\"interactionCount\" content=\"UserComments: 0\"\/>\n<\/div>\t        \t        \t    <\/div>\n\t\t\t\t\t<div class=\"mkd-pt-info-section clearfix\">\n\t\t\t\t<div class=\"mkd-pt-info-section-left\">\n\t\t\t\t\t<div class=\"mkd-post-info-comments-holder\"><a class=\"mkd-post-info-comments\" href=\"https:\/\/radiobanda1.com.br\/portal\/?p=18413#respond\" target=\"_self\">0 Comments<\/a><\/div><div class=\"mkd-post-info-count\"><span class=\"mkd-post-count-number\">27<\/span> <span class=\"mkd-post-count-text\">Views<\/span><\/div>\t\t\t\t<\/div>\n\t\t\t\t<div class=\"mkd-pt-info-section-right\">\n\t\t\t\t\t<a href=\"https:\/\/radiobanda1.com.br\/portal\/?p=18413\" target=\"_self\"  class=\"mkd-btn mkd-btn-medium mkd-btn-transparent mkd-btn-icon\"  >    <span class=\"mkd-btn-text\">Read More<\/span>    <i class=\"mkd-icon-ion-icon ion-log-in mkd-btn-icon-element\" ><\/i><\/a>\t\t\t\t<\/div>\n\t\t\t<\/div>\n\t\t\t<\/div>\n<\/div><\/div><div class=\"mkd-post-block-part mkd-pb-three-non-featured\"><div class=\"mkd-pt-seven-item mkd-post-item\">\n\t<div class=\"mkd-pt-seven-item-inner clearfix\">\n\t\t\t\t\t<div class=\"mkd-pt-seven-image-holder\" style=\"width: 86px\">\n\t\t\t\t<a itemprop=\"url\" class=\"mkd-pt-seven-link mkd-image-link\" href=\"https:\/\/radiobanda1.com.br\/portal\/?p=18410\" target=\"_self\">\n\t\t\t\t\t<img src=\"https:\/\/radiobanda1.com.br\/portal\/wp-content\/uploads\/2026\/04\/323-86x65.jpg\" alt=\"\" width=\"86\" height=\"65\" \/>\t\t\t\t<\/a>\n\t\t\t<\/div>\n\t\t\t\t<div class=\"mkd-pt-seven-content-holder\">\n\t\t\t<div class=\"mkd-pt-seven-title-holder\">\n\t\t\t\t<h6 class=\"mkd-pt-seven-title\">\n\t\t\t\t\t<a itemprop=\"url\" class=\"mkd-pt-link\" href=\"https:\/\/radiobanda1.com.br\/portal\/?p=18410\" target=\"_self\">Anvisa pro\u00edbe canetas emagrecedoras irregulares no Brasil<\/a>\n\t\t\t\t<\/h6>\n\t\t\t<\/div>\n\t\t\t<div itemprop=\"dateCreated\" class=\"mkd-post-info-date entry-date updated\">\n\t\t\t<a itemprop=\"url\" href=\"https:\/\/radiobanda1.com.br\/portal\/?m=202604\">\n\t\t16 de abril de 2026\t\t\t<\/a>\n\t\t<meta itemprop=\"interactionCount\" content=\"UserComments: 0\"\/>\n<\/div>\t\t\t\t\t<\/div>\n\t<\/div>\n<\/div><div class=\"mkd-pt-seven-item mkd-post-item\">\n\t<div class=\"mkd-pt-seven-item-inner clearfix\">\n\t\t\t\t\t<div class=\"mkd-pt-seven-image-holder\" style=\"width: 86px\">\n\t\t\t\t<a itemprop=\"url\" class=\"mkd-pt-seven-link mkd-image-link\" href=\"https:\/\/radiobanda1.com.br\/portal\/?p=18407\" target=\"_self\">\n\t\t\t\t\t<img src=\"https:\/\/radiobanda1.com.br\/portal\/wp-content\/uploads\/2026\/04\/322-86x65.jpg\" alt=\"\" width=\"86\" height=\"65\" \/>\t\t\t\t<\/a>\n\t\t\t<\/div>\n\t\t\t\t<div class=\"mkd-pt-seven-content-holder\">\n\t\t\t<div class=\"mkd-pt-seven-title-holder\">\n\t\t\t\t<h6 class=\"mkd-pt-seven-title\">\n\t\t\t\t\t<a itemprop=\"url\" class=\"mkd-pt-link\" href=\"https:\/\/radiobanda1.com.br\/portal\/?p=18407\" target=\"_self\">Aposentados e pensionistas do INSS podem consultar antecipa\u00e7\u00e3o do 13\u00ba<\/a>\n\t\t\t\t<\/h6>\n\t\t\t<\/div>\n\t\t\t<div itemprop=\"dateCreated\" class=\"mkd-post-info-date entry-date updated\">\n\t\t\t<a itemprop=\"url\" href=\"https:\/\/radiobanda1.com.br\/portal\/?m=202604\">\n\t\t16 de abril de 2026\t\t\t<\/a>\n\t\t<meta itemprop=\"interactionCount\" content=\"UserComments: 0\"\/>\n<\/div>\t\t\t\t\t<\/div>\n\t<\/div>\n<\/div><div class=\"mkd-pt-seven-item mkd-post-item\">\n\t<div class=\"mkd-pt-seven-item-inner clearfix\">\n\t\t\t\t\t<div class=\"mkd-pt-seven-image-holder\" style=\"width: 86px\">\n\t\t\t\t<a itemprop=\"url\" class=\"mkd-pt-seven-link mkd-image-link\" href=\"https:\/\/radiobanda1.com.br\/portal\/?p=18404\" target=\"_self\">\n\t\t\t\t\t<img src=\"https:\/\/radiobanda1.com.br\/portal\/wp-content\/uploads\/2026\/04\/321-86x65.jpg\" alt=\"\" width=\"86\" height=\"65\" \/>\t\t\t\t<\/a>\n\t\t\t<\/div>\n\t\t\t\t<div class=\"mkd-pt-seven-content-holder\">\n\t\t\t<div class=\"mkd-pt-seven-title-holder\">\n\t\t\t\t<h6 class=\"mkd-pt-seven-title\">\n\t\t\t\t\t<a itemprop=\"url\" class=\"mkd-pt-link\" href=\"https:\/\/radiobanda1.com.br\/portal\/?p=18404\" target=\"_self\">Governo prop\u00f5e sal\u00e1rio m\u00ednimo de R$ 1.717 em 2027<\/a>\n\t\t\t\t<\/h6>\n\t\t\t<\/div>\n\t\t\t<div itemprop=\"dateCreated\" class=\"mkd-post-info-date entry-date updated\">\n\t\t\t<a itemprop=\"url\" href=\"https:\/\/radiobanda1.com.br\/portal\/?m=202604\">\n\t\t16 de abril de 2026\t\t\t<\/a>\n\t\t<meta itemprop=\"interactionCount\" content=\"UserComments: 0\"\/>\n<\/div>\t\t\t\t\t<\/div>\n\t<\/div>\n<\/div><\/div><\/div><\/div><\/div>[vc_empty_space height=&#8221;40px&#8221;][\/vc_column_inner][\/vc_row_inner][\/vc_column][\/vc_row][vc_row][vc_column]<div class=\"mkd-bnl-holder mkd-pb-three-holder  mkd-post-pag-np-horizontal\"  data-base=\"mkd_block_three\"  data-number_of_posts=\"4\" data-category_id=\"5\"     data-post_not_in=\"320\"  data-title=\"With Pagination\" data-pattern_style=\"light\" data-featured_thumb_image_size=\"full\"   data-featured_title_tag=\"h3\"         data-featured_display_excerpt=\"no\"           data-display_pagination=\"yes\" data-pagination_type=\"np-horizontal\"   data-paged=\"1\" data-max_pages=\"153\"  data-next_page=\"2\"><div class=\"mkd-layout-title-holder\"><span class=\"mkd-section-title-holder clearfix mkd-pattern-light\">\n            <span class=\"mkd-st-title\">\n        With Pagination        <\/span>\n    <\/span><\/div><div class=\"mkd-bnl-outer\"><div class=\"mkd-bnl-inner\"><div class=\"mkd-post-block-part mkd-pb-three-featured\"><div class=\"mkd-pt-one-item mkd-post-item\">\n            <div class=\"mkd-pt-one-image-holder\">\n                        <div class=\"mkd-pt-one-image-inner-holder\">\n                <a itemprop=\"url\" class=\"mkd-pt-one-slide-link mkd-image-link\" href=\"https:\/\/radiobanda1.com.br\/portal\/?p=18413\" target=\"_self\">\n                <img width=\"700\" height=\"400\" src=\"https:\/\/radiobanda1.com.br\/portal\/wp-content\/uploads\/2026\/04\/324.jpg\" class=\"attachment-full size-full wp-post-image\" alt=\"\" loading=\"lazy\" srcset=\"https:\/\/radiobanda1.com.br\/portal\/wp-content\/uploads\/2026\/04\/324.jpg 700w, https:\/\/radiobanda1.com.br\/portal\/wp-content\/uploads\/2026\/04\/324-300x171.jpg 300w\" sizes=\"(max-width: 700px) 100vw, 700px\" \/>                <\/a>\n            <\/div>\n        <\/div>\n        <div class=\"mkd-pt-one-content-holder-outer\">\n\t    <div class=\"mkd-pt-one-content-holder\">\n\t        <div class=\"mkd-pt-one-title-holder\">\n\t            <h3 class=\"mkd-pt-one-title\">\n\t            <a itemprop=\"url\" class=\"mkd-pt-link\" href=\"https:\/\/radiobanda1.com.br\/portal\/?p=18413\" target=\"_self\">S\u00edndrome Respirat\u00f3ria Aguda Grave aumenta em beb\u00eas at\u00e9 2 anos<\/a>\n\t        <\/h3>\n\t        <\/div>\n\t\t\t<div itemprop=\"dateCreated\" class=\"mkd-post-info-date entry-date updated\">\n\t\t\t<a itemprop=\"url\" href=\"https:\/\/radiobanda1.com.br\/portal\/?m=202604\">\n\t\t16 de abril de 2026\t\t\t<\/a>\n\t\t<meta itemprop=\"interactionCount\" content=\"UserComments: 0\"\/>\n<\/div>\t        \t        \t    <\/div>\n\t\t\t\t\t<div class=\"mkd-pt-info-section clearfix\">\n\t\t\t\t<div class=\"mkd-pt-info-section-left\">\n\t\t\t\t\t<div class=\"mkd-post-info-comments-holder\"><a class=\"mkd-post-info-comments\" href=\"https:\/\/radiobanda1.com.br\/portal\/?p=18413#respond\" target=\"_self\">0 Comments<\/a><\/div><div class=\"mkd-post-info-count\"><span class=\"mkd-post-count-number\">27<\/span> <span class=\"mkd-post-count-text\">Views<\/span><\/div>\t\t\t\t<\/div>\n\t\t\t\t<div class=\"mkd-pt-info-section-right\">\n\t\t\t\t\t<a href=\"https:\/\/radiobanda1.com.br\/portal\/?p=18413\" target=\"_self\"  class=\"mkd-btn mkd-btn-medium mkd-btn-transparent mkd-btn-icon\"  >    <span class=\"mkd-btn-text\">Read More<\/span>    <i class=\"mkd-icon-ion-icon ion-log-in mkd-btn-icon-element\" ><\/i><\/a>\t\t\t\t<\/div>\n\t\t\t<\/div>\n\t\t\t<\/div>\n<\/div><\/div><div class=\"mkd-post-block-part mkd-pb-three-non-featured\"><div class=\"mkd-pt-seven-item mkd-post-item\">\n\t<div class=\"mkd-pt-seven-item-inner clearfix\">\n\t\t\t\t\t<div class=\"mkd-pt-seven-image-holder\" style=\"width: 86px\">\n\t\t\t\t<a itemprop=\"url\" class=\"mkd-pt-seven-link mkd-image-link\" href=\"https:\/\/radiobanda1.com.br\/portal\/?p=18410\" target=\"_self\">\n\t\t\t\t\t<img src=\"https:\/\/radiobanda1.com.br\/portal\/wp-content\/uploads\/2026\/04\/323-86x65.jpg\" alt=\"\" width=\"86\" height=\"65\" \/>\t\t\t\t<\/a>\n\t\t\t<\/div>\n\t\t\t\t<div class=\"mkd-pt-seven-content-holder\">\n\t\t\t<div class=\"mkd-pt-seven-title-holder\">\n\t\t\t\t<h6 class=\"mkd-pt-seven-title\">\n\t\t\t\t\t<a itemprop=\"url\" class=\"mkd-pt-link\" href=\"https:\/\/radiobanda1.com.br\/portal\/?p=18410\" target=\"_self\">Anvisa pro\u00edbe canetas emagrecedoras irregulares no Brasil<\/a>\n\t\t\t\t<\/h6>\n\t\t\t<\/div>\n\t\t\t<div itemprop=\"dateCreated\" class=\"mkd-post-info-date entry-date updated\">\n\t\t\t<a itemprop=\"url\" href=\"https:\/\/radiobanda1.com.br\/portal\/?m=202604\">\n\t\t16 de abril de 2026\t\t\t<\/a>\n\t\t<meta itemprop=\"interactionCount\" content=\"UserComments: 0\"\/>\n<\/div>\t\t\t\t\t<\/div>\n\t<\/div>\n<\/div><div class=\"mkd-pt-seven-item mkd-post-item\">\n\t<div class=\"mkd-pt-seven-item-inner clearfix\">\n\t\t\t\t\t<div class=\"mkd-pt-seven-image-holder\" style=\"width: 86px\">\n\t\t\t\t<a itemprop=\"url\" class=\"mkd-pt-seven-link mkd-image-link\" href=\"https:\/\/radiobanda1.com.br\/portal\/?p=18407\" target=\"_self\">\n\t\t\t\t\t<img src=\"https:\/\/radiobanda1.com.br\/portal\/wp-content\/uploads\/2026\/04\/322-86x65.jpg\" alt=\"\" width=\"86\" height=\"65\" \/>\t\t\t\t<\/a>\n\t\t\t<\/div>\n\t\t\t\t<div class=\"mkd-pt-seven-content-holder\">\n\t\t\t<div class=\"mkd-pt-seven-title-holder\">\n\t\t\t\t<h6 class=\"mkd-pt-seven-title\">\n\t\t\t\t\t<a itemprop=\"url\" class=\"mkd-pt-link\" href=\"https:\/\/radiobanda1.com.br\/portal\/?p=18407\" target=\"_self\">Aposentados e pensionistas do INSS podem consultar antecipa\u00e7\u00e3o do 13\u00ba<\/a>\n\t\t\t\t<\/h6>\n\t\t\t<\/div>\n\t\t\t<div itemprop=\"dateCreated\" class=\"mkd-post-info-date entry-date updated\">\n\t\t\t<a itemprop=\"url\" href=\"https:\/\/radiobanda1.com.br\/portal\/?m=202604\">\n\t\t16 de abril de 2026\t\t\t<\/a>\n\t\t<meta itemprop=\"interactionCount\" content=\"UserComments: 0\"\/>\n<\/div>\t\t\t\t\t<\/div>\n\t<\/div>\n<\/div><div class=\"mkd-pt-seven-item mkd-post-item\">\n\t<div class=\"mkd-pt-seven-item-inner clearfix\">\n\t\t\t\t\t<div class=\"mkd-pt-seven-image-holder\" style=\"width: 86px\">\n\t\t\t\t<a itemprop=\"url\" class=\"mkd-pt-seven-link mkd-image-link\" href=\"https:\/\/radiobanda1.com.br\/portal\/?p=18404\" target=\"_self\">\n\t\t\t\t\t<img src=\"https:\/\/radiobanda1.com.br\/portal\/wp-content\/uploads\/2026\/04\/321-86x65.jpg\" alt=\"\" width=\"86\" height=\"65\" \/>\t\t\t\t<\/a>\n\t\t\t<\/div>\n\t\t\t\t<div class=\"mkd-pt-seven-content-holder\">\n\t\t\t<div class=\"mkd-pt-seven-title-holder\">\n\t\t\t\t<h6 class=\"mkd-pt-seven-title\">\n\t\t\t\t\t<a itemprop=\"url\" class=\"mkd-pt-link\" href=\"https:\/\/radiobanda1.com.br\/portal\/?p=18404\" target=\"_self\">Governo prop\u00f5e sal\u00e1rio m\u00ednimo de R$ 1.717 em 2027<\/a>\n\t\t\t\t<\/h6>\n\t\t\t<\/div>\n\t\t\t<div itemprop=\"dateCreated\" class=\"mkd-post-info-date entry-date updated\">\n\t\t\t<a itemprop=\"url\" href=\"https:\/\/radiobanda1.com.br\/portal\/?m=202604\">\n\t\t16 de abril de 2026\t\t\t<\/a>\n\t\t<meta itemprop=\"interactionCount\" content=\"UserComments: 0\"\/>\n<\/div>\t\t\t\t\t<\/div>\n\t<\/div>\n<\/div><\/div><\/div><\/div><div class=\"mkd-bnl-navigation-holder\">\n    <div class=\"mkd-bnl-navigation\">\n        <a class=\"mkd-bnl-nav-icon mkd-bnl-nav-prev\"><span class=\"ion-ios-arrow-left\"><\/span><\/a>\n        <a class=\"mkd-bnl-nav-icon mkd-bnl-nav-next\"><span class=\"ion-ios-arrow-right\"><\/span><\/a>\n    <\/div>\n<\/div><div class=\"mkd-post-ajax-preloader\" style=\"display: none;\">\n\t<div class=\"mkd-post-ajax-preloader-inner\">\n\t    <div class=\"mkd-pulse\"><\/div>\n\t    <div class=\"mkd-pulse\"><\/div>\n\t    <div class=\"mkd-pulse\"><\/div>\n\t<\/div>\n<\/div><\/div>[vc_empty_space height=&#8221;40px&#8221;][\/vc_column][\/vc_row]<\/p>\n","protected":false},"excerpt":{"rendered":"<p>[vc_row][vc_column][vc_row_inner][vc_column_inner offset=&#8221;vc_col-lg-6 vc_col-md-6&#8243;][vc_empty_space height=&#8221;40px&#8221;][\/vc_column_inner][vc_column_inner offset=&#8221;vc_col-lg-6 vc_col-md-6&#8243;][vc_empty_space height=&#8221;40px&#8221;][\/vc_column_inner][\/vc_row_inner][\/vc_column][\/vc_row][vc_row][vc_column][vc_empty_space height=&#8221;40px&#8221;][\/vc_column][\/vc_row]<\/p>\n","protected":false},"author":1,"featured_media":0,"parent":0,"menu_order":0,"comment_status":"closed","ping_status":"closed","template":"","meta":[],"_links":{"self":[{"href":"https:\/\/radiobanda1.com.br\/portal\/index.php?rest_route=\/wp\/v2\/pages\/1916"}],"collection":[{"href":"https:\/\/radiobanda1.com.br\/portal\/index.php?rest_route=\/wp\/v2\/pages"}],"about":[{"href":"https:\/\/radiobanda1.com.br\/portal\/index.php?rest_route=\/wp\/v2\/types\/page"}],"author":[{"embeddable":true,"href":"https:\/\/radiobanda1.com.br\/portal\/index.php?rest_route=\/wp\/v2\/users\/1"}],"replies":[{"embeddable":true,"href":"https:\/\/radiobanda1.com.br\/portal\/index.php?rest_route=%2Fwp%2Fv2%2Fcomments&post=1916"}],"version-history":[{"count":0,"href":"https:\/\/radiobanda1.com.br\/portal\/index.php?rest_route=\/wp\/v2\/pages\/1916\/revisions"}],"wp:attachment":[{"href":"https:\/\/radiobanda1.com.br\/portal\/index.php?rest_route=%2Fwp%2Fv2%2Fmedia&parent=1916"}],"curies":[{"name":"wp","href":"https:\/\/api.w.org\/{rel}","templated":true}]}}