{"id":1900,"date":"2016-03-07T15:29:15","date_gmt":"2016-03-07T15:29:15","guid":{"rendered":"http:\/\/discussion.mikado-themes.com\/?page_id=1900"},"modified":"2016-03-07T15:29:15","modified_gmt":"2016-03-07T15:29:15","slug":"block-2","status":"publish","type":"page","link":"https:\/\/radiobanda1.com.br\/portal\/?page_id=1900","title":{"rendered":"Block 2"},"content":{"rendered":"<p>[vc_row][vc_column]<div class=\"mkd-bnl-holder mkd-pb-two-holder  mkd-block-revealing two_half\"  data-base=\"mkd_block_two\"  data-number_of_posts=\"4\" data-block_proportion=\"two_half\" data-category_id=\"4\"      data-sort=\"featured_first\" data-title=\"1\/2 + 1\/2\" data-pattern_style=\"light\" data-featured_thumb_image_size=\"custom_size\" data-featured_thumb_image_width=\"768\" data-featured_thumb_image_height=\"500\" data-featured_title_tag=\"h4\" data-featured_title_length=\"30\"   data-featured_display_category=\"yes\"       data-title_tag=\"h6\"     data-display_pagination=\"no\"    data-paged=\"1\" data-max_pages=\"153\"><div class=\"mkd-layout-title-holder\"><span class=\"mkd-section-title-holder clearfix mkd-pattern-light\">\n            <span class=\"mkd-st-title\">\n        1\/2 + 1\/2        <\/span>\n    <\/span><\/div><div class=\"mkd-bnl-outer\"><div class=\"mkd-bnl-inner\"><div class=\"mkd-post-block-part mkd-pb-two-featured mkd-pbr-featured\"><div class=\"mkd-post-block-part-inner\"><div class=\"mkd-pt-five-item mkd-post-item\">\n\t<div class=\"mkd-pt-five-item-inner\">\n\t\t<div class=\"mkd-pt-five-top-content\">\n\t\t\t\t\t\t\t<div class=\"mkd-pt-five-image\">\n\t\t\t\t\t\t\t\t\t\t<a itemprop=\"url\" class=\"mkd-pt-five-link mkd-image-link\" href=\"https:\/\/radiobanda1.com.br\/portal\/?p=16952\" target=\"_self\">\n\t\t\t\t\t\t<img src=\"https:\/\/radiobanda1.com.br\/portal\/wp-content\/uploads\/2025\/09\/0231-768x500.jpg\" alt=\"\" width=\"768\" height=\"500\" \/>\t\t\t\t\t<\/a>\n\t\t\t\t<\/div>\n\t\t\t\t\t\t<div class=\"mkd-pt-five-content\">\n\t\t\t\t<div class=\"mkd-pt-five-content-inner\">\n\t\t\t\t\t<h4 class=\"mkd-pt-five-title\">\n\t\t\t\t\t\t<a itemprop=\"url\" class=\"mkd-pt-link\" href=\"https:\/\/radiobanda1.com.br\/portal\/?p=16952\" target=\"_self\">\u00c1reas de instabilidade trazem...<\/a>\n\t\t\t\t\t<\/h4>\n\t\t\t\t\t<div itemprop=\"dateCreated\" class=\"mkd-post-info-date entry-date updated\">\n\t\t\t<a itemprop=\"url\" href=\"https:\/\/radiobanda1.com.br\/portal\/?m=202509\">\n\t\t15 de setembro de 2025\t\t\t<\/a>\n\t\t<meta itemprop=\"interactionCount\" content=\"UserComments: 0\"\/>\n<\/div>\t\t\t\t\t\t\t\t\t<\/div>\n\t\t\t\t\t\t\t\t\t<div class=\"mkd-pt-info-section clearfix\">\n\t\t\t\t\t\t<div class=\"mkd-pt-info-section-left\">\n\t\t\t\t\t\t\t<div class=\"mkd-post-info-comments-holder\"><a class=\"mkd-post-info-comments\" href=\"https:\/\/radiobanda1.com.br\/portal\/?p=16952#respond\" target=\"_self\">0 Comments<\/a><\/div><div class=\"mkd-post-info-count\"><span class=\"mkd-post-count-number\">261<\/span> <span class=\"mkd-post-count-text\">Views<\/span><\/div>\t\t\t\t\t\t<\/div>\n\t\t\t\t\t\t<div class=\"mkd-pt-info-section-right\">\n\t\t\t\t\t\t\t\t\t\t\t\t\t<\/div>\n\t\t\t\t\t<\/div>\n\t\t\t\t\t\t\t<\/div>\n\t\t<\/div>\n\t<\/div>\n<\/div><\/div><div class=\"mkd-post-block-part-inner\"><div class=\"mkd-pt-five-item mkd-post-item\">\n\t<div class=\"mkd-pt-five-item-inner\">\n\t\t<div class=\"mkd-pt-five-top-content\">\n\t\t\t\t\t\t\t<div class=\"mkd-pt-five-image\">\n\t\t\t\t\t\t\t\t\t\t<a itemprop=\"url\" class=\"mkd-pt-five-link mkd-image-link\" href=\"https:\/\/radiobanda1.com.br\/portal\/?p=16956\" target=\"_self\">\n\t\t\t\t\t\t<img src=\"https:\/\/radiobanda1.com.br\/portal\/wp-content\/uploads\/2025\/09\/0232-768x500.jpg\" alt=\"\" width=\"768\" height=\"500\" \/>\t\t\t\t\t<\/a>\n\t\t\t\t<\/div>\n\t\t\t\t\t\t<div class=\"mkd-pt-five-content\">\n\t\t\t\t<div class=\"mkd-pt-five-content-inner\">\n\t\t\t\t\t<h4 class=\"mkd-pt-five-title\">\n\t\t\t\t\t\t<a itemprop=\"url\" class=\"mkd-pt-link\" href=\"https:\/\/radiobanda1.com.br\/portal\/?p=16956\" target=\"_self\">Mais de 80 mil empregadores de...<\/a>\n\t\t\t\t\t<\/h4>\n\t\t\t\t\t<div itemprop=\"dateCreated\" class=\"mkd-post-info-date entry-date updated\">\n\t\t\t<a itemprop=\"url\" href=\"https:\/\/radiobanda1.com.br\/portal\/?m=202509\">\n\t\t16 de setembro de 2025\t\t\t<\/a>\n\t\t<meta itemprop=\"interactionCount\" content=\"UserComments: 0\"\/>\n<\/div>\t\t\t\t\t\t\t\t\t<\/div>\n\t\t\t\t\t\t\t\t\t<div class=\"mkd-pt-info-section clearfix\">\n\t\t\t\t\t\t<div class=\"mkd-pt-info-section-left\">\n\t\t\t\t\t\t\t<div class=\"mkd-post-info-comments-holder\"><a class=\"mkd-post-info-comments\" href=\"https:\/\/radiobanda1.com.br\/portal\/?p=16956#respond\" target=\"_self\">0 Comments<\/a><\/div><div class=\"mkd-post-info-count\"><span class=\"mkd-post-count-number\">313<\/span> <span class=\"mkd-post-count-text\">Views<\/span><\/div>\t\t\t\t\t\t<\/div>\n\t\t\t\t\t\t<div class=\"mkd-pt-info-section-right\">\n\t\t\t\t\t\t\t\t\t\t\t\t\t<\/div>\n\t\t\t\t\t<\/div>\n\t\t\t\t\t\t\t<\/div>\n\t\t<\/div>\n\t<\/div>\n<\/div><\/div><div class=\"mkd-post-block-part-inner\"><div class=\"mkd-pt-five-item mkd-post-item\">\n\t<div class=\"mkd-pt-five-item-inner\">\n\t\t<div class=\"mkd-pt-five-top-content\">\n\t\t\t\t\t\t\t<div class=\"mkd-pt-five-image\">\n\t\t\t\t\t\t\t\t\t\t<a itemprop=\"url\" class=\"mkd-pt-five-link mkd-image-link\" href=\"https:\/\/radiobanda1.com.br\/portal\/?p=16959\" target=\"_self\">\n\t\t\t\t\t\t<img src=\"https:\/\/radiobanda1.com.br\/portal\/wp-content\/uploads\/2025\/09\/0233-768x500.jpg\" alt=\"\" width=\"768\" height=\"500\" \/>\t\t\t\t\t<\/a>\n\t\t\t\t<\/div>\n\t\t\t\t\t\t<div class=\"mkd-pt-five-content\">\n\t\t\t\t<div class=\"mkd-pt-five-content-inner\">\n\t\t\t\t\t<h4 class=\"mkd-pt-five-title\">\n\t\t\t\t\t\t<a itemprop=\"url\" class=\"mkd-pt-link\" href=\"https:\/\/radiobanda1.com.br\/portal\/?p=16959\" target=\"_self\">Dia Nacional do Caminhoneiro l...<\/a>\n\t\t\t\t\t<\/h4>\n\t\t\t\t\t<div itemprop=\"dateCreated\" class=\"mkd-post-info-date entry-date updated\">\n\t\t\t<a itemprop=\"url\" href=\"https:\/\/radiobanda1.com.br\/portal\/?m=202509\">\n\t\t16 de setembro de 2025\t\t\t<\/a>\n\t\t<meta itemprop=\"interactionCount\" content=\"UserComments: 0\"\/>\n<\/div>\t\t\t\t\t\t\t\t\t<\/div>\n\t\t\t\t\t\t\t\t\t<div class=\"mkd-pt-info-section clearfix\">\n\t\t\t\t\t\t<div class=\"mkd-pt-info-section-left\">\n\t\t\t\t\t\t\t<div class=\"mkd-post-info-comments-holder\"><a class=\"mkd-post-info-comments\" href=\"https:\/\/radiobanda1.com.br\/portal\/?p=16959#respond\" target=\"_self\">0 Comments<\/a><\/div><div class=\"mkd-post-info-count\"><span class=\"mkd-post-count-number\">272<\/span> <span class=\"mkd-post-count-text\">Views<\/span><\/div>\t\t\t\t\t\t<\/div>\n\t\t\t\t\t\t<div class=\"mkd-pt-info-section-right\">\n\t\t\t\t\t\t\t\t\t\t\t\t\t<\/div>\n\t\t\t\t\t<\/div>\n\t\t\t\t\t\t\t<\/div>\n\t\t<\/div>\n\t<\/div>\n<\/div><\/div><div class=\"mkd-post-block-part-inner\"><div class=\"mkd-pt-five-item mkd-post-item\">\n\t<div class=\"mkd-pt-five-item-inner\">\n\t\t<div class=\"mkd-pt-five-top-content\">\n\t\t\t\t\t\t\t<div class=\"mkd-pt-five-image\">\n\t\t\t\t\t\t\t\t\t\t<a itemprop=\"url\" class=\"mkd-pt-five-link mkd-image-link\" href=\"https:\/\/radiobanda1.com.br\/portal\/?p=16962\" target=\"_self\">\n\t\t\t\t\t\t<img src=\"https:\/\/radiobanda1.com.br\/portal\/wp-content\/uploads\/2025\/09\/0234-768x500.jpg\" alt=\"\" width=\"768\" height=\"500\" \/>\t\t\t\t\t<\/a>\n\t\t\t\t<\/div>\n\t\t\t\t\t\t<div class=\"mkd-pt-five-content\">\n\t\t\t\t<div class=\"mkd-pt-five-content-inner\">\n\t\t\t\t\t<h4 class=\"mkd-pt-five-title\">\n\t\t\t\t\t\t<a itemprop=\"url\" class=\"mkd-pt-link\" href=\"https:\/\/radiobanda1.com.br\/portal\/?p=16962\" target=\"_self\">Cart\u00e3o do SUS ser\u00e1 unificado c...<\/a>\n\t\t\t\t\t<\/h4>\n\t\t\t\t\t<div itemprop=\"dateCreated\" class=\"mkd-post-info-date entry-date updated\">\n\t\t\t<a itemprop=\"url\" href=\"https:\/\/radiobanda1.com.br\/portal\/?m=202509\">\n\t\t16 de setembro de 2025\t\t\t<\/a>\n\t\t<meta itemprop=\"interactionCount\" content=\"UserComments: 0\"\/>\n<\/div>\t\t\t\t\t\t\t\t\t<\/div>\n\t\t\t\t\t\t\t\t\t<div class=\"mkd-pt-info-section clearfix\">\n\t\t\t\t\t\t<div class=\"mkd-pt-info-section-left\">\n\t\t\t\t\t\t\t<div class=\"mkd-post-info-comments-holder\"><a class=\"mkd-post-info-comments\" href=\"https:\/\/radiobanda1.com.br\/portal\/?p=16962#respond\" target=\"_self\">0 Comments<\/a><\/div><div class=\"mkd-post-info-count\"><span class=\"mkd-post-count-number\">384<\/span> <span class=\"mkd-post-count-text\">Views<\/span><\/div>\t\t\t\t\t\t<\/div>\n\t\t\t\t\t\t<div class=\"mkd-pt-info-section-right\">\n\t\t\t\t\t\t\t\t\t\t\t\t\t<\/div>\n\t\t\t\t\t<\/div>\n\t\t\t\t\t\t\t<\/div>\n\t\t<\/div>\n\t<\/div>\n<\/div><\/div><\/div><div class=\"mkd-post-block-part mkd-pb-two-non-featured mkd-pbr-non-featured\"><div class=\"mkd-post-reveal-item\"><div class=\"mkd-pt-four-item mkd-post-item \">\n    <div class=\"mkd-pt-four-item-inner\">\n        <div class=\"mkd-pt-four-content-holder\">\n\t\t\t            <h6 class=\"mkd-pt-four-title\">\n            <a itemprop=\"url\" class=\"mkd-pt-link\" href=\"https:\/\/radiobanda1.com.br\/portal\/?p=16952\" target=\"_self\">\u00c1reas de instabilidade trazem chuva nesta segunda, que se espalha pelo Paran\u00e1 na ter\u00e7a<\/a>\n            <\/h6>\n\t\t\t<div itemprop=\"dateCreated\" class=\"mkd-post-info-date entry-date updated\">\n\t\t\t<a itemprop=\"url\" href=\"https:\/\/radiobanda1.com.br\/portal\/?m=202509\">\n\t\t15 de setembro de 2025\t\t\t<\/a>\n\t\t<meta itemprop=\"interactionCount\" content=\"UserComments: 0\"\/>\n<\/div>        <\/div>\n    <\/div>\n<\/div><\/div><div class=\"mkd-post-reveal-item\"><div class=\"mkd-pt-four-item mkd-post-item \">\n    <div class=\"mkd-pt-four-item-inner\">\n        <div class=\"mkd-pt-four-content-holder\">\n\t\t\t            <h6 class=\"mkd-pt-four-title\">\n            <a itemprop=\"url\" class=\"mkd-pt-link\" href=\"https:\/\/radiobanda1.com.br\/portal\/?p=16956\" target=\"_self\">Mais de 80 mil empregadores dever\u00e3o regularizar FGTS de dom\u00e9sticas<\/a>\n            <\/h6>\n\t\t\t<div itemprop=\"dateCreated\" class=\"mkd-post-info-date entry-date updated\">\n\t\t\t<a itemprop=\"url\" href=\"https:\/\/radiobanda1.com.br\/portal\/?m=202509\">\n\t\t16 de setembro de 2025\t\t\t<\/a>\n\t\t<meta itemprop=\"interactionCount\" content=\"UserComments: 0\"\/>\n<\/div>        <\/div>\n    <\/div>\n<\/div><\/div><div class=\"mkd-post-reveal-item\"><div class=\"mkd-pt-four-item mkd-post-item \">\n    <div class=\"mkd-pt-four-item-inner\">\n        <div class=\"mkd-pt-four-content-holder\">\n\t\t\t            <h6 class=\"mkd-pt-four-title\">\n            <a itemprop=\"url\" class=\"mkd-pt-link\" href=\"https:\/\/radiobanda1.com.br\/portal\/?p=16959\" target=\"_self\">Dia Nacional do Caminhoneiro lembra import\u00e2ncia da categoria<\/a>\n            <\/h6>\n\t\t\t<div itemprop=\"dateCreated\" class=\"mkd-post-info-date entry-date updated\">\n\t\t\t<a itemprop=\"url\" href=\"https:\/\/radiobanda1.com.br\/portal\/?m=202509\">\n\t\t16 de setembro de 2025\t\t\t<\/a>\n\t\t<meta itemprop=\"interactionCount\" content=\"UserComments: 0\"\/>\n<\/div>        <\/div>\n    <\/div>\n<\/div><\/div><div class=\"mkd-post-reveal-item\"><div class=\"mkd-pt-four-item mkd-post-item \">\n    <div class=\"mkd-pt-four-item-inner\">\n        <div class=\"mkd-pt-four-content-holder\">\n\t\t\t            <h6 class=\"mkd-pt-four-title\">\n            <a itemprop=\"url\" class=\"mkd-pt-link\" href=\"https:\/\/radiobanda1.com.br\/portal\/?p=16962\" target=\"_self\">Cart\u00e3o do SUS ser\u00e1 unificado com dados do CPF do usu\u00e1rio<\/a>\n            <\/h6>\n\t\t\t<div itemprop=\"dateCreated\" class=\"mkd-post-info-date entry-date updated\">\n\t\t\t<a itemprop=\"url\" href=\"https:\/\/radiobanda1.com.br\/portal\/?m=202509\">\n\t\t16 de setembro de 2025\t\t\t<\/a>\n\t\t<meta itemprop=\"interactionCount\" content=\"UserComments: 0\"\/>\n<\/div>        <\/div>\n    <\/div>\n<\/div><\/div><\/div><\/div><\/div><\/div>[\/vc_column][\/vc_row][vc_row css=&#8221;.vc_custom_1457364945288{padding-top: 40px !important;}&#8221;][vc_column]<div class=\"mkd-bnl-holder mkd-pb-two-holder  mkd-block-revealing two_third_one_third\"  data-base=\"mkd_block_two\"  data-number_of_posts=\"4\" data-block_proportion=\"two_third_one_third\" data-category_id=\"5\"      data-sort=\"featured_first\" data-title=\"2\/3 + 1\/3\" data-pattern_style=\"light\" data-featured_thumb_image_size=\"custom_size\" data-featured_thumb_image_width=\"768\" data-featured_thumb_image_height=\"444\" data-featured_title_tag=\"h4\" data-featured_title_length=\"37\"   data-featured_display_category=\"yes\"       data-title_tag=\"h6\"     data-display_pagination=\"no\"    data-paged=\"1\" data-max_pages=\"153\"><div class=\"mkd-layout-title-holder\"><span class=\"mkd-section-title-holder clearfix mkd-pattern-light\">\n            <span class=\"mkd-st-title\">\n        2\/3 + 1\/3        <\/span>\n    <\/span><\/div><div class=\"mkd-bnl-outer\"><div class=\"mkd-bnl-inner\"><div class=\"mkd-post-block-part mkd-pb-two-featured mkd-pbr-featured\"><div class=\"mkd-post-block-part-inner\"><div class=\"mkd-pt-five-item mkd-post-item\">\n\t<div class=\"mkd-pt-five-item-inner\">\n\t\t<div class=\"mkd-pt-five-top-content\">\n\t\t\t\t\t\t\t<div class=\"mkd-pt-five-image\">\n\t\t\t\t\t\t\t\t\t\t<a itemprop=\"url\" class=\"mkd-pt-five-link mkd-image-link\" href=\"https:\/\/radiobanda1.com.br\/portal\/?p=16952\" target=\"_self\">\n\t\t\t\t\t\t<img src=\"https:\/\/radiobanda1.com.br\/portal\/wp-content\/uploads\/2025\/09\/0231-768x444.jpg\" alt=\"\" width=\"768\" height=\"444\" \/>\t\t\t\t\t<\/a>\n\t\t\t\t<\/div>\n\t\t\t\t\t\t<div class=\"mkd-pt-five-content\">\n\t\t\t\t<div class=\"mkd-pt-five-content-inner\">\n\t\t\t\t\t<h4 class=\"mkd-pt-five-title\">\n\t\t\t\t\t\t<a itemprop=\"url\" class=\"mkd-pt-link\" href=\"https:\/\/radiobanda1.com.br\/portal\/?p=16952\" target=\"_self\">\u00c1reas de instabilidade trazem chuva n...<\/a>\n\t\t\t\t\t<\/h4>\n\t\t\t\t\t<div itemprop=\"dateCreated\" class=\"mkd-post-info-date entry-date updated\">\n\t\t\t<a itemprop=\"url\" href=\"https:\/\/radiobanda1.com.br\/portal\/?m=202509\">\n\t\t15 de setembro de 2025\t\t\t<\/a>\n\t\t<meta itemprop=\"interactionCount\" content=\"UserComments: 0\"\/>\n<\/div>\t\t\t\t\t\t\t\t\t<\/div>\n\t\t\t\t\t\t\t\t\t<div class=\"mkd-pt-info-section clearfix\">\n\t\t\t\t\t\t<div class=\"mkd-pt-info-section-left\">\n\t\t\t\t\t\t\t<div class=\"mkd-post-info-comments-holder\"><a class=\"mkd-post-info-comments\" href=\"https:\/\/radiobanda1.com.br\/portal\/?p=16952#respond\" target=\"_self\">0 Comments<\/a><\/div><div class=\"mkd-post-info-count\"><span class=\"mkd-post-count-number\">261<\/span> <span class=\"mkd-post-count-text\">Views<\/span><\/div>\t\t\t\t\t\t<\/div>\n\t\t\t\t\t\t<div class=\"mkd-pt-info-section-right\">\n\t\t\t\t\t\t\t\t\t\t\t\t\t<\/div>\n\t\t\t\t\t<\/div>\n\t\t\t\t\t\t\t<\/div>\n\t\t<\/div>\n\t<\/div>\n<\/div><\/div><div class=\"mkd-post-block-part-inner\"><div class=\"mkd-pt-five-item mkd-post-item\">\n\t<div class=\"mkd-pt-five-item-inner\">\n\t\t<div class=\"mkd-pt-five-top-content\">\n\t\t\t\t\t\t\t<div class=\"mkd-pt-five-image\">\n\t\t\t\t\t\t\t\t\t\t<a itemprop=\"url\" class=\"mkd-pt-five-link mkd-image-link\" href=\"https:\/\/radiobanda1.com.br\/portal\/?p=16956\" target=\"_self\">\n\t\t\t\t\t\t<img src=\"https:\/\/radiobanda1.com.br\/portal\/wp-content\/uploads\/2025\/09\/0232-768x444.jpg\" alt=\"\" width=\"768\" height=\"444\" \/>\t\t\t\t\t<\/a>\n\t\t\t\t<\/div>\n\t\t\t\t\t\t<div class=\"mkd-pt-five-content\">\n\t\t\t\t<div class=\"mkd-pt-five-content-inner\">\n\t\t\t\t\t<h4 class=\"mkd-pt-five-title\">\n\t\t\t\t\t\t<a itemprop=\"url\" class=\"mkd-pt-link\" href=\"https:\/\/radiobanda1.com.br\/portal\/?p=16956\" target=\"_self\">Mais de 80 mil empregadores dever\u00e3o r...<\/a>\n\t\t\t\t\t<\/h4>\n\t\t\t\t\t<div itemprop=\"dateCreated\" class=\"mkd-post-info-date entry-date updated\">\n\t\t\t<a itemprop=\"url\" href=\"https:\/\/radiobanda1.com.br\/portal\/?m=202509\">\n\t\t16 de setembro de 2025\t\t\t<\/a>\n\t\t<meta itemprop=\"interactionCount\" content=\"UserComments: 0\"\/>\n<\/div>\t\t\t\t\t\t\t\t\t<\/div>\n\t\t\t\t\t\t\t\t\t<div class=\"mkd-pt-info-section clearfix\">\n\t\t\t\t\t\t<div class=\"mkd-pt-info-section-left\">\n\t\t\t\t\t\t\t<div class=\"mkd-post-info-comments-holder\"><a class=\"mkd-post-info-comments\" href=\"https:\/\/radiobanda1.com.br\/portal\/?p=16956#respond\" target=\"_self\">0 Comments<\/a><\/div><div class=\"mkd-post-info-count\"><span class=\"mkd-post-count-number\">313<\/span> <span class=\"mkd-post-count-text\">Views<\/span><\/div>\t\t\t\t\t\t<\/div>\n\t\t\t\t\t\t<div class=\"mkd-pt-info-section-right\">\n\t\t\t\t\t\t\t\t\t\t\t\t\t<\/div>\n\t\t\t\t\t<\/div>\n\t\t\t\t\t\t\t<\/div>\n\t\t<\/div>\n\t<\/div>\n<\/div><\/div><div class=\"mkd-post-block-part-inner\"><div class=\"mkd-pt-five-item mkd-post-item\">\n\t<div class=\"mkd-pt-five-item-inner\">\n\t\t<div class=\"mkd-pt-five-top-content\">\n\t\t\t\t\t\t\t<div class=\"mkd-pt-five-image\">\n\t\t\t\t\t\t\t\t\t\t<a itemprop=\"url\" class=\"mkd-pt-five-link mkd-image-link\" href=\"https:\/\/radiobanda1.com.br\/portal\/?p=16959\" target=\"_self\">\n\t\t\t\t\t\t<img src=\"https:\/\/radiobanda1.com.br\/portal\/wp-content\/uploads\/2025\/09\/0233-768x444.jpg\" alt=\"\" width=\"768\" height=\"444\" \/>\t\t\t\t\t<\/a>\n\t\t\t\t<\/div>\n\t\t\t\t\t\t<div class=\"mkd-pt-five-content\">\n\t\t\t\t<div class=\"mkd-pt-five-content-inner\">\n\t\t\t\t\t<h4 class=\"mkd-pt-five-title\">\n\t\t\t\t\t\t<a itemprop=\"url\" class=\"mkd-pt-link\" href=\"https:\/\/radiobanda1.com.br\/portal\/?p=16959\" target=\"_self\">Dia Nacional do Caminhoneiro lembra i...<\/a>\n\t\t\t\t\t<\/h4>\n\t\t\t\t\t<div itemprop=\"dateCreated\" class=\"mkd-post-info-date entry-date updated\">\n\t\t\t<a itemprop=\"url\" href=\"https:\/\/radiobanda1.com.br\/portal\/?m=202509\">\n\t\t16 de setembro de 2025\t\t\t<\/a>\n\t\t<meta itemprop=\"interactionCount\" content=\"UserComments: 0\"\/>\n<\/div>\t\t\t\t\t\t\t\t\t<\/div>\n\t\t\t\t\t\t\t\t\t<div class=\"mkd-pt-info-section clearfix\">\n\t\t\t\t\t\t<div class=\"mkd-pt-info-section-left\">\n\t\t\t\t\t\t\t<div class=\"mkd-post-info-comments-holder\"><a class=\"mkd-post-info-comments\" href=\"https:\/\/radiobanda1.com.br\/portal\/?p=16959#respond\" target=\"_self\">0 Comments<\/a><\/div><div class=\"mkd-post-info-count\"><span class=\"mkd-post-count-number\">272<\/span> <span class=\"mkd-post-count-text\">Views<\/span><\/div>\t\t\t\t\t\t<\/div>\n\t\t\t\t\t\t<div class=\"mkd-pt-info-section-right\">\n\t\t\t\t\t\t\t\t\t\t\t\t\t<\/div>\n\t\t\t\t\t<\/div>\n\t\t\t\t\t\t\t<\/div>\n\t\t<\/div>\n\t<\/div>\n<\/div><\/div><div class=\"mkd-post-block-part-inner\"><div class=\"mkd-pt-five-item mkd-post-item\">\n\t<div class=\"mkd-pt-five-item-inner\">\n\t\t<div class=\"mkd-pt-five-top-content\">\n\t\t\t\t\t\t\t<div class=\"mkd-pt-five-image\">\n\t\t\t\t\t\t\t\t\t\t<a itemprop=\"url\" class=\"mkd-pt-five-link mkd-image-link\" href=\"https:\/\/radiobanda1.com.br\/portal\/?p=16962\" target=\"_self\">\n\t\t\t\t\t\t<img src=\"https:\/\/radiobanda1.com.br\/portal\/wp-content\/uploads\/2025\/09\/0234-768x444.jpg\" alt=\"\" width=\"768\" height=\"444\" \/>\t\t\t\t\t<\/a>\n\t\t\t\t<\/div>\n\t\t\t\t\t\t<div class=\"mkd-pt-five-content\">\n\t\t\t\t<div class=\"mkd-pt-five-content-inner\">\n\t\t\t\t\t<h4 class=\"mkd-pt-five-title\">\n\t\t\t\t\t\t<a itemprop=\"url\" class=\"mkd-pt-link\" href=\"https:\/\/radiobanda1.com.br\/portal\/?p=16962\" target=\"_self\">Cart\u00e3o do SUS ser\u00e1 unificado com dado...<\/a>\n\t\t\t\t\t<\/h4>\n\t\t\t\t\t<div itemprop=\"dateCreated\" class=\"mkd-post-info-date entry-date updated\">\n\t\t\t<a itemprop=\"url\" href=\"https:\/\/radiobanda1.com.br\/portal\/?m=202509\">\n\t\t16 de setembro de 2025\t\t\t<\/a>\n\t\t<meta itemprop=\"interactionCount\" content=\"UserComments: 0\"\/>\n<\/div>\t\t\t\t\t\t\t\t\t<\/div>\n\t\t\t\t\t\t\t\t\t<div class=\"mkd-pt-info-section clearfix\">\n\t\t\t\t\t\t<div class=\"mkd-pt-info-section-left\">\n\t\t\t\t\t\t\t<div class=\"mkd-post-info-comments-holder\"><a class=\"mkd-post-info-comments\" href=\"https:\/\/radiobanda1.com.br\/portal\/?p=16962#respond\" target=\"_self\">0 Comments<\/a><\/div><div class=\"mkd-post-info-count\"><span class=\"mkd-post-count-number\">384<\/span> <span class=\"mkd-post-count-text\">Views<\/span><\/div>\t\t\t\t\t\t<\/div>\n\t\t\t\t\t\t<div class=\"mkd-pt-info-section-right\">\n\t\t\t\t\t\t\t\t\t\t\t\t\t<\/div>\n\t\t\t\t\t<\/div>\n\t\t\t\t\t\t\t<\/div>\n\t\t<\/div>\n\t<\/div>\n<\/div><\/div><\/div><div class=\"mkd-post-block-part mkd-pb-two-non-featured mkd-pbr-non-featured\"><div class=\"mkd-post-reveal-item\"><div class=\"mkd-pt-four-item mkd-post-item \">\n    <div class=\"mkd-pt-four-item-inner\">\n        <div class=\"mkd-pt-four-content-holder\">\n\t\t\t            <h6 class=\"mkd-pt-four-title\">\n            <a itemprop=\"url\" class=\"mkd-pt-link\" href=\"https:\/\/radiobanda1.com.br\/portal\/?p=16952\" target=\"_self\">\u00c1reas de instabilidade trazem chuva nesta segunda, que se espalha pelo Paran\u00e1 na ter\u00e7a<\/a>\n            <\/h6>\n\t\t\t<div itemprop=\"dateCreated\" class=\"mkd-post-info-date entry-date updated\">\n\t\t\t<a itemprop=\"url\" href=\"https:\/\/radiobanda1.com.br\/portal\/?m=202509\">\n\t\t15 de setembro de 2025\t\t\t<\/a>\n\t\t<meta itemprop=\"interactionCount\" content=\"UserComments: 0\"\/>\n<\/div>        <\/div>\n    <\/div>\n<\/div><\/div><div class=\"mkd-post-reveal-item\"><div class=\"mkd-pt-four-item mkd-post-item \">\n    <div class=\"mkd-pt-four-item-inner\">\n        <div class=\"mkd-pt-four-content-holder\">\n\t\t\t            <h6 class=\"mkd-pt-four-title\">\n            <a itemprop=\"url\" class=\"mkd-pt-link\" href=\"https:\/\/radiobanda1.com.br\/portal\/?p=16956\" target=\"_self\">Mais de 80 mil empregadores dever\u00e3o regularizar FGTS de dom\u00e9sticas<\/a>\n            <\/h6>\n\t\t\t<div itemprop=\"dateCreated\" class=\"mkd-post-info-date entry-date updated\">\n\t\t\t<a itemprop=\"url\" href=\"https:\/\/radiobanda1.com.br\/portal\/?m=202509\">\n\t\t16 de setembro de 2025\t\t\t<\/a>\n\t\t<meta itemprop=\"interactionCount\" content=\"UserComments: 0\"\/>\n<\/div>        <\/div>\n    <\/div>\n<\/div><\/div><div class=\"mkd-post-reveal-item\"><div class=\"mkd-pt-four-item mkd-post-item \">\n    <div class=\"mkd-pt-four-item-inner\">\n        <div class=\"mkd-pt-four-content-holder\">\n\t\t\t            <h6 class=\"mkd-pt-four-title\">\n            <a itemprop=\"url\" class=\"mkd-pt-link\" href=\"https:\/\/radiobanda1.com.br\/portal\/?p=16959\" target=\"_self\">Dia Nacional do Caminhoneiro lembra import\u00e2ncia da categoria<\/a>\n            <\/h6>\n\t\t\t<div itemprop=\"dateCreated\" class=\"mkd-post-info-date entry-date updated\">\n\t\t\t<a itemprop=\"url\" href=\"https:\/\/radiobanda1.com.br\/portal\/?m=202509\">\n\t\t16 de setembro de 2025\t\t\t<\/a>\n\t\t<meta itemprop=\"interactionCount\" content=\"UserComments: 0\"\/>\n<\/div>        <\/div>\n    <\/div>\n<\/div><\/div><div class=\"mkd-post-reveal-item\"><div class=\"mkd-pt-four-item mkd-post-item \">\n    <div class=\"mkd-pt-four-item-inner\">\n        <div class=\"mkd-pt-four-content-holder\">\n\t\t\t            <h6 class=\"mkd-pt-four-title\">\n            <a itemprop=\"url\" class=\"mkd-pt-link\" href=\"https:\/\/radiobanda1.com.br\/portal\/?p=16962\" target=\"_self\">Cart\u00e3o do SUS ser\u00e1 unificado com dados do CPF do usu\u00e1rio<\/a>\n            <\/h6>\n\t\t\t<div itemprop=\"dateCreated\" class=\"mkd-post-info-date entry-date updated\">\n\t\t\t<a itemprop=\"url\" href=\"https:\/\/radiobanda1.com.br\/portal\/?m=202509\">\n\t\t16 de setembro de 2025\t\t\t<\/a>\n\t\t<meta itemprop=\"interactionCount\" content=\"UserComments: 0\"\/>\n<\/div>        <\/div>\n    <\/div>\n<\/div><\/div><\/div><\/div><\/div><\/div>[\/vc_column][\/vc_row][vc_row css=&#8221;.vc_custom_1457364982872{padding-top: 40px !important;}&#8221;][vc_column]<div class=\"mkd-bnl-holder mkd-pb-two-holder  mkd-block-revealing two_third_one_third mkd-post-pag-np-horizontal\"  data-base=\"mkd_block_two\"  data-number_of_posts=\"4\" data-block_proportion=\"two_third_one_third\"     data-post_in=\"155, 158, 173, 134, 46, 4, 91, 149\"  data-sort=\"featured_first\" data-title=\"With Navigation\" data-pattern_style=\"light\" data-featured_thumb_image_size=\"custom_size\" data-featured_thumb_image_width=\"768\" data-featured_thumb_image_height=\"467\" data-featured_title_tag=\"h4\"    data-featured_display_category=\"yes\"       data-title_tag=\"h6\"     data-display_pagination=\"yes\" data-pagination_type=\"np-horizontal\"   data-paged=\"1\"   data-next_page=\"2\"><div class=\"mkd-layout-title-holder\"><span class=\"mkd-section-title-holder clearfix mkd-pattern-light\">\n            <span class=\"mkd-st-title\">\n        With Navigation        <\/span>\n    <\/span><\/div><div class=\"mkd-bnl-outer\"><div class=\"mkd-pb-two-message\"><p>No posts were found.<\/p><\/div><\/div><\/div>[\/vc_column][\/vc_row]<\/p>\n","protected":false},"excerpt":{"rendered":"<p>[vc_row][vc_column][\/vc_column][\/vc_row][vc_row css=&#8221;.vc_custom_1457364945288{padding-top: 40px !important;}&#8221;][vc_column][\/vc_column][\/vc_row][vc_row css=&#8221;.vc_custom_1457364982872{padding-top: 40px !important;}&#8221;][vc_column][\/vc_column][\/vc_row]<\/p>\n","protected":false},"author":1,"featured_media":0,"parent":0,"menu_order":0,"comment_status":"closed","ping_status":"closed","template":"","meta":[],"_links":{"self":[{"href":"https:\/\/radiobanda1.com.br\/portal\/index.php?rest_route=\/wp\/v2\/pages\/1900"}],"collection":[{"href":"https:\/\/radiobanda1.com.br\/portal\/index.php?rest_route=\/wp\/v2\/pages"}],"about":[{"href":"https:\/\/radiobanda1.com.br\/portal\/index.php?rest_route=\/wp\/v2\/types\/page"}],"author":[{"embeddable":true,"href":"https:\/\/radiobanda1.com.br\/portal\/index.php?rest_route=\/wp\/v2\/users\/1"}],"replies":[{"embeddable":true,"href":"https:\/\/radiobanda1.com.br\/portal\/index.php?rest_route=%2Fwp%2Fv2%2Fcomments&post=1900"}],"version-history":[{"count":0,"href":"https:\/\/radiobanda1.com.br\/portal\/index.php?rest_route=\/wp\/v2\/pages\/1900\/revisions"}],"wp:attachment":[{"href":"https:\/\/radiobanda1.com.br\/portal\/index.php?rest_route=%2Fwp%2Fv2%2Fmedia&parent=1900"}],"curies":[{"name":"wp","href":"https:\/\/api.w.org\/{rel}","templated":true}]}}