{"id":1277,"date":"2016-03-02T12:40:16","date_gmt":"2016-03-02T12:40:16","guid":{"rendered":"http:\/\/discussion.mikado-themes.com\/?page_id=1277"},"modified":"2016-03-02T12:40:16","modified_gmt":"2016-03-02T12:40:16","slug":"masonry-block","status":"publish","type":"page","link":"https:\/\/radiobanda1.com.br\/portal\/?page_id=1277","title":{"rendered":"Masonry Block"},"content":{"rendered":"<p>[vc_row content_width=&#8221;grid&#8221; css=&#8221;.vc_custom_1457623903989{padding-top: 17px !important;}&#8221;][vc_column]<div class=\"mkd-bnl-holder mkd-pb-five-holder  \"  data-base=\"mkd_block_five\"      data-post_in=\"277, 550, 610, 533\"  data-sort=\"featured_first\"       data-display_pagination=\"no\"   data-number_of_posts=\"4\"   data-paged=\"1\" ><div class=\"mkd-bnl-outer\"><div class=\"mkd-pb-five-message\"><p>No posts were found.<\/p><\/div><\/div><\/div>[\/vc_column][\/vc_row][vc_row content_width=&#8221;grid&#8221; css=&#8221;.vc_custom_1456923366162{padding-top: 40px !important;}&#8221;][vc_column offset=&#8221;vc_col-lg-9 vc_col-md-12&#8243;]<div class=\"mkd-bnl-holder mkd-pb-two-holder  mkd-block-revealing two_third_one_third\"  data-base=\"mkd_block_two\"  data-number_of_posts=\"5\" data-block_proportion=\"two_third_one_third\" data-category_id=\"8\"     data-post_not_in=\"91\" data-sort=\"featured_first\" data-title=\"World News\" data-pattern_style=\"light\" data-featured_thumb_image_size=\"custom_size\" data-featured_thumb_image_width=\"768\" data-featured_thumb_image_height=\"468\" data-featured_title_tag=\"h4\"           data-title_tag=\"h6\" data-title_length=\"28\"    data-display_pagination=\"no\"    data-paged=\"1\" data-max_pages=\"1\"><div class=\"mkd-layout-title-holder\"><span class=\"mkd-section-title-holder clearfix mkd-pattern-light\">\n            <span class=\"mkd-st-title\">\n        World News        <\/span>\n    <\/span><\/div><div class=\"mkd-bnl-outer\"><div class=\"mkd-bnl-inner\"><div class=\"mkd-post-block-part mkd-pb-two-featured mkd-pbr-featured\"><div class=\"mkd-post-block-part-inner\"><div class=\"mkd-pt-five-item mkd-post-item\">\n\t<div class=\"mkd-pt-five-item-inner\">\n\t\t<div class=\"mkd-pt-five-top-content\">\n\t\t\t\t\t\t\t<div class=\"mkd-pt-five-image\">\n\t\t\t\t\t\t\t\t\t\t<a itemprop=\"url\" class=\"mkd-pt-five-link mkd-image-link\" href=\"https:\/\/radiobanda1.com.br\/portal\/?p=16713\" target=\"_self\">\n\t\t\t\t\t\t<img src=\"https:\/\/radiobanda1.com.br\/portal\/wp-content\/uploads\/2025\/08\/00157-768x468.jpg\" alt=\"\" width=\"768\" height=\"468\" \/>\t\t\t\t\t<\/a>\n\t\t\t\t<\/div>\n\t\t\t\t\t\t<div class=\"mkd-pt-five-content\">\n\t\t\t\t<div class=\"mkd-pt-five-content-inner\">\n\t\t\t\t\t<h4 class=\"mkd-pt-five-title\">\n\t\t\t\t\t\t<a itemprop=\"url\" class=\"mkd-pt-link\" href=\"https:\/\/radiobanda1.com.br\/portal\/?p=16713\" target=\"_self\">Pre\u00e7o da cesta b\u00e1sica cai em 15 das 27 capitais em julho<\/a>\n\t\t\t\t\t<\/h4>\n\t\t\t\t\t<div itemprop=\"dateCreated\" class=\"mkd-post-info-date entry-date updated\">\n\t\t\t<a itemprop=\"url\" href=\"https:\/\/radiobanda1.com.br\/portal\/?m=202508\">\n\t\t21 de agosto de 2025\t\t\t<\/a>\n\t\t<meta itemprop=\"interactionCount\" content=\"UserComments: 0\"\/>\n<\/div>\t\t\t\t\t\t\t\t\t<\/div>\n\t\t\t\t\t\t\t\t\t<div class=\"mkd-pt-info-section clearfix\">\n\t\t\t\t\t\t<div class=\"mkd-pt-info-section-left\">\n\t\t\t\t\t\t\t<div class=\"mkd-post-info-comments-holder\"><a class=\"mkd-post-info-comments\" href=\"https:\/\/radiobanda1.com.br\/portal\/?p=16713#respond\" target=\"_self\">0 Comments<\/a><\/div><div class=\"mkd-post-info-count\"><span class=\"mkd-post-count-number\">294<\/span> <span class=\"mkd-post-count-text\">Views<\/span><\/div>\t\t\t\t\t\t<\/div>\n\t\t\t\t\t\t<div class=\"mkd-pt-info-section-right\">\n\t\t\t\t\t\t\t\t\t\t\t\t\t<\/div>\n\t\t\t\t\t<\/div>\n\t\t\t\t\t\t\t<\/div>\n\t\t<\/div>\n\t<\/div>\n<\/div><\/div><div class=\"mkd-post-block-part-inner\"><div class=\"mkd-pt-five-item mkd-post-item\">\n\t<div class=\"mkd-pt-five-item-inner\">\n\t\t<div class=\"mkd-pt-five-top-content\">\n\t\t\t\t\t\t\t<div class=\"mkd-pt-five-image\">\n\t\t\t\t\t\t\t\t\t\t<a itemprop=\"url\" class=\"mkd-pt-five-link mkd-image-link\" href=\"https:\/\/radiobanda1.com.br\/portal\/?p=17373\" target=\"_self\">\n\t\t\t\t\t\t<img src=\"https:\/\/radiobanda1.com.br\/portal\/wp-content\/uploads\/2025\/11\/alunos-indep-768x468.jpeg\" alt=\"\" width=\"768\" height=\"468\" \/>\t\t\t\t\t<\/a>\n\t\t\t\t<\/div>\n\t\t\t\t\t\t<div class=\"mkd-pt-five-content\">\n\t\t\t\t<div class=\"mkd-pt-five-content-inner\">\n\t\t\t\t\t<h4 class=\"mkd-pt-five-title\">\n\t\t\t\t\t\t<a itemprop=\"url\" class=\"mkd-pt-link\" href=\"https:\/\/radiobanda1.com.br\/portal\/?p=17373\" target=\"_self\">Alunos Col\u00e9gio Estadual Jardim Independ\u00eancia Sarandi Pr. Participa de Cient\u00edfica Paran\u00e1 Faz Ci\u00eancia<\/a>\n\t\t\t\t\t<\/h4>\n\t\t\t\t\t<div itemprop=\"dateCreated\" class=\"mkd-post-info-date entry-date updated\">\n\t\t\t<a itemprop=\"url\" href=\"https:\/\/radiobanda1.com.br\/portal\/?m=202511\">\n\t\t5 de novembro de 2025\t\t\t<\/a>\n\t\t<meta itemprop=\"interactionCount\" content=\"UserComments: 0\"\/>\n<\/div>\t\t\t\t\t\t\t\t\t<\/div>\n\t\t\t\t\t\t\t\t\t<div class=\"mkd-pt-info-section clearfix\">\n\t\t\t\t\t\t<div class=\"mkd-pt-info-section-left\">\n\t\t\t\t\t\t\t<div class=\"mkd-post-info-comments-holder\"><a class=\"mkd-post-info-comments\" href=\"https:\/\/radiobanda1.com.br\/portal\/?p=17373#respond\" target=\"_self\">0 Comments<\/a><\/div><div class=\"mkd-post-info-count\"><span class=\"mkd-post-count-number\">223<\/span> <span class=\"mkd-post-count-text\">Views<\/span><\/div>\t\t\t\t\t\t<\/div>\n\t\t\t\t\t\t<div class=\"mkd-pt-info-section-right\">\n\t\t\t\t\t\t\t\t\t\t\t\t\t<\/div>\n\t\t\t\t\t<\/div>\n\t\t\t\t\t\t\t<\/div>\n\t\t<\/div>\n\t<\/div>\n<\/div><\/div><\/div><div class=\"mkd-post-block-part mkd-pb-two-non-featured mkd-pbr-non-featured\"><div class=\"mkd-post-reveal-item\"><div class=\"mkd-pt-four-item mkd-post-item \">\n    <div class=\"mkd-pt-four-item-inner\">\n        <div class=\"mkd-pt-four-content-holder\">\n\t\t\t            <h6 class=\"mkd-pt-four-title\">\n            <a itemprop=\"url\" class=\"mkd-pt-link\" href=\"https:\/\/radiobanda1.com.br\/portal\/?p=16713\" target=\"_self\">Pre\u00e7o da cesta b\u00e1sica cai em...<\/a>\n            <\/h6>\n\t\t\t<div itemprop=\"dateCreated\" class=\"mkd-post-info-date entry-date updated\">\n\t\t\t<a itemprop=\"url\" href=\"https:\/\/radiobanda1.com.br\/portal\/?m=202508\">\n\t\t21 de agosto de 2025\t\t\t<\/a>\n\t\t<meta itemprop=\"interactionCount\" content=\"UserComments: 0\"\/>\n<\/div>        <\/div>\n    <\/div>\n<\/div><\/div><div class=\"mkd-post-reveal-item\"><div class=\"mkd-pt-four-item mkd-post-item \">\n    <div class=\"mkd-pt-four-item-inner\">\n        <div class=\"mkd-pt-four-content-holder\">\n\t\t\t            <h6 class=\"mkd-pt-four-title\">\n            <a itemprop=\"url\" class=\"mkd-pt-link\" href=\"https:\/\/radiobanda1.com.br\/portal\/?p=17373\" target=\"_self\">Alunos Col\u00e9gio Estadual Jard...<\/a>\n            <\/h6>\n\t\t\t<div itemprop=\"dateCreated\" class=\"mkd-post-info-date entry-date updated\">\n\t\t\t<a itemprop=\"url\" href=\"https:\/\/radiobanda1.com.br\/portal\/?m=202511\">\n\t\t5 de novembro de 2025\t\t\t<\/a>\n\t\t<meta itemprop=\"interactionCount\" content=\"UserComments: 0\"\/>\n<\/div>        <\/div>\n    <\/div>\n<\/div><\/div><\/div><\/div><\/div><\/div>[vc_empty_space height=&#8221;40px&#8221;]<div class=\"mkd-bnl-holder mkd-pl-six-holder  mkd-post-columns-3\"  data-base=\"mkd_post_layout_six\"  data-number_of_posts=\"9\" data-column_number=\"3\"     data-post_in=\"86, 82, 80, 152, 170, 451, 456, 232, 155, 546\"   data-title=\"Don&#039;t Miss\" data-pattern_style=\"light\" data-thumb_image_size=\"custom_size\" data-thumb_image_width=\"374\" data-thumb_image_height=\"228\"  data-title_length=\"33\"         data-display_pagination=\"no\"    data-paged=\"1\" ><div class=\"mkd-layout-title-holder\"><span class=\"mkd-section-title-holder clearfix mkd-pattern-light\">\n            <span class=\"mkd-st-title\">\n        Don&#039;t Miss        <\/span>\n    <\/span><\/div><div class=\"mkd-bnl-outer\"><div class=\"mkd-bnl-inner\"><div class=\"mkd-pl-six-message\"><p>No posts were found.<\/p><\/div><\/div><\/div><\/div>[vc_empty_space height=&#8221;20px&#8221;]<div class=\"mkd-bnl-holder mkd-pl-six-holder  mkd-post-columns-1\"  data-base=\"mkd_post_layout_six\"  data-number_of_posts=\"1\" data-column_number=\"1\"     data-post_in=\"635\"   data-title=\"Popular\" data-pattern_style=\"light\" data-thumb_image_size=\"full\"   data-title_tag=\"h3\"          data-display_pagination=\"no\"    data-paged=\"1\" ><div class=\"mkd-layout-title-holder\"><span class=\"mkd-section-title-holder clearfix mkd-pattern-light\">\n            <span class=\"mkd-st-title\">\n        Popular        <\/span>\n    <\/span><\/div><div class=\"mkd-bnl-outer\"><div class=\"mkd-bnl-inner\"><div class=\"mkd-pl-six-message\"><p>No posts were found.<\/p><\/div><\/div><\/div><\/div>[vc_empty_space height=&#8221;20px&#8221;]<div class=\"mkd-bnl-holder mkd-pl-two-holder  mkd-post-columns-1 mkd-post-pag-infinite\"  data-base=\"mkd_post_layout_two\"  data-number_of_posts=\"7\" data-column_number=\"1\"      data-post_not_in=\"638, 635, 633, 627\"  data-title=\"Last Week Posts\" data-pattern_style=\"light\"  data-custom_thumb_image_height=\"223\"  data-title_length=\"29\"       data-display_excerpt=\"yes\" data-excerpt_length=\"23\" data-display_pagination=\"yes\" data-pagination_type=\"infinite\"    data-paged=\"1\" data-max_pages=\"88\"  data-next_page=\"2\"><div class=\"mkd-layout-title-holder\"><span class=\"mkd-section-title-holder clearfix mkd-pattern-light\">\n            <span class=\"mkd-st-title\">\n        Last Week Posts        <\/span>\n    <\/span><\/div><div class=\"mkd-bnl-outer\"><div class=\"mkd-bnl-inner\"><div class=\"mkd-pt-two-item mkd-post-item\">\n\t<div class=\"mkd-pt-two-item-inner\">\n\t\t\t\t\t<div class=\"mkd-pt-two-image-holder\">\n\t\t\t\t\t\t\t\t<a itemprop=\"url\" class=\"mkd-pt-two-link mkd-image-link\" href=\"https:\/\/radiobanda1.com.br\/portal\/?p=18413\" target=\"_self\" style=\"width: 312px\">\n\t\t\t\t\t<img src=\"https:\/\/radiobanda1.com.br\/portal\/wp-content\/uploads\/2026\/04\/324-312x223.jpg\" alt=\"\" width=\"312\" height=\"223\" \/>\t\t\t\t<\/a>\n\t\t\t<\/div>\n\t\t\t\t<div class=\"mkd-pt-two-content-holder\">\n\t\t\t<div class=\"mkd-pt-two-content-holder-inner\">\n\t\t\t\t<div class=\"mkd-pt-two-content-top-holder\">\n\t\t\t\t\t<div class=\"mkd-pt-two-content-top-holder-cell\">\n\t\t\t\t\t\t<h3 class=\"mkd-pt-two-title\">\n\t\t\t\t\t\t<a itemprop=\"url\" class=\"mkd-pt-link\" href=\"https:\/\/radiobanda1.com.br\/portal\/?p=18413\" target=\"_self\">\n\t\t\t\t\t\t\tS\u00edndrome Respirat\u00f3ria Aguda G...\t\t\t\t\t\t<\/a>\n\t\t\t\t\t\t<\/h3>\n\t\t\t\t\t\t<div itemprop=\"dateCreated\" class=\"mkd-post-info-date entry-date updated\">\n\t\t\t<a itemprop=\"url\" href=\"https:\/\/radiobanda1.com.br\/portal\/?m=202604\">\n\t\t16 de abril de 2026\t\t\t<\/a>\n\t\t<meta itemprop=\"interactionCount\" content=\"UserComments: 0\"\/>\n<\/div>\t\t\t\t\t\t\t\t\t\t\t\t\t<div class=\"mkd-pt-two-excerpt\">\n\t\t\t\t\t\t\t\t<p class=\"mkd-post-excerpt\">Os casos de S\u00edndrome Respirat\u00f3ria Aguda Grave (SRAG) cresceram em crian\u00e7as menores de 2 anos de idade em quatro das cinco regi\u00f5es do<\/p>\t\t\t\t\t\t\t<\/div>\n\t\t\t\t\t\t\t\t\t\t\t<\/div>\n\t\t\t\t<\/div>\n\t\t\t\t\t\t\t\t\t<div class=\"mkd-pt-two-content-bottom-holder\">\n\t\t\t\t\t\t<div class=\"mkd-pt-info-section clearfix\">\n\t\t\t\t\t\t\t<div>\n\t\t\t\t\t\t\t\t<div class=\"mkd-post-info-comments-holder\"><a class=\"mkd-post-info-comments\" href=\"https:\/\/radiobanda1.com.br\/portal\/?p=18413#respond\" target=\"_self\">0 Comments<\/a><\/div>\t\t\t\t\t\t\t<\/div>\n\t\t\t\t\t\t<\/div>\n\t\t\t\t\t<\/div>\n\t\t\t\t\t\t\t<\/div>\n\t\t<\/div>\n\t<\/div>\n<\/div><div class=\"mkd-pt-two-item mkd-post-item\">\n\t<div class=\"mkd-pt-two-item-inner\">\n\t\t\t\t\t<div class=\"mkd-pt-two-image-holder\">\n\t\t\t\t\t\t\t\t<a itemprop=\"url\" class=\"mkd-pt-two-link mkd-image-link\" href=\"https:\/\/radiobanda1.com.br\/portal\/?p=18410\" target=\"_self\" style=\"width: 312px\">\n\t\t\t\t\t<img src=\"https:\/\/radiobanda1.com.br\/portal\/wp-content\/uploads\/2026\/04\/323-312x223.jpg\" alt=\"\" width=\"312\" height=\"223\" \/>\t\t\t\t<\/a>\n\t\t\t<\/div>\n\t\t\t\t<div class=\"mkd-pt-two-content-holder\">\n\t\t\t<div class=\"mkd-pt-two-content-holder-inner\">\n\t\t\t\t<div class=\"mkd-pt-two-content-top-holder\">\n\t\t\t\t\t<div class=\"mkd-pt-two-content-top-holder-cell\">\n\t\t\t\t\t\t<h3 class=\"mkd-pt-two-title\">\n\t\t\t\t\t\t<a itemprop=\"url\" class=\"mkd-pt-link\" href=\"https:\/\/radiobanda1.com.br\/portal\/?p=18410\" target=\"_self\">\n\t\t\t\t\t\t\tAnvisa pro\u00edbe canetas emagrec...\t\t\t\t\t\t<\/a>\n\t\t\t\t\t\t<\/h3>\n\t\t\t\t\t\t<div itemprop=\"dateCreated\" class=\"mkd-post-info-date entry-date updated\">\n\t\t\t<a itemprop=\"url\" href=\"https:\/\/radiobanda1.com.br\/portal\/?m=202604\">\n\t\t16 de abril de 2026\t\t\t<\/a>\n\t\t<meta itemprop=\"interactionCount\" content=\"UserComments: 0\"\/>\n<\/div>\t\t\t\t\t\t\t\t\t\t\t\t\t<div class=\"mkd-pt-two-excerpt\">\n\t\t\t\t\t\t\t\t<p class=\"mkd-post-excerpt\">A Ag\u00eancia Nacional de Vigil\u00e2ncia Sanit\u00e1ria (Anvisa) determinou a apreens\u00e3o dos medicamentos Gluconex e Tirzedral, produzidos por empresa n\u00e3o identificada. A medida tamb\u00e9m<\/p>\t\t\t\t\t\t\t<\/div>\n\t\t\t\t\t\t\t\t\t\t\t<\/div>\n\t\t\t\t<\/div>\n\t\t\t\t\t\t\t\t\t<div class=\"mkd-pt-two-content-bottom-holder\">\n\t\t\t\t\t\t<div class=\"mkd-pt-info-section clearfix\">\n\t\t\t\t\t\t\t<div>\n\t\t\t\t\t\t\t\t<div class=\"mkd-post-info-comments-holder\"><a class=\"mkd-post-info-comments\" href=\"https:\/\/radiobanda1.com.br\/portal\/?p=18410#respond\" target=\"_self\">0 Comments<\/a><\/div>\t\t\t\t\t\t\t<\/div>\n\t\t\t\t\t\t<\/div>\n\t\t\t\t\t<\/div>\n\t\t\t\t\t\t\t<\/div>\n\t\t<\/div>\n\t<\/div>\n<\/div><div class=\"mkd-pt-two-item mkd-post-item\">\n\t<div class=\"mkd-pt-two-item-inner\">\n\t\t\t\t\t<div class=\"mkd-pt-two-image-holder\">\n\t\t\t\t\t\t\t\t<a itemprop=\"url\" class=\"mkd-pt-two-link mkd-image-link\" href=\"https:\/\/radiobanda1.com.br\/portal\/?p=18407\" target=\"_self\" style=\"width: 312px\">\n\t\t\t\t\t<img src=\"https:\/\/radiobanda1.com.br\/portal\/wp-content\/uploads\/2026\/04\/322-312x223.jpg\" alt=\"\" width=\"312\" height=\"223\" \/>\t\t\t\t<\/a>\n\t\t\t<\/div>\n\t\t\t\t<div class=\"mkd-pt-two-content-holder\">\n\t\t\t<div class=\"mkd-pt-two-content-holder-inner\">\n\t\t\t\t<div class=\"mkd-pt-two-content-top-holder\">\n\t\t\t\t\t<div class=\"mkd-pt-two-content-top-holder-cell\">\n\t\t\t\t\t\t<h3 class=\"mkd-pt-two-title\">\n\t\t\t\t\t\t<a itemprop=\"url\" class=\"mkd-pt-link\" href=\"https:\/\/radiobanda1.com.br\/portal\/?p=18407\" target=\"_self\">\n\t\t\t\t\t\t\tAposentados e pensionistas do...\t\t\t\t\t\t<\/a>\n\t\t\t\t\t\t<\/h3>\n\t\t\t\t\t\t<div itemprop=\"dateCreated\" class=\"mkd-post-info-date entry-date updated\">\n\t\t\t<a itemprop=\"url\" href=\"https:\/\/radiobanda1.com.br\/portal\/?m=202604\">\n\t\t16 de abril de 2026\t\t\t<\/a>\n\t\t<meta itemprop=\"interactionCount\" content=\"UserComments: 0\"\/>\n<\/div>\t\t\t\t\t\t\t\t\t\t\t\t\t<div class=\"mkd-pt-two-excerpt\">\n\t\t\t\t\t\t\t\t<p class=\"mkd-post-excerpt\">Cerca de 35,2 milh\u00f5es de aposentados, pensionistas e benefici\u00e1rios de aux\u00edlios do Instituto Nacional do Seguro Social (INSS) j\u00e1 podem consultar a antecipa\u00e7\u00e3o<\/p>\t\t\t\t\t\t\t<\/div>\n\t\t\t\t\t\t\t\t\t\t\t<\/div>\n\t\t\t\t<\/div>\n\t\t\t\t\t\t\t\t\t<div class=\"mkd-pt-two-content-bottom-holder\">\n\t\t\t\t\t\t<div class=\"mkd-pt-info-section clearfix\">\n\t\t\t\t\t\t\t<div>\n\t\t\t\t\t\t\t\t<div class=\"mkd-post-info-comments-holder\"><a class=\"mkd-post-info-comments\" href=\"https:\/\/radiobanda1.com.br\/portal\/?p=18407#respond\" target=\"_self\">0 Comments<\/a><\/div>\t\t\t\t\t\t\t<\/div>\n\t\t\t\t\t\t<\/div>\n\t\t\t\t\t<\/div>\n\t\t\t\t\t\t\t<\/div>\n\t\t<\/div>\n\t<\/div>\n<\/div><div class=\"mkd-pt-two-item mkd-post-item\">\n\t<div class=\"mkd-pt-two-item-inner\">\n\t\t\t\t\t<div class=\"mkd-pt-two-image-holder\">\n\t\t\t\t\t\t\t\t<a itemprop=\"url\" class=\"mkd-pt-two-link mkd-image-link\" href=\"https:\/\/radiobanda1.com.br\/portal\/?p=18404\" target=\"_self\" style=\"width: 312px\">\n\t\t\t\t\t<img src=\"https:\/\/radiobanda1.com.br\/portal\/wp-content\/uploads\/2026\/04\/321-312x223.jpg\" alt=\"\" width=\"312\" height=\"223\" \/>\t\t\t\t<\/a>\n\t\t\t<\/div>\n\t\t\t\t<div class=\"mkd-pt-two-content-holder\">\n\t\t\t<div class=\"mkd-pt-two-content-holder-inner\">\n\t\t\t\t<div class=\"mkd-pt-two-content-top-holder\">\n\t\t\t\t\t<div class=\"mkd-pt-two-content-top-holder-cell\">\n\t\t\t\t\t\t<h3 class=\"mkd-pt-two-title\">\n\t\t\t\t\t\t<a itemprop=\"url\" class=\"mkd-pt-link\" href=\"https:\/\/radiobanda1.com.br\/portal\/?p=18404\" target=\"_self\">\n\t\t\t\t\t\t\tGoverno prop\u00f5e sal\u00e1rio m\u00ednimo...\t\t\t\t\t\t<\/a>\n\t\t\t\t\t\t<\/h3>\n\t\t\t\t\t\t<div itemprop=\"dateCreated\" class=\"mkd-post-info-date entry-date updated\">\n\t\t\t<a itemprop=\"url\" href=\"https:\/\/radiobanda1.com.br\/portal\/?m=202604\">\n\t\t16 de abril de 2026\t\t\t<\/a>\n\t\t<meta itemprop=\"interactionCount\" content=\"UserComments: 0\"\/>\n<\/div>\t\t\t\t\t\t\t\t\t\t\t\t\t<div class=\"mkd-pt-two-excerpt\">\n\t\t\t\t\t\t\t\t<p class=\"mkd-post-excerpt\">O governo federal prop\u00f4s um sal\u00e1rio m\u00ednimo de R$ 1.717 para o ano que vem, com aumento nominal de 5,92%. O valor consta<\/p>\t\t\t\t\t\t\t<\/div>\n\t\t\t\t\t\t\t\t\t\t\t<\/div>\n\t\t\t\t<\/div>\n\t\t\t\t\t\t\t\t\t<div class=\"mkd-pt-two-content-bottom-holder\">\n\t\t\t\t\t\t<div class=\"mkd-pt-info-section clearfix\">\n\t\t\t\t\t\t\t<div>\n\t\t\t\t\t\t\t\t<div class=\"mkd-post-info-comments-holder\"><a class=\"mkd-post-info-comments\" href=\"https:\/\/radiobanda1.com.br\/portal\/?p=18404#respond\" target=\"_self\">0 Comments<\/a><\/div>\t\t\t\t\t\t\t<\/div>\n\t\t\t\t\t\t<\/div>\n\t\t\t\t\t<\/div>\n\t\t\t\t\t\t\t<\/div>\n\t\t<\/div>\n\t<\/div>\n<\/div><div class=\"mkd-pt-two-item mkd-post-item\">\n\t<div class=\"mkd-pt-two-item-inner\">\n\t\t\t\t\t<div class=\"mkd-pt-two-image-holder\">\n\t\t\t\t\t\t\t\t<a itemprop=\"url\" class=\"mkd-pt-two-link mkd-image-link\" href=\"https:\/\/radiobanda1.com.br\/portal\/?p=18401\" target=\"_self\" style=\"width: 312px\">\n\t\t\t\t\t<img src=\"https:\/\/radiobanda1.com.br\/portal\/wp-content\/uploads\/2026\/04\/320-312x223.jpg\" alt=\"\" width=\"312\" height=\"223\" \/>\t\t\t\t<\/a>\n\t\t\t<\/div>\n\t\t\t\t<div class=\"mkd-pt-two-content-holder\">\n\t\t\t<div class=\"mkd-pt-two-content-holder-inner\">\n\t\t\t\t<div class=\"mkd-pt-two-content-top-holder\">\n\t\t\t\t\t<div class=\"mkd-pt-two-content-top-holder-cell\">\n\t\t\t\t\t\t<h3 class=\"mkd-pt-two-title\">\n\t\t\t\t\t\t<a itemprop=\"url\" class=\"mkd-pt-link\" href=\"https:\/\/radiobanda1.com.br\/portal\/?p=18401\" target=\"_self\">\n\t\t\t\t\t\t\tReceita recebeu mais de 11 mi...\t\t\t\t\t\t<\/a>\n\t\t\t\t\t\t<\/h3>\n\t\t\t\t\t\t<div itemprop=\"dateCreated\" class=\"mkd-post-info-date entry-date updated\">\n\t\t\t<a itemprop=\"url\" href=\"https:\/\/radiobanda1.com.br\/portal\/?m=202604\">\n\t\t16 de abril de 2026\t\t\t<\/a>\n\t\t<meta itemprop=\"interactionCount\" content=\"UserComments: 0\"\/>\n<\/div>\t\t\t\t\t\t\t\t\t\t\t\t\t<div class=\"mkd-pt-two-excerpt\">\n\t\t\t\t\t\t\t\t<p class=\"mkd-post-excerpt\">A Receita Federal informou nesta quarta-feira (15) que j\u00e1 recebeu mais de 11 milh\u00f5es de declara\u00e7\u00f5es de Imposto de Renda, das quais mais<\/p>\t\t\t\t\t\t\t<\/div>\n\t\t\t\t\t\t\t\t\t\t\t<\/div>\n\t\t\t\t<\/div>\n\t\t\t\t\t\t\t\t\t<div class=\"mkd-pt-two-content-bottom-holder\">\n\t\t\t\t\t\t<div class=\"mkd-pt-info-section clearfix\">\n\t\t\t\t\t\t\t<div>\n\t\t\t\t\t\t\t\t<div class=\"mkd-post-info-comments-holder\"><a class=\"mkd-post-info-comments\" href=\"https:\/\/radiobanda1.com.br\/portal\/?p=18401#respond\" target=\"_self\">0 Comments<\/a><\/div>\t\t\t\t\t\t\t<\/div>\n\t\t\t\t\t\t<\/div>\n\t\t\t\t\t<\/div>\n\t\t\t\t\t\t\t<\/div>\n\t\t<\/div>\n\t<\/div>\n<\/div><div class=\"mkd-pt-two-item mkd-post-item\">\n\t<div class=\"mkd-pt-two-item-inner\">\n\t\t\t\t\t<div class=\"mkd-pt-two-image-holder\">\n\t\t\t\t\t\t\t\t<a itemprop=\"url\" class=\"mkd-pt-two-link mkd-image-link\" href=\"https:\/\/radiobanda1.com.br\/portal\/?p=18397\" target=\"_self\" style=\"width: 312px\">\n\t\t\t\t\t<img src=\"https:\/\/radiobanda1.com.br\/portal\/wp-content\/uploads\/2026\/04\/319-312x223.jpg\" alt=\"\" width=\"312\" height=\"223\" \/>\t\t\t\t<\/a>\n\t\t\t<\/div>\n\t\t\t\t<div class=\"mkd-pt-two-content-holder\">\n\t\t\t<div class=\"mkd-pt-two-content-holder-inner\">\n\t\t\t\t<div class=\"mkd-pt-two-content-top-holder\">\n\t\t\t\t\t<div class=\"mkd-pt-two-content-top-holder-cell\">\n\t\t\t\t\t\t<h3 class=\"mkd-pt-two-title\">\n\t\t\t\t\t\t<a itemprop=\"url\" class=\"mkd-pt-link\" href=\"https:\/\/radiobanda1.com.br\/portal\/?p=18397\" target=\"_self\">\n\t\t\t\t\t\t\tCom\u00e9rcio do Paran\u00e1 teve maior...\t\t\t\t\t\t<\/a>\n\t\t\t\t\t\t<\/h3>\n\t\t\t\t\t\t<div itemprop=\"dateCreated\" class=\"mkd-post-info-date entry-date updated\">\n\t\t\t<a itemprop=\"url\" href=\"https:\/\/radiobanda1.com.br\/portal\/?m=202604\">\n\t\t15 de abril de 2026\t\t\t<\/a>\n\t\t<meta itemprop=\"interactionCount\" content=\"UserComments: 0\"\/>\n<\/div>\t\t\t\t\t\t\t\t\t\t\t\t\t<div class=\"mkd-pt-two-excerpt\">\n\t\t\t\t\t\t\t\t<p class=\"mkd-post-excerpt\">O Instituto Brasileiro de Geografia e Estat\u00edstica (IBGE) divulgou nesta quarta-feira (15) a Pesquisa Mensal de Com\u00e9rcio (PMC), que aponta o Paran\u00e1 como<\/p>\t\t\t\t\t\t\t<\/div>\n\t\t\t\t\t\t\t\t\t\t\t<\/div>\n\t\t\t\t<\/div>\n\t\t\t\t\t\t\t\t\t<div class=\"mkd-pt-two-content-bottom-holder\">\n\t\t\t\t\t\t<div class=\"mkd-pt-info-section clearfix\">\n\t\t\t\t\t\t\t<div>\n\t\t\t\t\t\t\t\t<div class=\"mkd-post-info-comments-holder\"><a class=\"mkd-post-info-comments\" href=\"https:\/\/radiobanda1.com.br\/portal\/?p=18397#respond\" target=\"_self\">0 Comments<\/a><\/div>\t\t\t\t\t\t\t<\/div>\n\t\t\t\t\t\t<\/div>\n\t\t\t\t\t<\/div>\n\t\t\t\t\t\t\t<\/div>\n\t\t<\/div>\n\t<\/div>\n<\/div><div class=\"mkd-pt-two-item mkd-post-item\">\n\t<div class=\"mkd-pt-two-item-inner\">\n\t\t\t\t\t<div class=\"mkd-pt-two-image-holder\">\n\t\t\t\t\t\t\t\t<a itemprop=\"url\" class=\"mkd-pt-two-link mkd-image-link\" href=\"https:\/\/radiobanda1.com.br\/portal\/?p=18394\" target=\"_self\" style=\"width: 312px\">\n\t\t\t\t\t<img src=\"https:\/\/radiobanda1.com.br\/portal\/wp-content\/uploads\/2026\/04\/318-312x223.jpg\" alt=\"\" width=\"312\" height=\"223\" \/>\t\t\t\t<\/a>\n\t\t\t<\/div>\n\t\t\t\t<div class=\"mkd-pt-two-content-holder\">\n\t\t\t<div class=\"mkd-pt-two-content-holder-inner\">\n\t\t\t\t<div class=\"mkd-pt-two-content-top-holder\">\n\t\t\t\t\t<div class=\"mkd-pt-two-content-top-holder-cell\">\n\t\t\t\t\t\t<h3 class=\"mkd-pt-two-title\">\n\t\t\t\t\t\t<a itemprop=\"url\" class=\"mkd-pt-link\" href=\"https:\/\/radiobanda1.com.br\/portal\/?p=18394\" target=\"_self\">\n\t\t\t\t\t\t\tLula envia ao Congresso proje...\t\t\t\t\t\t<\/a>\n\t\t\t\t\t\t<\/h3>\n\t\t\t\t\t\t<div itemprop=\"dateCreated\" class=\"mkd-post-info-date entry-date updated\">\n\t\t\t<a itemprop=\"url\" href=\"https:\/\/radiobanda1.com.br\/portal\/?m=202604\">\n\t\t15 de abril de 2026\t\t\t<\/a>\n\t\t<meta itemprop=\"interactionCount\" content=\"UserComments: 0\"\/>\n<\/div>\t\t\t\t\t\t\t\t\t\t\t\t\t<div class=\"mkd-pt-two-excerpt\">\n\t\t\t\t\t\t\t\t<p class=\"mkd-post-excerpt\">O presidente Luiz In\u00e1cio Lula da Silva enviou ao Congresso Nacional, na noite desta ter\u00e7a-feira (14), o projeto de lei que prev\u00ea o<\/p>\t\t\t\t\t\t\t<\/div>\n\t\t\t\t\t\t\t\t\t\t\t<\/div>\n\t\t\t\t<\/div>\n\t\t\t\t\t\t\t\t\t<div class=\"mkd-pt-two-content-bottom-holder\">\n\t\t\t\t\t\t<div class=\"mkd-pt-info-section clearfix\">\n\t\t\t\t\t\t\t<div>\n\t\t\t\t\t\t\t\t<div class=\"mkd-post-info-comments-holder\"><a class=\"mkd-post-info-comments\" href=\"https:\/\/radiobanda1.com.br\/portal\/?p=18394#respond\" target=\"_self\">0 Comments<\/a><\/div>\t\t\t\t\t\t\t<\/div>\n\t\t\t\t\t\t<\/div>\n\t\t\t\t\t<\/div>\n\t\t\t\t\t\t\t<\/div>\n\t\t<\/div>\n\t<\/div>\n<\/div><\/div><\/div><\/div>[\/vc_column][vc_column width=&#8221;2\/3&#8243; offset=&#8221;vc_col-lg-3 vc_col-md-8&#8243;][vc_widget_sidebar sidebar_id=&#8221;sidebar-long&#8221;][\/vc_column][\/vc_row]<\/p>\n","protected":false},"excerpt":{"rendered":"<p>[vc_row content_width=&#8221;grid&#8221; css=&#8221;.vc_custom_1457623903989{padding-top: 17px !important;}&#8221;][vc_column][\/vc_column][\/vc_row][vc_row content_width=&#8221;grid&#8221; css=&#8221;.vc_custom_1456923366162{padding-top: 40px !important;}&#8221;][vc_column offset=&#8221;vc_col-lg-9 vc_col-md-12&#8243;][vc_empty_space height=&#8221;40px&#8221;][vc_empty_space height=&#8221;20px&#8221;][vc_empty_space height=&#8221;20px&#8221;][\/vc_column][vc_column width=&#8221;2\/3&#8243; offset=&#8221;vc_col-lg-3 vc_col-md-8&#8243;][vc_widget_sidebar sidebar_id=&#8221;sidebar-long&#8221;][\/vc_column][\/vc_row]<\/p>\n","protected":false},"author":1,"featured_media":0,"parent":0,"menu_order":0,"comment_status":"closed","ping_status":"closed","template":"full-width.php","meta":[],"_links":{"self":[{"href":"https:\/\/radiobanda1.com.br\/portal\/index.php?rest_route=\/wp\/v2\/pages\/1277"}],"collection":[{"href":"https:\/\/radiobanda1.com.br\/portal\/index.php?rest_route=\/wp\/v2\/pages"}],"about":[{"href":"https:\/\/radiobanda1.com.br\/portal\/index.php?rest_route=\/wp\/v2\/types\/page"}],"author":[{"embeddable":true,"href":"https:\/\/radiobanda1.com.br\/portal\/index.php?rest_route=\/wp\/v2\/users\/1"}],"replies":[{"embeddable":true,"href":"https:\/\/radiobanda1.com.br\/portal\/index.php?rest_route=%2Fwp%2Fv2%2Fcomments&post=1277"}],"version-history":[{"count":0,"href":"https:\/\/radiobanda1.com.br\/portal\/index.php?rest_route=\/wp\/v2\/pages\/1277\/revisions"}],"wp:attachment":[{"href":"https:\/\/radiobanda1.com.br\/portal\/index.php?rest_route=%2Fwp%2Fv2%2Fmedia&parent=1277"}],"curies":[{"name":"wp","href":"https:\/\/api.w.org\/{rel}","templated":true}]}}