{"id":1251,"date":"2016-03-02T12:01:09","date_gmt":"2016-03-02T12:01:09","guid":{"rendered":"http:\/\/discussion.mikado-themes.com\/?page_id=1251"},"modified":"2016-03-02T12:01:09","modified_gmt":"2016-03-02T12:01:09","slug":"masonry-wide","status":"publish","type":"page","link":"https:\/\/radiobanda1.com.br\/portal\/?page_id=1251","title":{"rendered":"Masonry Wide"},"content":{"rendered":"<p>[vc_row css=&#8221;.vc_custom_1457623804277{padding-top: 17px !important;}&#8221;][vc_column]<div class=\"mkd-bnl-holder mkd-pb-six-holder  \"  data-base=\"mkd_block_six\"      data-post_in=\"358, 378, 373, 391\"  data-sort=\"featured_first\"      data-display_pagination=\"no\"   data-number_of_posts=\"4\"   data-paged=\"1\" ><div class=\"mkd-bnl-outer\"><div class=\"mkd-pb-six-message\"><p>No posts were found.<\/p><\/div><\/div><\/div>[\/vc_column][\/vc_row][vc_row content_width=&#8221;grid&#8221; css=&#8221;.vc_custom_1457615128133{padding-top: 40px !important;}&#8221;][vc_column]<div class=\"mkd-bnl-holder mkd-pl-six-holder  mkd-post-columns-3\"  data-base=\"mkd_post_layout_six\"  data-number_of_posts=\"6\" data-column_number=\"3\"     data-post_in=\"386, 382, 375, 479, 344, 336\"   data-title=\"We Recommend\" data-pattern_style=\"light\" data-thumb_image_size=\"full\"   data-title_tag=\"h4\" data-title_length=\"22\"    data-display_comments=\"yes\" data-display_share=\"yes\" data-display_excerpt=\"yes\" data-excerpt_length=\"11\"  data-display_pagination=\"no\"    data-paged=\"1\" ><div class=\"mkd-layout-title-holder\"><span class=\"mkd-section-title-holder clearfix mkd-pattern-light\">\n            <span class=\"mkd-st-title\">\n        We Recommend        <\/span>\n    <\/span><\/div><div class=\"mkd-bnl-outer\"><div class=\"mkd-bnl-inner\"><div class=\"mkd-pl-six-message\"><p>No posts were found.<\/p><\/div><\/div><\/div><\/div>[vc_empty_space height=&#8221;20px&#8221;]<div class=\"mkd-bnl-holder mkd-pl-eight-holder  mkd-post-columns-2\"  data-base=\"mkd_post_layout_eight\"  data-number_of_posts=\"2\" data-column_number=\"2\"     data-post_in=\"441, 434\"   data-title=\"Promoted Articles\" data-pattern_style=\"light\" data-thumb_image_size=\"full\"   data-title_tag=\"h3\"    data-display_excerpt=\"yes\" data-excerpt_length=\"25\"  data-display_pagination=\"no\"    data-paged=\"1\" ><div class=\"mkd-layout-title-holder\"><span class=\"mkd-section-title-holder clearfix mkd-pattern-light\">\n            <span class=\"mkd-st-title\">\n        Promoted Articles        <\/span>\n    <\/span><\/div><div class=\"mkd-bnl-outer\"><div class=\"mkd-bnl-inner\"><div class=\"mkd-pl-eight-message\"><p>No posts were found.<\/p><\/div><\/div><\/div><\/div>[vc_empty_space height=&#8221;20px&#8221;]<div class=\"mkd-bnl-holder mkd-pl-six-holder  mkd-post-columns-3 mkd-post-pag-np-horizontal\"  data-base=\"mkd_post_layout_six\"  data-number_of_posts=\"3\" data-column_number=\"3\" data-category_id=\"3\"     data-post_not_in=\"386, 382, 375 \"  data-title=\"We Recommend\" data-pattern_style=\"light\" data-thumb_image_size=\"full\"   data-title_tag=\"h4\" data-title_length=\"22\"    data-display_comments=\"yes\" data-display_share=\"yes\" data-display_excerpt=\"yes\" data-excerpt_length=\"11\"  data-display_pagination=\"yes\" data-pagination_type=\"np-horizontal\"   data-paged=\"1\" data-max_pages=\"204\"  data-next_page=\"2\"><div class=\"mkd-layout-title-holder\"><span class=\"mkd-section-title-holder clearfix mkd-pattern-light\">\n            <span class=\"mkd-st-title\">\n        We Recommend        <\/span>\n    <\/span><\/div><div class=\"mkd-bnl-outer\"><div class=\"mkd-bnl-inner\"><div class=\"mkd-pt-six-item mkd-post-item\">\n            <div class=\"mkd-pt-six-image-holder\">\n                        <a itemprop=\"url\" class=\"mkd-pt-six-slide-link mkd-image-link\" href=\"https:\/\/radiobanda1.com.br\/portal\/?p=18413\" target=\"_self\">\n                <img width=\"700\" height=\"400\" src=\"https:\/\/radiobanda1.com.br\/portal\/wp-content\/uploads\/2026\/04\/324.jpg\" class=\"attachment-full size-full wp-post-image\" alt=\"\" loading=\"lazy\" srcset=\"https:\/\/radiobanda1.com.br\/portal\/wp-content\/uploads\/2026\/04\/324.jpg 700w, https:\/\/radiobanda1.com.br\/portal\/wp-content\/uploads\/2026\/04\/324-300x171.jpg 300w\" sizes=\"(max-width: 700px) 100vw, 700px\" \/>\t\t\t\t            <\/a>\n        <\/div>\n        <div class=\"mkd-pt-six-content-holder\">\n        <div class=\"mkd-pt-six-title-holder\">\n            <h4 class=\"mkd-pt-six-title\">\n                <a itemprop=\"url\" class=\"mkd-pt-link\" href=\"https:\/\/radiobanda1.com.br\/portal\/?p=18413\" target=\"_self\">S\u00edndrome Respirat\u00f3ria...<\/a>\n            <\/h4>\n        <\/div>\n\t\t<div itemprop=\"dateCreated\" class=\"mkd-post-info-date entry-date updated\">\n\t\t\t<a itemprop=\"url\" href=\"https:\/\/radiobanda1.com.br\/portal\/?m=202604\">\n\t\t16 de abril de 2026\t\t\t<\/a>\n\t\t<meta itemprop=\"interactionCount\" content=\"UserComments: 0\"\/>\n<\/div>                    <div class=\"mkd-pt-one-excerpt\">\n                <p class=\"mkd-post-excerpt\">Os casos de S\u00edndrome Respirat\u00f3ria Aguda Grave (SRAG) cresceram em crian\u00e7as<\/p>            <\/div>\n            <\/div>\n\t\t\t<div class=\"mkd-pt-info-section clearfix\">\n\t\t\t<div>\n\t\t\t\t<div class=\"mkd-post-info-comments-holder\"><a class=\"mkd-post-info-comments\" href=\"https:\/\/radiobanda1.com.br\/portal\/?p=18413#respond\" target=\"_self\">0 Comments<\/a><\/div>\t\t\t<\/div>\n            <div class=\"mkd-pt-info-section-background\"><\/div>\n\t\t<\/div>\n\t<\/div><div class=\"mkd-pt-six-item mkd-post-item\">\n            <div class=\"mkd-pt-six-image-holder\">\n                        <a itemprop=\"url\" class=\"mkd-pt-six-slide-link mkd-image-link\" href=\"https:\/\/radiobanda1.com.br\/portal\/?p=18410\" target=\"_self\">\n                <img width=\"700\" height=\"400\" src=\"https:\/\/radiobanda1.com.br\/portal\/wp-content\/uploads\/2026\/04\/323.jpg\" class=\"attachment-full size-full wp-post-image\" alt=\"\" loading=\"lazy\" srcset=\"https:\/\/radiobanda1.com.br\/portal\/wp-content\/uploads\/2026\/04\/323.jpg 700w, https:\/\/radiobanda1.com.br\/portal\/wp-content\/uploads\/2026\/04\/323-300x171.jpg 300w\" sizes=\"(max-width: 700px) 100vw, 700px\" \/>\t\t\t\t            <\/a>\n        <\/div>\n        <div class=\"mkd-pt-six-content-holder\">\n        <div class=\"mkd-pt-six-title-holder\">\n            <h4 class=\"mkd-pt-six-title\">\n                <a itemprop=\"url\" class=\"mkd-pt-link\" href=\"https:\/\/radiobanda1.com.br\/portal\/?p=18410\" target=\"_self\">Anvisa pro\u00edbe canetas...<\/a>\n            <\/h4>\n        <\/div>\n\t\t<div itemprop=\"dateCreated\" class=\"mkd-post-info-date entry-date updated\">\n\t\t\t<a itemprop=\"url\" href=\"https:\/\/radiobanda1.com.br\/portal\/?m=202604\">\n\t\t16 de abril de 2026\t\t\t<\/a>\n\t\t<meta itemprop=\"interactionCount\" content=\"UserComments: 0\"\/>\n<\/div>                    <div class=\"mkd-pt-one-excerpt\">\n                <p class=\"mkd-post-excerpt\">A Ag\u00eancia Nacional de Vigil\u00e2ncia Sanit\u00e1ria (Anvisa) determinou a apreens\u00e3o dos<\/p>            <\/div>\n            <\/div>\n\t\t\t<div class=\"mkd-pt-info-section clearfix\">\n\t\t\t<div>\n\t\t\t\t<div class=\"mkd-post-info-comments-holder\"><a class=\"mkd-post-info-comments\" href=\"https:\/\/radiobanda1.com.br\/portal\/?p=18410#respond\" target=\"_self\">0 Comments<\/a><\/div>\t\t\t<\/div>\n            <div class=\"mkd-pt-info-section-background\"><\/div>\n\t\t<\/div>\n\t<\/div><div class=\"mkd-pt-six-item mkd-post-item\">\n            <div class=\"mkd-pt-six-image-holder\">\n                        <a itemprop=\"url\" class=\"mkd-pt-six-slide-link mkd-image-link\" href=\"https:\/\/radiobanda1.com.br\/portal\/?p=18407\" target=\"_self\">\n                <img width=\"700\" height=\"400\" src=\"https:\/\/radiobanda1.com.br\/portal\/wp-content\/uploads\/2026\/04\/322.jpg\" class=\"attachment-full size-full wp-post-image\" alt=\"\" loading=\"lazy\" srcset=\"https:\/\/radiobanda1.com.br\/portal\/wp-content\/uploads\/2026\/04\/322.jpg 700w, https:\/\/radiobanda1.com.br\/portal\/wp-content\/uploads\/2026\/04\/322-300x171.jpg 300w\" sizes=\"(max-width: 700px) 100vw, 700px\" \/>\t\t\t\t            <\/a>\n        <\/div>\n        <div class=\"mkd-pt-six-content-holder\">\n        <div class=\"mkd-pt-six-title-holder\">\n            <h4 class=\"mkd-pt-six-title\">\n                <a itemprop=\"url\" class=\"mkd-pt-link\" href=\"https:\/\/radiobanda1.com.br\/portal\/?p=18407\" target=\"_self\">Aposentados e pensioni...<\/a>\n            <\/h4>\n        <\/div>\n\t\t<div itemprop=\"dateCreated\" class=\"mkd-post-info-date entry-date updated\">\n\t\t\t<a itemprop=\"url\" href=\"https:\/\/radiobanda1.com.br\/portal\/?m=202604\">\n\t\t16 de abril de 2026\t\t\t<\/a>\n\t\t<meta itemprop=\"interactionCount\" content=\"UserComments: 0\"\/>\n<\/div>                    <div class=\"mkd-pt-one-excerpt\">\n                <p class=\"mkd-post-excerpt\">Cerca de 35,2 milh\u00f5es de aposentados, pensionistas e benefici\u00e1rios de aux\u00edlios<\/p>            <\/div>\n            <\/div>\n\t\t\t<div class=\"mkd-pt-info-section clearfix\">\n\t\t\t<div>\n\t\t\t\t<div class=\"mkd-post-info-comments-holder\"><a class=\"mkd-post-info-comments\" href=\"https:\/\/radiobanda1.com.br\/portal\/?p=18407#respond\" target=\"_self\">0 Comments<\/a><\/div>\t\t\t<\/div>\n            <div class=\"mkd-pt-info-section-background\"><\/div>\n\t\t<\/div>\n\t<\/div><\/div><\/div><div class=\"mkd-bnl-navigation-holder\">\n    <div class=\"mkd-bnl-navigation\">\n        <a class=\"mkd-bnl-nav-icon mkd-bnl-nav-prev\"><span class=\"ion-ios-arrow-left\"><\/span><\/a>\n        <a class=\"mkd-bnl-nav-icon mkd-bnl-nav-next\"><span class=\"ion-ios-arrow-right\"><\/span><\/a>\n    <\/div>\n<\/div><div class=\"mkd-post-ajax-preloader\" style=\"display: none;\">\n\t<div class=\"mkd-post-ajax-preloader-inner\">\n\t    <div class=\"mkd-pulse\"><\/div>\n\t    <div class=\"mkd-pulse\"><\/div>\n\t    <div class=\"mkd-pulse\"><\/div>\n\t<\/div>\n<\/div><\/div>[\/vc_column][\/vc_row][vc_row content_width=&#8221;grid&#8221; css=&#8221;.vc_custom_1456920811505{padding-top: 20px !important;}&#8221;][vc_column offset=&#8221;vc_col-lg-9 vc_col-md-12&#8243;]<div class=\"mkd-bnl-holder mkd-pl-one-holder  mkd-post-columns-1 mkd-post-pag-infinite\"  data-base=\"mkd_post_layout_one\"  data-number_of_posts=\"3\" data-column_number=\"1\"  data-category_slug=\"food\"      data-title=\"Don&#039;t Miss\" data-pattern_style=\"light\" data-thumb_image_size=\"full\"            data-display_excerpt=\"yes\" data-excerpt_length=\"55\"  data-display_pagination=\"yes\" data-pagination_type=\"infinite\"   data-paged=\"1\"   data-next_page=\"2\"><div class=\"mkd-layout-title-holder\"><span class=\"mkd-section-title-holder clearfix mkd-pattern-light\">\n            <span class=\"mkd-st-title\">\n        Don&#039;t Miss        <\/span>\n    <\/span><\/div><div class=\"mkd-bnl-outer\"><div class=\"mkd-bnl-inner\"><div class=\"mkd-pl-one-message\"><p>No posts were found.<\/p><\/div><\/div><\/div><\/div>[\/vc_column][vc_column width=&#8221;2\/3&#8243; offset=&#8221;vc_col-lg-3 vc_col-md-8&#8243;][vc_widget_sidebar sidebar_id=&#8221;home-sidebar-top-short&#8221;][\/vc_column][\/vc_row]<\/p>\n","protected":false},"excerpt":{"rendered":"<p>[vc_row css=&#8221;.vc_custom_1457623804277{padding-top: 17px !important;}&#8221;][vc_column][\/vc_column][\/vc_row][vc_row content_width=&#8221;grid&#8221; css=&#8221;.vc_custom_1457615128133{padding-top: 40px !important;}&#8221;][vc_column][vc_empty_space height=&#8221;20px&#8221;][vc_empty_space height=&#8221;20px&#8221;][\/vc_column][\/vc_row][vc_row content_width=&#8221;grid&#8221; css=&#8221;.vc_custom_1456920811505{padding-top: 20px !important;}&#8221;][vc_column offset=&#8221;vc_col-lg-9 vc_col-md-12&#8243;][\/vc_column][vc_column width=&#8221;2\/3&#8243; offset=&#8221;vc_col-lg-3 vc_col-md-8&#8243;][vc_widget_sidebar sidebar_id=&#8221;home-sidebar-top-short&#8221;][\/vc_column][\/vc_row]<\/p>\n","protected":false},"author":1,"featured_media":0,"parent":0,"menu_order":0,"comment_status":"closed","ping_status":"closed","template":"full-width.php","meta":[],"_links":{"self":[{"href":"https:\/\/radiobanda1.com.br\/portal\/index.php?rest_route=\/wp\/v2\/pages\/1251"}],"collection":[{"href":"https:\/\/radiobanda1.com.br\/portal\/index.php?rest_route=\/wp\/v2\/pages"}],"about":[{"href":"https:\/\/radiobanda1.com.br\/portal\/index.php?rest_route=\/wp\/v2\/types\/page"}],"author":[{"embeddable":true,"href":"https:\/\/radiobanda1.com.br\/portal\/index.php?rest_route=\/wp\/v2\/users\/1"}],"replies":[{"embeddable":true,"href":"https:\/\/radiobanda1.com.br\/portal\/index.php?rest_route=%2Fwp%2Fv2%2Fcomments&post=1251"}],"version-history":[{"count":0,"href":"https:\/\/radiobanda1.com.br\/portal\/index.php?rest_route=\/wp\/v2\/pages\/1251\/revisions"}],"wp:attachment":[{"href":"https:\/\/radiobanda1.com.br\/portal\/index.php?rest_route=%2Fwp%2Fv2%2Fmedia&parent=1251"}],"curies":[{"name":"wp","href":"https:\/\/api.w.org\/{rel}","templated":true}]}}