{"id":1227,"date":"2016-03-02T09:07:34","date_gmt":"2016-03-02T09:07:34","guid":{"rendered":"http:\/\/discussion.mikado-themes.com\/?page_id=1227"},"modified":"2016-03-02T09:07:34","modified_gmt":"2016-03-02T09:07:34","slug":"blog-home","status":"publish","type":"page","link":"https:\/\/radiobanda1.com.br\/portal\/?page_id=1227","title":{"rendered":"Blog Home"},"content":{"rendered":"<p>[vc_row css=&#8221;.vc_custom_1457530718329{padding-top: 20px !important;}&#8221;][vc_column]<div class=\"mkd-bnl-holder mkd-pcs-holder  three-posts\"  data-base=\"mkd_post_carousel_swipe\"  data-carousel_layout=\"three-posts\" data-number_of_posts=\"6\"     data-post_in=\"541, 530, 495, 633, 627, 629\"  data-sort=\"featured_first\" data-custom_thumb_image_width=\"475\" data-custom_thumb_image_height=\"650\" data-title_tag=\"h3\"    data-display_category=\"yes\"    data-display_excerpt=\"yes\"      data-paged=\"1\" ><div class=\"mkd-bnl-outer\"><div class=\"mkd-pcs-message\"><p>No posts were found.<\/p><\/div><\/div><\/div>[\/vc_column][\/vc_row][vc_row content_width=&#8221;grid&#8221; css=&#8221;.vc_custom_1457519272388{padding-top: 40px !important;}&#8221;][vc_column offset=&#8221;vc_col-lg-9 vc_col-md-12&#8243;]<div class=\"mkd-bnl-holder mkd-pl-six-holder  mkd-post-columns-1 mkd-post-pag-infinite\"  data-base=\"mkd_post_layout_six\"  data-number_of_posts=\"7\" data-column_number=\"1\"      data-post_not_in=\"569, 591, 595, 597, 600, 607, 610, 618, 622, 625, 627, 629, 631, 633, 635, 638, 564\"  data-title=\"Last Week Posts\" data-pattern_style=\"light\" data-thumb_image_size=\"full\"   data-title_tag=\"h3\"     data-display_comments=\"yes\" data-display_share=\"yes\" data-display_excerpt=\"yes\" data-excerpt_length=\"55\"  data-display_pagination=\"yes\" data-pagination_type=\"infinite\"   data-paged=\"1\" data-max_pages=\"88\"  data-next_page=\"2\"><div class=\"mkd-layout-title-holder\"><span class=\"mkd-section-title-holder clearfix mkd-pattern-light\">\n            <span class=\"mkd-st-title\">\n        Last Week Posts        <\/span>\n    <\/span><\/div><div class=\"mkd-bnl-outer\"><div class=\"mkd-bnl-inner\"><div class=\"mkd-pt-six-item mkd-post-item\">\n            <div class=\"mkd-pt-six-image-holder\">\n                        <a itemprop=\"url\" class=\"mkd-pt-six-slide-link mkd-image-link\" href=\"https:\/\/radiobanda1.com.br\/portal\/?p=18413\" target=\"_self\">\n                <img width=\"700\" height=\"400\" src=\"https:\/\/radiobanda1.com.br\/portal\/wp-content\/uploads\/2026\/04\/324.jpg\" class=\"attachment-full size-full wp-post-image\" alt=\"\" loading=\"lazy\" srcset=\"https:\/\/radiobanda1.com.br\/portal\/wp-content\/uploads\/2026\/04\/324.jpg 700w, https:\/\/radiobanda1.com.br\/portal\/wp-content\/uploads\/2026\/04\/324-300x171.jpg 300w\" sizes=\"(max-width: 700px) 100vw, 700px\" \/>\t\t\t\t            <\/a>\n        <\/div>\n        <div class=\"mkd-pt-six-content-holder\">\n        <div class=\"mkd-pt-six-title-holder\">\n            <h3 class=\"mkd-pt-six-title\">\n                <a itemprop=\"url\" class=\"mkd-pt-link\" href=\"https:\/\/radiobanda1.com.br\/portal\/?p=18413\" target=\"_self\">S\u00edndrome Respirat\u00f3ria Aguda Grave aumenta em beb\u00eas at\u00e9 2 anos<\/a>\n            <\/h3>\n        <\/div>\n\t\t<div itemprop=\"dateCreated\" class=\"mkd-post-info-date entry-date updated\">\n\t\t\t<a itemprop=\"url\" href=\"https:\/\/radiobanda1.com.br\/portal\/?m=202604\">\n\t\t16 de abril de 2026\t\t\t<\/a>\n\t\t<meta itemprop=\"interactionCount\" content=\"UserComments: 0\"\/>\n<\/div>                    <div class=\"mkd-pt-one-excerpt\">\n                <p class=\"mkd-post-excerpt\">Os casos de S\u00edndrome Respirat\u00f3ria Aguda Grave (SRAG) cresceram em crian\u00e7as menores de 2 anos de idade em quatro das cinco regi\u00f5es do pa\u00eds - Norte, Nordeste, Centro-Oeste e Sudeste. \r\n\r\nDe acordo com o Boletim InfoGripe divulgado pela Funda\u00e7\u00e3o Oswaldo Cruz (Fiocruz) nesta quinta-feira (16), o aumento das hospitaliza\u00e7\u00f5es pelo v\u00edrus sincicial respirat\u00f3rio (VSR) \u00e9<\/p>            <\/div>\n            <\/div>\n\t\t\t<div class=\"mkd-pt-info-section clearfix\">\n\t\t\t<div>\n\t\t\t\t<div class=\"mkd-post-info-comments-holder\"><a class=\"mkd-post-info-comments\" href=\"https:\/\/radiobanda1.com.br\/portal\/?p=18413#respond\" target=\"_self\">0 Comments<\/a><\/div>\t\t\t<\/div>\n            <div class=\"mkd-pt-info-section-background\"><\/div>\n\t\t<\/div>\n\t<\/div><div class=\"mkd-pt-six-item mkd-post-item\">\n            <div class=\"mkd-pt-six-image-holder\">\n                        <a itemprop=\"url\" class=\"mkd-pt-six-slide-link mkd-image-link\" href=\"https:\/\/radiobanda1.com.br\/portal\/?p=18410\" target=\"_self\">\n                <img width=\"700\" height=\"400\" src=\"https:\/\/radiobanda1.com.br\/portal\/wp-content\/uploads\/2026\/04\/323.jpg\" class=\"attachment-full size-full wp-post-image\" alt=\"\" loading=\"lazy\" srcset=\"https:\/\/radiobanda1.com.br\/portal\/wp-content\/uploads\/2026\/04\/323.jpg 700w, https:\/\/radiobanda1.com.br\/portal\/wp-content\/uploads\/2026\/04\/323-300x171.jpg 300w\" sizes=\"(max-width: 700px) 100vw, 700px\" \/>\t\t\t\t            <\/a>\n        <\/div>\n        <div class=\"mkd-pt-six-content-holder\">\n        <div class=\"mkd-pt-six-title-holder\">\n            <h3 class=\"mkd-pt-six-title\">\n                <a itemprop=\"url\" class=\"mkd-pt-link\" href=\"https:\/\/radiobanda1.com.br\/portal\/?p=18410\" target=\"_self\">Anvisa pro\u00edbe canetas emagrecedoras irregulares no Brasil<\/a>\n            <\/h3>\n        <\/div>\n\t\t<div itemprop=\"dateCreated\" class=\"mkd-post-info-date entry-date updated\">\n\t\t\t<a itemprop=\"url\" href=\"https:\/\/radiobanda1.com.br\/portal\/?m=202604\">\n\t\t16 de abril de 2026\t\t\t<\/a>\n\t\t<meta itemprop=\"interactionCount\" content=\"UserComments: 0\"\/>\n<\/div>                    <div class=\"mkd-pt-one-excerpt\">\n                <p class=\"mkd-post-excerpt\">A Ag\u00eancia Nacional de Vigil\u00e2ncia Sanit\u00e1ria (Anvisa) determinou a apreens\u00e3o dos medicamentos Gluconex e Tirzedral, produzidos por empresa n\u00e3o identificada. A medida tamb\u00e9m pro\u00edbe a comercializa\u00e7\u00e3o, a distribui\u00e7\u00e3o, a importa\u00e7\u00e3o e o uso dos produtos. \r\n\r\n\u201cAmplamente divulgados na internet e vendidos como medicamentos injet\u00e1veis de GLP-1, os produtos s\u00e3o conhecidos popularmente como canetas emagrecedoras, mas<\/p>            <\/div>\n            <\/div>\n\t\t\t<div class=\"mkd-pt-info-section clearfix\">\n\t\t\t<div>\n\t\t\t\t<div class=\"mkd-post-info-comments-holder\"><a class=\"mkd-post-info-comments\" href=\"https:\/\/radiobanda1.com.br\/portal\/?p=18410#respond\" target=\"_self\">0 Comments<\/a><\/div>\t\t\t<\/div>\n            <div class=\"mkd-pt-info-section-background\"><\/div>\n\t\t<\/div>\n\t<\/div><div class=\"mkd-pt-six-item mkd-post-item\">\n            <div class=\"mkd-pt-six-image-holder\">\n                        <a itemprop=\"url\" class=\"mkd-pt-six-slide-link mkd-image-link\" href=\"https:\/\/radiobanda1.com.br\/portal\/?p=18407\" target=\"_self\">\n                <img width=\"700\" height=\"400\" src=\"https:\/\/radiobanda1.com.br\/portal\/wp-content\/uploads\/2026\/04\/322.jpg\" class=\"attachment-full size-full wp-post-image\" alt=\"\" loading=\"lazy\" srcset=\"https:\/\/radiobanda1.com.br\/portal\/wp-content\/uploads\/2026\/04\/322.jpg 700w, https:\/\/radiobanda1.com.br\/portal\/wp-content\/uploads\/2026\/04\/322-300x171.jpg 300w\" sizes=\"(max-width: 700px) 100vw, 700px\" \/>\t\t\t\t            <\/a>\n        <\/div>\n        <div class=\"mkd-pt-six-content-holder\">\n        <div class=\"mkd-pt-six-title-holder\">\n            <h3 class=\"mkd-pt-six-title\">\n                <a itemprop=\"url\" class=\"mkd-pt-link\" href=\"https:\/\/radiobanda1.com.br\/portal\/?p=18407\" target=\"_self\">Aposentados e pensionistas do INSS podem consultar antecipa\u00e7\u00e3o do 13\u00ba<\/a>\n            <\/h3>\n        <\/div>\n\t\t<div itemprop=\"dateCreated\" class=\"mkd-post-info-date entry-date updated\">\n\t\t\t<a itemprop=\"url\" href=\"https:\/\/radiobanda1.com.br\/portal\/?m=202604\">\n\t\t16 de abril de 2026\t\t\t<\/a>\n\t\t<meta itemprop=\"interactionCount\" content=\"UserComments: 0\"\/>\n<\/div>                    <div class=\"mkd-pt-one-excerpt\">\n                <p class=\"mkd-post-excerpt\">Cerca de 35,2 milh\u00f5es de aposentados, pensionistas e benefici\u00e1rios de aux\u00edlios do Instituto Nacional do Seguro Social (INSS) j\u00e1 podem consultar a antecipa\u00e7\u00e3o do d\u00e9cimo terceiro. A consulta pode ser feita no aplicativo Meu INSS, dispon\u00edvel para celulares e tablets, ou no site gov.br\/meuinss.\r\n\r\nCom a previs\u00e3o de injetar R$ 78,2 bilh\u00f5es na economia, a antecipa\u00e7\u00e3o<\/p>            <\/div>\n            <\/div>\n\t\t\t<div class=\"mkd-pt-info-section clearfix\">\n\t\t\t<div>\n\t\t\t\t<div class=\"mkd-post-info-comments-holder\"><a class=\"mkd-post-info-comments\" href=\"https:\/\/radiobanda1.com.br\/portal\/?p=18407#respond\" target=\"_self\">0 Comments<\/a><\/div>\t\t\t<\/div>\n            <div class=\"mkd-pt-info-section-background\"><\/div>\n\t\t<\/div>\n\t<\/div><div class=\"mkd-pt-six-item mkd-post-item\">\n            <div class=\"mkd-pt-six-image-holder\">\n                        <a itemprop=\"url\" class=\"mkd-pt-six-slide-link mkd-image-link\" href=\"https:\/\/radiobanda1.com.br\/portal\/?p=18404\" target=\"_self\">\n                <img width=\"700\" height=\"400\" src=\"https:\/\/radiobanda1.com.br\/portal\/wp-content\/uploads\/2026\/04\/321.jpg\" class=\"attachment-full size-full wp-post-image\" alt=\"\" loading=\"lazy\" srcset=\"https:\/\/radiobanda1.com.br\/portal\/wp-content\/uploads\/2026\/04\/321.jpg 700w, https:\/\/radiobanda1.com.br\/portal\/wp-content\/uploads\/2026\/04\/321-300x171.jpg 300w\" sizes=\"(max-width: 700px) 100vw, 700px\" \/>\t\t\t\t            <\/a>\n        <\/div>\n        <div class=\"mkd-pt-six-content-holder\">\n        <div class=\"mkd-pt-six-title-holder\">\n            <h3 class=\"mkd-pt-six-title\">\n                <a itemprop=\"url\" class=\"mkd-pt-link\" href=\"https:\/\/radiobanda1.com.br\/portal\/?p=18404\" target=\"_self\">Governo prop\u00f5e sal\u00e1rio m\u00ednimo de R$ 1.717 em 2027<\/a>\n            <\/h3>\n        <\/div>\n\t\t<div itemprop=\"dateCreated\" class=\"mkd-post-info-date entry-date updated\">\n\t\t\t<a itemprop=\"url\" href=\"https:\/\/radiobanda1.com.br\/portal\/?m=202604\">\n\t\t16 de abril de 2026\t\t\t<\/a>\n\t\t<meta itemprop=\"interactionCount\" content=\"UserComments: 0\"\/>\n<\/div>                    <div class=\"mkd-pt-one-excerpt\">\n                <p class=\"mkd-post-excerpt\">O governo federal prop\u00f4s um sal\u00e1rio m\u00ednimo de R$ 1.717 para o ano que vem, com aumento nominal de 5,92%. O valor consta do Projeto da Lei de Diretrizes Or\u00e7ament\u00e1rias (PLDO) de 2027, enviado nesta quarta-feira (15) ao Congresso Nacional.\r\n\r\nO reajuste segue a proje\u00e7\u00e3o de 3,06% para o \u00cdndice Nacional de Pre\u00e7os ao Consumidor (INPC)<\/p>            <\/div>\n            <\/div>\n\t\t\t<div class=\"mkd-pt-info-section clearfix\">\n\t\t\t<div>\n\t\t\t\t<div class=\"mkd-post-info-comments-holder\"><a class=\"mkd-post-info-comments\" href=\"https:\/\/radiobanda1.com.br\/portal\/?p=18404#respond\" target=\"_self\">0 Comments<\/a><\/div>\t\t\t<\/div>\n            <div class=\"mkd-pt-info-section-background\"><\/div>\n\t\t<\/div>\n\t<\/div><div class=\"mkd-pt-six-item mkd-post-item\">\n            <div class=\"mkd-pt-six-image-holder\">\n                        <a itemprop=\"url\" class=\"mkd-pt-six-slide-link mkd-image-link\" href=\"https:\/\/radiobanda1.com.br\/portal\/?p=18401\" target=\"_self\">\n                <img width=\"700\" height=\"400\" src=\"https:\/\/radiobanda1.com.br\/portal\/wp-content\/uploads\/2026\/04\/320.jpg\" class=\"attachment-full size-full wp-post-image\" alt=\"\" loading=\"lazy\" srcset=\"https:\/\/radiobanda1.com.br\/portal\/wp-content\/uploads\/2026\/04\/320.jpg 700w, https:\/\/radiobanda1.com.br\/portal\/wp-content\/uploads\/2026\/04\/320-300x171.jpg 300w\" sizes=\"(max-width: 700px) 100vw, 700px\" \/>\t\t\t\t            <\/a>\n        <\/div>\n        <div class=\"mkd-pt-six-content-holder\">\n        <div class=\"mkd-pt-six-title-holder\">\n            <h3 class=\"mkd-pt-six-title\">\n                <a itemprop=\"url\" class=\"mkd-pt-link\" href=\"https:\/\/radiobanda1.com.br\/portal\/?p=18401\" target=\"_self\">Receita recebeu mais de 11 milh\u00f5es de declara\u00e7\u00f5es de Imposto de Renda<\/a>\n            <\/h3>\n        <\/div>\n\t\t<div itemprop=\"dateCreated\" class=\"mkd-post-info-date entry-date updated\">\n\t\t\t<a itemprop=\"url\" href=\"https:\/\/radiobanda1.com.br\/portal\/?m=202604\">\n\t\t16 de abril de 2026\t\t\t<\/a>\n\t\t<meta itemprop=\"interactionCount\" content=\"UserComments: 0\"\/>\n<\/div>                    <div class=\"mkd-pt-one-excerpt\">\n                <p class=\"mkd-post-excerpt\">A Receita Federal informou nesta quarta-feira (15) que j\u00e1 recebeu mais de 11 milh\u00f5es de declara\u00e7\u00f5es de Imposto de Renda, das quais mais de 60% foram pr\u00e9-preenchidas.\r\n\r\nOs dados s\u00e3o at\u00e9 o dia 13 de abril e, segundo a Receita, mostram um recorde de velocidade de entrega em rela\u00e7\u00e3o aos anos anteriores. A Receita disse ainda<\/p>            <\/div>\n            <\/div>\n\t\t\t<div class=\"mkd-pt-info-section clearfix\">\n\t\t\t<div>\n\t\t\t\t<div class=\"mkd-post-info-comments-holder\"><a class=\"mkd-post-info-comments\" href=\"https:\/\/radiobanda1.com.br\/portal\/?p=18401#respond\" target=\"_self\">0 Comments<\/a><\/div>\t\t\t<\/div>\n            <div class=\"mkd-pt-info-section-background\"><\/div>\n\t\t<\/div>\n\t<\/div><div class=\"mkd-pt-six-item mkd-post-item\">\n            <div class=\"mkd-pt-six-image-holder\">\n                        <a itemprop=\"url\" class=\"mkd-pt-six-slide-link mkd-image-link\" href=\"https:\/\/radiobanda1.com.br\/portal\/?p=18397\" target=\"_self\">\n                <img width=\"700\" height=\"400\" src=\"https:\/\/radiobanda1.com.br\/portal\/wp-content\/uploads\/2026\/04\/319.jpg\" class=\"attachment-full size-full wp-post-image\" alt=\"\" loading=\"lazy\" srcset=\"https:\/\/radiobanda1.com.br\/portal\/wp-content\/uploads\/2026\/04\/319.jpg 700w, https:\/\/radiobanda1.com.br\/portal\/wp-content\/uploads\/2026\/04\/319-300x171.jpg 300w\" sizes=\"(max-width: 700px) 100vw, 700px\" \/>\t\t\t\t            <\/a>\n        <\/div>\n        <div class=\"mkd-pt-six-content-holder\">\n        <div class=\"mkd-pt-six-title-holder\">\n            <h3 class=\"mkd-pt-six-title\">\n                <a itemprop=\"url\" class=\"mkd-pt-link\" href=\"https:\/\/radiobanda1.com.br\/portal\/?p=18397\" target=\"_self\">Com\u00e9rcio do Paran\u00e1 teve maior crescimento do Brasil em fevereiro, com alta de 2,9%<\/a>\n            <\/h3>\n        <\/div>\n\t\t<div itemprop=\"dateCreated\" class=\"mkd-post-info-date entry-date updated\">\n\t\t\t<a itemprop=\"url\" href=\"https:\/\/radiobanda1.com.br\/portal\/?m=202604\">\n\t\t15 de abril de 2026\t\t\t<\/a>\n\t\t<meta itemprop=\"interactionCount\" content=\"UserComments: 0\"\/>\n<\/div>                    <div class=\"mkd-pt-one-excerpt\">\n                <p class=\"mkd-post-excerpt\">O Instituto Brasileiro de Geografia e Estat\u00edstica (IBGE) divulgou nesta quarta-feira (15) a Pesquisa Mensal de Com\u00e9rcio (PMC), que aponta o Paran\u00e1 como l\u00edder nacional no crescimento do volume de vendas do com\u00e9rcio varejista. Em fevereiro, o Estado registrou alta de 2,9% em rela\u00e7\u00e3o a janeiro, desempenho quase cinco vezes superior \u00e0 m\u00e9dia nacional, que<\/p>            <\/div>\n            <\/div>\n\t\t\t<div class=\"mkd-pt-info-section clearfix\">\n\t\t\t<div>\n\t\t\t\t<div class=\"mkd-post-info-comments-holder\"><a class=\"mkd-post-info-comments\" href=\"https:\/\/radiobanda1.com.br\/portal\/?p=18397#respond\" target=\"_self\">0 Comments<\/a><\/div>\t\t\t<\/div>\n            <div class=\"mkd-pt-info-section-background\"><\/div>\n\t\t<\/div>\n\t<\/div><div class=\"mkd-pt-six-item mkd-post-item\">\n            <div class=\"mkd-pt-six-image-holder\">\n                        <a itemprop=\"url\" class=\"mkd-pt-six-slide-link mkd-image-link\" href=\"https:\/\/radiobanda1.com.br\/portal\/?p=18394\" target=\"_self\">\n                <img width=\"700\" height=\"400\" src=\"https:\/\/radiobanda1.com.br\/portal\/wp-content\/uploads\/2026\/04\/318.jpg\" class=\"attachment-full size-full wp-post-image\" alt=\"\" loading=\"lazy\" srcset=\"https:\/\/radiobanda1.com.br\/portal\/wp-content\/uploads\/2026\/04\/318.jpg 700w, https:\/\/radiobanda1.com.br\/portal\/wp-content\/uploads\/2026\/04\/318-300x171.jpg 300w\" sizes=\"(max-width: 700px) 100vw, 700px\" \/>\t\t\t\t            <\/a>\n        <\/div>\n        <div class=\"mkd-pt-six-content-holder\">\n        <div class=\"mkd-pt-six-title-holder\">\n            <h3 class=\"mkd-pt-six-title\">\n                <a itemprop=\"url\" class=\"mkd-pt-link\" href=\"https:\/\/radiobanda1.com.br\/portal\/?p=18394\" target=\"_self\">Lula envia ao Congresso projeto de lei pelo fim da escala 6&#215;1<\/a>\n            <\/h3>\n        <\/div>\n\t\t<div itemprop=\"dateCreated\" class=\"mkd-post-info-date entry-date updated\">\n\t\t\t<a itemprop=\"url\" href=\"https:\/\/radiobanda1.com.br\/portal\/?m=202604\">\n\t\t15 de abril de 2026\t\t\t<\/a>\n\t\t<meta itemprop=\"interactionCount\" content=\"UserComments: 0\"\/>\n<\/div>                    <div class=\"mkd-pt-one-excerpt\">\n                <p class=\"mkd-post-excerpt\">O presidente Luiz In\u00e1cio Lula da Silva enviou ao Congresso Nacional, na noite desta ter\u00e7a-feira (14), o projeto de lei que prev\u00ea o fim com a escala de seis dias trabalhados para um de descanso (6x1), e reduz a jornada de trabalho para, no m\u00e1ximo, 40 horas semanais.\r\n\r\nA medida foi publicada em edi\u00e7\u00e3o extra do<\/p>            <\/div>\n            <\/div>\n\t\t\t<div class=\"mkd-pt-info-section clearfix\">\n\t\t\t<div>\n\t\t\t\t<div class=\"mkd-post-info-comments-holder\"><a class=\"mkd-post-info-comments\" href=\"https:\/\/radiobanda1.com.br\/portal\/?p=18394#respond\" target=\"_self\">0 Comments<\/a><\/div>\t\t\t<\/div>\n            <div class=\"mkd-pt-info-section-background\"><\/div>\n\t\t<\/div>\n\t<\/div><\/div><\/div><\/div>[vc_empty_space height=&#8221;20px&#8221;][\/vc_column][vc_column width=&#8221;2\/3&#8243; offset=&#8221;vc_col-lg-3 vc_col-md-8&#8243;][vc_widget_sidebar sidebar_id=&#8221;home-sidebar-top&#8221;][\/vc_column][\/vc_row]<\/p>\n","protected":false},"excerpt":{"rendered":"<p>[vc_row css=&#8221;.vc_custom_1457530718329{padding-top: 20px !important;}&#8221;][vc_column][\/vc_column][\/vc_row][vc_row content_width=&#8221;grid&#8221; css=&#8221;.vc_custom_1457519272388{padding-top: 40px !important;}&#8221;][vc_column offset=&#8221;vc_col-lg-9 vc_col-md-12&#8243;][vc_empty_space height=&#8221;20px&#8221;][\/vc_column][vc_column width=&#8221;2\/3&#8243; offset=&#8221;vc_col-lg-3 vc_col-md-8&#8243;][vc_widget_sidebar sidebar_id=&#8221;home-sidebar-top&#8221;][\/vc_column][\/vc_row]<\/p>\n","protected":false},"author":1,"featured_media":0,"parent":0,"menu_order":0,"comment_status":"closed","ping_status":"closed","template":"","meta":[],"_links":{"self":[{"href":"https:\/\/radiobanda1.com.br\/portal\/index.php?rest_route=\/wp\/v2\/pages\/1227"}],"collection":[{"href":"https:\/\/radiobanda1.com.br\/portal\/index.php?rest_route=\/wp\/v2\/pages"}],"about":[{"href":"https:\/\/radiobanda1.com.br\/portal\/index.php?rest_route=\/wp\/v2\/types\/page"}],"author":[{"embeddable":true,"href":"https:\/\/radiobanda1.com.br\/portal\/index.php?rest_route=\/wp\/v2\/users\/1"}],"replies":[{"embeddable":true,"href":"https:\/\/radiobanda1.com.br\/portal\/index.php?rest_route=%2Fwp%2Fv2%2Fcomments&post=1227"}],"version-history":[{"count":0,"href":"https:\/\/radiobanda1.com.br\/portal\/index.php?rest_route=\/wp\/v2\/pages\/1227\/revisions"}],"wp:attachment":[{"href":"https:\/\/radiobanda1.com.br\/portal\/index.php?rest_route=%2Fwp%2Fv2%2Fmedia&parent=1227"}],"curies":[{"name":"wp","href":"https:\/\/api.w.org\/{rel}","templated":true}]}}